
{"id":920,"date":"2009-09-21T09:40:43","date_gmt":"2009-09-21T07:40:43","guid":{"rendered":"http:\/\/www.hahem.co.il\/trueandshocking\/?page_id=920"},"modified":"2010-01-19T11:00:47","modified_gmt":"2010-01-19T09:00:47","slug":"%d7%94%d7%a1%d7%a4%d7%a8%d7%99%d7%94","status":"publish","type":"page","link":"https:\/\/www.hahem.co.il\/trueandshocking\/?page_id=920","title":{"rendered":"\u00d7\u201d\u00d7\u00a1\u00d7\u00a4\u00d7\u00a8\u00d7\u2122\u00d7\u2122\u00d7\u201d \u00d7\u00a9\u00d7\u0153 \u00d7\u201d\u00d7\u201d\u00d7\u009d"},"content":{"rendered":"<div id=\"ShelfariWidget110744\">\n<p><a href=\"http:\/\/www.shelfari.com\/\">Shelfari: Book reviews on your book blog<\/a><\/p>\n<p><\/p>\n<p><strong>\u00d7\u201d\u00d7\u00a8\u00d7\u00a9\u00d7\u2122\u00d7\u017e\u00d7\u201d \u00d7\u201d\u00d7\u017e\u00d7\u0153\u00d7\u0090\u00d7\u201d<\/strong><\/p>\n<ul>\n<li>\u00d7\u0090\u00d7\u201c\u00d7\u009d \u00d7\u2018\u00d7\u0153\u00d7\u0090 \u00d7\u201c\u00d7\u2022\u00d7\u00a4\u00d7\u2122 &#8211; \u00d7\u203a\u00d7\u00a8\u00d7\u2122\u00d7\u00a1\u00d7\u02dc\u00d7\u2122\u00d7\u0090\u00d7\u0178 \u00d7\u00a4\u00d7\u2022\u00d7\u0178 \u00d7\u201c\u00d7\u2122\u00d7\u02dc\u00d7\u00a4\u00d7\u2022\u00d7\u00a8\u00d7\u02dc &#8211; \u00d7\u02dc\u00d7\u2022\u00d7\u2018\u00d7\u2122<\/li>\n<li>\u00d7\u0090\u00d7\u00a8\u00d7\u00a5 \u00d7\u00a4\u00d7\u00a8\u00d7\u2022\u00d7\u017e\u00d7\u201d &#8211; \u00d7\u203a\u00d7\u00a8\u00d7\u2122\u00d7\u00a1\u00d7\u02dc\u00d7\u2122\u00d7\u0090\u00d7\u0178 \u00d7\u00a7\u00d7\u00a8\u00d7\u0090\u00d7\u203a\u00d7\u02dc &#8211; \u00d7\u0090\u00d7\u2014\u00d7\u2022\u00d7\u2013\u00d7\u00aa \u00d7\u2018\u00d7\u2122\u00d7\u00aa<\/li>\n<li>\u00d7\u203a\u00d7\u0153\u00d7\u0090 \u00d7\u201d\u00d7\u017e\u00d7\u00a9\u00d7\u0090\u00d7\u0153\u00d7\u2022\u00d7\u00aa &#8211; \u00d7\u00a1\u00d7\u009d \u00d7\u00a9. \u00d7\u00a8\u00d7\u00a7\u00d7\u2022\u00d7\u2018\u00d7\u00a8 &#8211; \u00d7\u203a\u00d7\u00a8\u00d7\u017e\u00d7\u0153<\/li>\n<li>\u00d7\u201d\u00d7\u203a\u00d7\u00aa\u00d7\u2022\u00d7\u2018\u00d7\u2122\u00d7\u009d \u00d7\u201d\u00d7\u00a1\u00d7\u2022\u00d7\u201c\u00d7\u2122\u00d7\u2122\u00d7\u009d &#8211; \u00d7\u00a1\u00d7\u2018\u00d7\u00a1\u00d7\u02dc\u00d7\u2122\u00d7\u0090\u00d7\u0178 \u00d7\u2018\u00d7\u0090\u00d7\u00a8\u00d7\u2122 &#8211; \u00d7\u0090\u00d7\u2014\u00d7\u2022\u00d7\u2013\u00d7\u00aa \u00d7\u2018\u00d7\u2122\u00d7\u00aa<\/li>\n<li><a href=\"http:\/\/www.magnespress.co.il\/website\/index.asp?category=74&amp;id=3143\">\u00d7\u017e\u00d7\u2022\u00d7\u00a1\u00d7\u00a8 \u00d7\u201d\u00d7\u0153\u00d7\u203a\u00d7\u201d \u00d7\u0153\u00d7\u017e\u00d7\u00a2\u00d7\u00a9\u00d7\u201d &#8211; \u00d7\u00a4\u00d7\u2122\u00d7\u02dc\u00d7\u00a8 \u00d7\u00a1\u00d7\u2122\u00d7\u00a0\u00d7\u2019\u00d7\u00a8 &#8211; \u00d7\u201d\u00d7\u2022\u00d7\u00a6\u00d7\u0090\u00d7\u00aa \u00d7\u017e\u00d7\u0090\u00d7\u2019\u00d7\u00a0\u00d7\u00a1<\/a><\/li>\n<li>\u00d7\u02dc\u00d7\u2018\u00d7\u00a2\u00d7\u2022\u00d7\u00aa \u00d7\u00a9\u00d7\u2018\u00d7\u00aa\u00d7\u0090\u00d7\u2122 &#8211; <span dir=\"rtl\">\u00d7\u2022\u00d7\u2022. \u00d7\u2019. \u00d7\u2013\u00d7\u2018\u00d7\u0090\u00d7\u0153\u00d7\u201c &#8211; \u00d7\u201d\u00d7\u2022\u00d7\u00a6\u00d7\u0090\u00d7\u00aa \u00d7\u203a\u00d7\u00aa\u00d7\u00a8<br \/>\n    <\/span><\/li>\n<li>\u00d7\u02dc\u00d7\u2018\u00d7\u2122\u00d7\u201d \u00d7\u201d\u00d7\u2014\u00d7\u2022\u00d7\u0153\u00d7\u2018 &#8211; \u00d7\u00a9\u00d7\u0153\u00d7\u2022\u00d7\u009d \u00d7\u00a2\u00d7\u0153\u00d7\u2122\u00d7\u203a\u00d7\u009d &#8211; \u00d7\u201d\u00d7\u2022\u00d7\u00a6\u00d7\u0090\u00d7\u00aa \u00d7\u203a\u00d7\u00aa\u00d7\u00a8<\/li>\n<li>\u00d7\u00a4\u00d7\u00a8\u00d7\u00a7\u00d7\u0153\u00d7\u2122\u00d7\u02dc \u00d7\u0090\u00d7\u00a0\u00d7\u2022\u00d7\u00a0\u00d7\u2122\u00d7\u017e\u00d7\u2122 &#8211; \u00d7\u2019&acute;\u00d7\u00a8\u00d7\u017e\u00d7\u2122 \u00d7\u2018\u00d7\u0153\u00d7\u00a7\u00d7\u017e\u00d7\u0178 &#8211; \u00d7\u201d\u00d7\u2022\u00d7\u00a6\u00d7\u0090\u00d7\u00aa \u00d7\u203a\u00d7\u00aa\u00d7\u00a8<\/li>\n<li>\u00d7\u017e\u00d7\u2022\u00d7\u00a9\u00d7\u0153\u00d7\u009d &#8211; \u00d7\u00a8\u00d7\u2014\u00d7\u0153 \u00d7\u02dc\u00d7\u0153\u00d7\u00a9\u00d7\u2122\u00d7\u00a8 &#8211; \u00d7\u201d\u00d7\u2022\u00d7\u00a6\u00d7\u00a2\u00d7\u00aa \u00d7\u00a2\u00d7\u009d \u00d7\u00a2\u00d7\u2022\u00d7\u2018\u00d7\u201c<\/li>\n<li>\u00d7\u2014\u00d7\u017e\u00d7\u00a0\u00d7\u2122\u00d7\u2022\u00d7\u00aa \u00d7\u00a2\u00d7\u2122\u00d7\u2022\u00d7\u2022\u00d7\u00a8\u00d7\u2022\u00d7\u00aa &#8211; \u00d7\u0090\u00d7\u0153\u00d7\u2018\u00d7\u00a8\u00d7\u02dc\u00d7\u2022 \u00d7\u017e\u00d7\u00a0\u00d7\u201c\u00d7\u00a1 &#8211; \u00d7\u201d\u00d7\u2022\u00d7\u00a6\u00d7\u0090\u00d7\u00aa \u00d7\u00a2\u00d7\u009d \u00d7\u00a2\u00d7\u2022\u00d7\u2018\u00d7\u201c<\/li>\n<li>\u00d7\u00a0\u00d7\u00a2\u00d7\u00a8\u00d7\u201d &#8211; \u00d7\u0090\u00d7\u0153\u00d7\u2022\u00d7\u00a0\u00d7\u201d \u00d7\u00a4\u00d7\u00a8\u00d7\u00a0\u00d7\u00a7\u00d7\u0153 &#8211; \u00d7\u201d\u00d7\u2022\u00d7\u00a6\u00d7\u0090\u00d7\u00aa \u00d7\u2014\u00d7\u00a8\u00d7\u2019\u00d7\u2022\u00d7\u0153<\/li>\n<li>\u00d7\u00a9\u00d7\u0153\u00d7\u2022\u00d7\u009d \u00d7\u0153\u00d7\u0161, \u00d7\u00a2\u00d7\u00a6\u00d7\u2018\u00d7\u2022\u00d7\u00aa&nbsp; &#8211; \u00d7\u00a4\u00d7\u00a8\u00d7\u00a0\u00d7\u00a1\u00d7\u2022\u00d7\u0090\u00d7\u2013 \u00d7\u00a1\u00d7\u2019\u00d7\u0090\u00d7\u0178 &#8211; \u00d7\u0090\u00d7\u2014\u00d7\u2022\u00d7\u2013\u00d7\u00aa \u00d7\u2018\u00d7\u2122\u00d7\u00aa<\/li>\n<li>\u00d7\u2122\u00d7\u00a9 \u00d7\u201d\u00d7\u017e\u00d7\u00a2\u00d7\u201c\u00d7\u2122\u00d7\u00a4\u00d7\u2122\u00d7\u009d \u00d7\u00a1\u00d7\u00a8\u00d7\u00a4\u00d7\u201c\u00d7\u2122\u00d7\u009d &#8211; \u00d7\u2019'\u00d7\u2022\u00d7\u0090\u00d7\u00a0\u00d7\u2122\u00d7\u00a6'\u00d7\u2122\u00d7\u00a8\u00d7\u2022 \u00d7\u02dc\u00d7\u00a0\u00d7\u2122\u00d7\u2013\u00d7\u00a7\u00d7\u2122 &#8211; \u00d7\u201d\u00d7\u2022\u00d7\u00a6\u00d7\u0090\u00d7\u00aa \u00d7\u017e\u00d7\u2022\u00d7\u201c\u00d7\u0178<\/li>\n<li>\u00d7\u017e\u00d7\u00a7\u00d7\u201d\u00d7\u0153\u00d7\u00aa \u00d7\u201d\u00d7\u00a2\u00d7\u00a6\u00d7\u2122\u00d7\u009d &#8211; \u00d7\u201c\u00d7\u2022\u00d7\u00a0\u00d7\u0153\u00d7\u201c \u00d7\u201d\u00d7\u00a8\u00d7\u2122\u00d7\u00a0\u00d7\u2019\u00d7\u02dc\u00d7\u2022\u00d7\u0178 &#8211; \u00d7\u201d\u00d7\u2022\u00d7\u00a6\u00d7\u0090\u00d7\u00aa \u00d7\u02dc\u00d7\u2022\u00d7\u2018\u00d7\u2122<\/li>\n<li>\u00d7\u2014\u00d7\u0153\u00d7\u2022\u00d7\u00a5, \u00d7\u00a2\u00d7\u2018\u00d7\u2022\u00d7\u201c\u00d7\u201d, \u00d7\u017e\u00d7\u00a6\u00d7\u0153\u00d7\u017e\u00d7\u201d &#8211; \u00d7\u0090\u00d7\u00a8\u00d7\u2122\u00d7\u0090\u00d7\u0153 \u00d7\u0153 \u00d7\u00a4\u00d7\u0153\u00d7\u201c\u00d7\u00a9\u00d7\u02dc\u00d7\u2122\u00d7\u2122\u00d7\u0178 &#8211; \u00d7\u201d\u00d7\u2022\u00d7\u00a6\u00d7\u0090\u00d7\u00aa \u00d7\u00a2\u00d7\u009d \u00d7\u00a2\u00d7\u2022\u00d7\u2018\u00d7\u201c<\/li>\n<li>\u00d7\u00a2\u00d7\u2022\u00d7\u0153\u00d7\u009d \u00d7\u0153\u00d7\u0153\u00d7\u0090 \u00d7\u00a2\u00d7\u2022\u00d7\u00a0\u00d7\u2122 &#8211; \u00d7\u017e\u00d7\u2022\u00d7\u2014\u00d7\u017e\u00d7\u201c \u00d7\u2122\u00d7\u2022\u00d7\u00a0\u00d7\u2022\u00d7\u00a1 &#8211; \u00d7\u201d\u00d7\u2022\u00d7\u00a6\u00d7\u0090\u00d7\u00aa \u00d7\u0090\u00d7\u2014\u00d7\u2022\u00d7\u2013\u00d7\u00aa \u00d7\u2018\u00d7\u2122\u00d7\u00aa<\/li>\n<li>\u00d7\u201d\u00d7\u017e\u00d7\u00a9\u00d7\u2014\u00d7\u00a7 \u00d7\u201d\u00d7\u0090\u00d7\u201d\u00d7\u2022\u00d7\u2018 &#8211; \u00d7\u0153\u00d7\u0090\u00d7\u2022\u00d7\u00a0\u00d7\u00a8\u00d7\u201c \u00d7\u203a\u00d7\u201d\u00d7\u0178 &#8211; \u00d7\u201d\u00d7\u2022\u00d7\u00a6\u00d7\u0090\u00d7\u00aa \u00d7\u2014\u00d7\u00a8\u00d7\u2019\u00d7\u2022\u00d7\u0153<\/li>\n<\/ul>\n<\/div>\n<p>&nbsp;<\/p>\n","protected":false},"excerpt":{"rendered":"<p>Shelfari: Book reviews on your book blog \u00d7\u201d\u00d7\u00a8\u00d7\u00a9\u00d7\u2122\u00d7\u017e\u00d7\u201d \u00d7\u201d\u00d7\u017e\u00d7\u0153\u00d7\u0090\u00d7\u201d \u00d7\u0090\u00d7\u201c\u00d7\u009d \u00d7\u2018\u00d7\u0153\u00d7\u0090 \u00d7\u201c\u00d7\u2022\u00d7\u00a4\u00d7\u2122 &#8211; \u00d7\u203a\u00d7\u00a8\u00d7\u2122\u00d7\u00a1\u00d7\u02dc\u00d7\u2122\u00d7\u0090\u00d7\u0178 \u00d7\u00a4\u00d7\u2022\u00d7\u0178 \u00d7\u201c\u00d7\u2122\u00d7\u02dc\u00d7\u00a4\u00d7\u2022\u00d7\u00a8\u00d7\u02dc &#8211; \u00d7\u02dc\u00d7\u2022\u00d7\u2018\u00d7\u2122 \u00d7\u0090\u00d7\u00a8\u00d7\u00a5 \u00d7\u00a4\u00d7\u00a8\u00d7\u2022\u00d7\u017e\u00d7\u201d &#8211; \u00d7\u203a\u00d7\u00a8\u00d7\u2122\u00d7\u00a1\u00d7\u02dc\u00d7\u2122\u00d7\u0090\u00d7\u0178 \u00d7\u00a7\u00d7\u00a8\u00d7\u0090\u00d7\u203a\u00d7\u02dc &#8211; \u00d7\u0090\u00d7\u2014\u00d7\u2022\u00d7\u2013\u00d7\u00aa \u00d7\u2018\u00d7\u2122\u00d7\u00aa \u00d7\u203a\u00d7\u0153\u00d7\u0090 \u00d7\u201d\u00d7\u017e\u00d7\u00a9\u00d7\u0090\u00d7\u0153\u00d7\u2022\u00d7\u00aa &#8211; \u00d7\u00a1\u00d7\u009d \u00d7\u00a9. \u00d7\u00a8\u00d7\u00a7\u00d7\u2022\u00d7\u2018\u00d7\u00a8 &#8211; \u00d7\u203a\u00d7\u00a8\u00d7\u017e\u00d7\u0153 \u00d7\u201d\u00d7\u203a\u00d7\u00aa\u00d7\u2022\u00d7\u2018\u00d7\u2122\u00d7\u009d \u00d7\u201d\u00d7\u00a1\u00d7\u2022\u00d7\u201c\u00d7\u2122\u00d7\u2122\u00d7\u009d &#8211; \u00d7\u00a1\u00d7\u2018\u00d7\u00a1\u00d7\u02dc\u00d7\u2122\u00d7\u0090\u00d7\u0178 \u00d7\u2018\u00d7\u0090\u00d7\u00a8\u00d7\u2122 &#8211; \u00d7\u0090\u00d7\u2014\u00d7\u2022\u00d7\u2013\u00d7\u00aa \u00d7\u2018\u00d7\u2122\u00d7\u00aa \u00d7\u017e\u00d7\u2022\u00d7\u00a1\u00d7\u00a8 \u00d7\u201d\u00d7\u0153\u00d7\u203a\u00d7\u201d \u00d7\u0153\u00d7\u017e\u00d7\u00a2\u00d7\u00a9\u00d7\u201d &#8211; \u00d7\u00a4\u00d7\u2122\u00d7\u02dc\u00d7\u00a8 \u00d7\u00a1\u00d7\u2122\u00d7\u00a0\u00d7\u2019\u00d7\u00a8 &#8211; \u00d7\u201d\u00d7\u2022\u00d7\u00a6\u00d7\u0090\u00d7\u00aa \u00d7\u017e\u00d7\u0090\u00d7\u2019\u00d7\u00a0\u00d7\u00a1 \u00d7\u02dc\u00d7\u2018\u00d7\u00a2\u00d7\u2022\u00d7\u00aa \u00d7\u00a9\u00d7\u2018\u00d7\u00aa\u00d7\u0090\u00d7\u2122 &#8211; \u00d7\u2022\u00d7\u2022. &hellip; <a href=\"https:\/\/www.hahem.co.il\/trueandshocking\/?page_id=920\" class=\"more-link\">\u05dc\u05d4\u05de\u05e9\u05d9\u05da \u05dc\u05e7\u05e8\u05d5\u05d0 <span class=\"screen-reader-text\">\u00d7\u201d\u00d7\u00a1\u00d7\u00a4\u00d7\u00a8\u00d7\u2122\u00d7\u2122\u00d7\u201d \u00d7\u00a9\u00d7\u0153 \u00d7\u201d\u00d7\u201d\u00d7\u009d<\/span> <span class=\"meta-nav\">&larr;<\/span><\/a><\/p>\n","protected":false},"author":2,"featured_media":0,"parent":0,"menu_order":0,"comment_status":"open","ping_status":"open","template":"","meta":{"footnotes":""},"class_list":["post-920","page","type-page","status-publish","hentry"],"_links":{"self":[{"href":"https:\/\/www.hahem.co.il\/trueandshocking\/index.php?rest_route=\/wp\/v2\/pages\/920","targetHints":{"allow":["GET"]}}],"collection":[{"href":"https:\/\/www.hahem.co.il\/trueandshocking\/index.php?rest_route=\/wp\/v2\/pages"}],"about":[{"href":"https:\/\/www.hahem.co.il\/trueandshocking\/index.php?rest_route=\/wp\/v2\/types\/page"}],"author":[{"embeddable":true,"href":"https:\/\/www.hahem.co.il\/trueandshocking\/index.php?rest_route=\/wp\/v2\/users\/2"}],"replies":[{"embeddable":true,"href":"https:\/\/www.hahem.co.il\/trueandshocking\/index.php?rest_route=%2Fwp%2Fv2%2Fcomments&post=920"}],"version-history":[{"count":0,"href":"https:\/\/www.hahem.co.il\/trueandshocking\/index.php?rest_route=\/wp\/v2\/pages\/920\/revisions"}],"wp:attachment":[{"href":"https:\/\/www.hahem.co.il\/trueandshocking\/index.php?rest_route=%2Fwp%2Fv2%2Fmedia&parent=920"}],"curies":[{"name":"wp","href":"https:\/\/api.w.org\/{rel}","templated":true}]}}