
{"id":808,"date":"2008-11-27T12:05:20","date_gmt":"2008-11-27T10:05:20","guid":{"rendered":"http:\/\/www.hahem.co.il\/trueandshocking\/?page_id=808"},"modified":"2015-07-23T13:32:49","modified_gmt":"2015-07-23T10:32:49","slug":"%d7%9b%d7%9a-%d7%94%d7%a8%d7%a1%d7%94-%d7%94%d7%a1%d7%a4%d7%a8%d7%95%d7%aa-%d7%90%d7%aa-%d7%97%d7%99%d7%99","status":"publish","type":"page","link":"https:\/\/www.hahem.co.il\/trueandshocking\/?page_id=808","title":{"rendered":"\u00d7\u203a\u00d7\u0161 \u00d7\u201d\u00d7\u00a8\u00d7\u00a1\u00d7\u201d \u00d7\u201d\u00d7\u00a1\u00d7\u00a4\u00d7\u00a8\u00d7\u2022\u00d7\u00aa \u00d7\u0090\u00d7\u00aa \u00d7\u2014\u00d7\u2122\u00d7\u2122"},"content":{"rendered":"<div dir=\"rtl\" align=\"right\"><img decoding=\"async\" src=\"http:\/\/www.hahem.co.il\/trueandshocking\/trueandshocking\/wp-content\/uploads\/Image\/6.JPG\" alt=\"\" \/><\/p>\n<blockquote><p>&quot;\u00d7\u2013\u00d7\u201d?&quot; \u00d7\u0090\u00d7\u00aa\u00d7\u009d \u00d7\u2022\u00d7\u201c\u00d7\u0090\u00d7\u2122 \u00d7\u0090\u00d7\u2022\u00d7\u017e\u00d7\u00a8\u00d7\u2122\u00d7\u009d, &quot;\u00d7\u2013\u00d7\u201d \u00d7\u00a2\u00d7\u2022\u00d7\u201c \u00d7\u203a\u00d7\u0153\u00d7\u2022\u00d7\u009d. \u00d7\u201d\u00d7\u00a1\u00d7\u00a4\u00d7\u00a8\u00d7\u2022\u00d7\u00aa \u00d7\u201d\u00d7\u00a8\u00d7\u00a1\u00d7\u201d \u00d7\u0153\u00d7\u2122 \u00d7\u0090\u00d7\u00aa \u00d7\u201d\u00d7\u2014\u00d7\u2122\u00d7\u2122\u00d7\u009d \u00d7\u2018\u00d7\u0090\u00d7\u00a4\u00d7\u00a0\u00d7\u2122\u00d7\u009d \u00d7\u201d\u00d7\u00a8\u00d7\u2018\u00d7\u201d \u00d7\u2122\u00d7\u2022\u00d7\u00aa\u00d7\u00a8 \u00d7\u00a2\u00d7\u017e\u00d7\u2022\u00d7\u00a7\u00d7\u2122\u00d7\u009d\/\u00d7\u017e\u00d7\u00a6\u00d7\u2014\u00d7\u2122\u00d7\u00a7\u00d7\u2122\u00d7\u009d\/\u00d7\u017e\u00d7\u00a7\u00d7\u2122\u00d7\u00a4\u00d7\u2122\u00d7\u009d\/\u00d7\u00a8\u00d7\u0153\u00d7\u2022\u00d7\u2022\u00d7\u00a0\u00d7\u02dc\u00d7\u2122\u00d7\u2122\u00d7\u009d \u00d7\u017e\u00d7\u2013\u00d7\u201d&quot;. \u00d7\u2019\u00d7\u009d \u00d7\u0153\u00d7\u2122! \u00d7\u0090\u00d7\u2013 \u00d7\u2122\u00d7\u0090\u00d7\u0153\u00d7\u0153\u00d7\u201d, \u00d7\u00a4\u00d7\u00a8\u00d7\u2022\u00d7\u2122\u00d7\u2122\u00d7\u00a7\u00d7\u02dc. \u00d7\u203a\u00d7\u0161 \u00d7\u201d\u00d7\u00a8\u00d7\u00a1\u00d7\u201d \u00d7\u0153\u00d7\u2122 \u00d7\u201d\u00d7\u00a1\u00d7\u00a4\u00d7\u00a8\u00d7\u2022\u00d7\u00aa \u00d7\u0090\u00d7\u00aa \u00d7\u201d\u00d7\u2014\u00d7\u2122\u00d7\u2122\u00d7\u009d. 10 \u00d7\u2018\u00d7\u00a1\u00d7\u00a4\u00d7\u02dc\u00d7\u017e\u00d7\u2018\u00d7\u00a8. \u00d7\u0090\u00d7\u00aa\u00d7\u009d \u00d7\u2122\u00d7\u2022\u00d7\u201c\u00d7\u00a2\u00d7\u2122\u00d7\u009d \u00d7\u0153\u00d7\u0090\u00d7\u0178 \u00d7\u0153\u00d7\u00a9\u00d7\u0153\u00d7\u2022\u00d7\u2014. \u00d7\u2022\u00d7\u00aa\u00d7\u2022\u00d7\u201c\u00d7\u201d \u00d7\u0153\u00d7\u00a7\u00d7\u00a8\u00d7\u0178 \u00d7\u00a2\u00d7\u0153 \u00d7\u201d\u00d7\u00a8\u00d7\u00a2\u00d7\u2122\u00d7\u2022\u00d7\u0178 \u00d7\u201d\u00d7\u017e\u00d7\u2018\u00d7\u00a8\u00d7\u2122\u00d7\u00a7. (<a href=\"http:\/\/www.hahem.co.il\/trueandshocking\/?p=784\">\u00d7\u203a\u00d7\u0161 \u00d7\u201d\u00d7\u00a8\u00d7\u00a1\u00d7\u201d \u00d7\u0153\u00d7\u2122 \u00d7\u201d\u00d7\u00a1\u00d7\u00a4\u00d7\u00a8\u00d7\u2022\u00d7\u00aa \u00d7\u0090\u00d7\u00aa \u00d7\u201d\u00d7\u2014\u00d7\u2122\u00d7\u2122\u00d7\u009d<\/a>)<\/p><\/blockquote>\n<ul>\n<li><a href=\"http:\/\/www.hahem.co.il\/trueandshocking\/?tag=%D7%9B%D7%9A-%D7%94%D7%A8%D7%A1%D7%94-%D7%94%D7%A1%D7%A4%D7%A8%D7%95%D7%AA-%D7%90%D7%AA-%D7%97%D7%99%D7%99\">\u00d7\u201d\u00d7\u00a1\u00d7\u00a4\u00d7\u00a8\u00d7\u2022\u00d7\u00aa \u00d7\u2022\u00d7\u201d\u00d7\u2014\u00d7\u2122\u00d7\u2122\u00d7\u009d! \u00d7\u017e\u00d7\u00a1\u00d7\u00a8\u00d7\u2018\u00d7\u2122\u00d7\u009d \u00d7\u0153\u00d7\u201d\u00d7\u2122\u00d7\u2022\u00d7\u00aa \u00d7\u0090\u00d7\u2022\u00d7\u2122\u00d7\u2018\u00d7\u2122\u00d7\u009d!<\/a><\/li>\n<li><a href=\"http:\/\/www.hahem.co.il\/trueandshocking\/?p=2228\">\u00d7\u00a4\u00d7\u0153\u00d7\u0090\u00d7\u00a4\u00d7\u0153 \u00d7\u2019\u00d7\u2018\u00d7\u0090\u00d7\u2122 \u00d7\u017e\u00d7\u2014\u00d7\u2018\u00d7\u00a7 \u00d7\u0090\u00d7\u2022\u00d7\u00aa\u00d7\u0161. \u00d7\u2014\u00d7\u2013\u00d7\u00a7.<\/a><\/li>\n<li><a href=\"http:\/\/www.hahem.co.il\/trueandshocking\/?p=904\">\u00d7\u0090\u00d7\u2122\u00d7\u00a0\u00d7\u02dc\u00d7\u00a8-\u00d7\u02dc\u00d7\u00a7\u00d7\u00a1\u00d7\u02dc\u00d7\u2022\u00d7\u0090\u00d7\u0153\u00d7\u2122\u00d7\u2022\u00d7\u00aa (\u00d7\u0090\u00d7\u2122\u00d7\u0161 \u00d7\u201d\u00d7\u00a8\u00d7\u00a1\u00d7\u00aa\u00d7\u2122 \u00d7\u0090\u00d7\u00aa \u00d7\u2014\u00d7\u2122\u00d7\u2122 \u00d7\u2018\u00d7\u00a2\u00d7\u2013\u00d7\u00a8\u00d7\u00aa \u00d7\u201d\u00d7\u00a1\u00d7\u00a4\u00d7\u00a8\u00d7\u2022\u00d7\u00aa, \u00d7\u017e\u00d7\u00a1\u00d7\u00a4\u00d7\u00a8 \u00d7\u00a9\u00d7\u0153\u00d7\u2022\u00d7\u00a9-\u00d7\u00a2\u00d7\u00a9\u00d7\u00a8\u00d7\u201d \u00d7\u2022\u00d7\u2014\u00d7\u00a6\u00d7\u2122)<\/a><\/li>\n<li><a href=\"http:\/\/www.hahem.co.il\/trueandshocking\/?p=816\">\u00d7\u0090\u00d7\u2013 \u00d7\u203a\u00d7\u0161 \u00d7\u2018\u00d7\u00a0\u00d7\u00aa\u00d7\u201d \u00d7\u0153\u00d7\u2122 \u00d7\u201d\u00d7\u00a1\u00d7\u00a4\u00d7\u00a8\u00d7\u2022\u00d7\u00aa \u00d7\u0090\u00d7\u00aa \u00d7\u201d\u00d7\u00a4\u00d7\u00a8\u00d7\u201c\u00d7\u2122\u00d7\u2019\u00d7\u017e\u00d7\u201d \u00d7\u201d\u00d7\u00a4\u00d7\u00a1\u00d7\u2122\u00d7\u203a\u00d7\u2022\u00d7\u02dc\u00d7\u2122\u00d7\u00aa \u00d7\u201d\u00d7\u017e\u00d7\u2022\u00d7\u00a4\u00d7\u0153\u00d7\u0090\u00d7\u201d \u00d7\u00a9\u00d7\u201d\u00d7\u2122\u00d7\u00aa\u00d7\u201d \u00d7\u0153\u00d7\u2122 \u00d7\u00a4\u00d7\u00a2\u00d7\u009d<\/a><\/li>\n<li><a href=\"http:\/\/www.hahem.co.il\/trueandshocking\/?p=815\">\u00d7\u2014\u00d7\u2122\u00d7\u2122 \u00d7\u00a2\u00d7\u009d \u00d7\u201d\u00d7\u00a1\u00d7\u00a4\u00d7\u00a8\u00d7\u2022\u00d7\u00aa (\u00d7\u0090\u00d7\u2022: \u00d7\u00aa\u00d7\u00a9\u00d7\u2022\u00d7\u2018\u00d7\u201d \u00d7\u2014\u00d7\u0153\u00d7\u00a7\u00d7\u2122\u00d7\u00aa)<\/a><\/li>\n<li><a href=\"http:\/\/www.hahem.co.il\/trueandshocking\/?p=807\">\u00d7\u201d\u00d7\u201c\u00d7\u00a8\u00d7\u0161 \u00d7\u201d\u00d7\u2013\u00d7\u0090\u00d7\u00aa, \u00d7\u00a9\u00d7\u0090\u00d7\u2122\u00d7\u00a9 \u00d7\u0153\u00d7\u0090 \u00d7\u201d\u00d7\u2022\u00d7\u0153\u00d7\u0161 \u00d7\u2018\u00d7\u201d<\/a><\/li>\n<li><a href=\"http:\/\/www.hahem.co.il\/trueandshocking\/?p=806\">\u00d7\u00a9\u00d7\u2022\u00d7\u009d \u00d7\u00a4\u00d7\u00a8\u00d7\u00a9\u00d7\u2122\u00d7\u009d \u00d7\u0153\u00d7\u0090 \u00d7\u2122\u00d7\u2018\u00d7\u2022\u00d7\u0090\u00d7\u2022<\/a><\/li>\n<li><a href=\"http:\/\/www.hahem.co.il\/trueandshocking\/?p=805\">\u00d7\u203a\u00d7\u0153 \u00d7\u017e\u00d7\u2122 \u00d7\u00a9\u00d7\u00a7\u00d7\u00a8\u00d7\u0090 \u00d7\u00a4\u00d7\u00a2\u00d7\u009d \u00d7\u00a1\u00d7\u00a4\u00d7\u00a8<\/a><\/li>\n<li><a href=\"http:\/\/www.hahem.co.il\/trueandshocking\/?p=802\">\u00d7\u0090\u00d7\u00a8\u00d7\u2018\u00d7\u00a2 \u00d7\u201d\u00d7\u00a2\u00d7\u00a8\u00d7\u2022\u00d7\u00aa \u00d7\u2022\u00d7\u2014\u00d7\u2019<\/a><\/li>\n<li><a href=\"http:\/\/www.hahem.co.il\/trueandshocking\/?p=801\">\u00d7\u00a8\u00d7\u00a2\u00d7\u2018 \u00d7\u00a1\u00d7\u017e\u00d7\u2122\u00d7\u2022\u00d7\u02dc\u00d7\u2122 \u00d7\u00a7\u00d7\u02dc\u00d7\u0178<\/a><\/li>\n<li><a href=\"http:\/\/www.hahem.co.il\/trueandshocking\/?p=800\">\u00d7\u00a6\u00d7\u2122\u00d7\u00a4\u00d7\u2022\u00d7\u00a8 \u00d7\u017e\u00d7\u201d \u00d7\u0090\u00d7\u00aa \u00d7\u017e\u00d7\u2013\u00d7\u017e\u00d7\u00a8\u00d7\u00aa (\u00d7\u2014\u00d7\u0153\u00d7\u00a7 \u00d7\u00a9\u00d7\u00a0\u00d7\u2122)<\/a><\/li>\n<li><a href=\"http:\/\/www.hahem.co.il\/trueandshocking\/?p=799\">\u00d7\u00a6\u00d7\u2122\u00d7\u00a4\u00d7\u2022\u00d7\u00a8, \u00d7\u017e\u00d7\u201d \u00d7\u0090\u00d7\u00aa \u00d7\u017e\u00d7\u2013\u00d7\u017e\u00d7\u00a8\u00d7\u00aa? \u00d7\u00a1\u00d7\u0153\u00d7\u0090\u00d7\u00a9 \u00d7\u2018\u00d7\u00a1\u00d7\u00a4\u00d7\u00a8\u00d7\u2022\u00d7\u00aa \u00d7\u017e\u00d7\u00a2\u00d7\u00a8\u00d7\u2122\u00d7\u00a6\u00d7\u2122\u00d7\u009d<\/a><\/li>\n<li><a href=\"http:\/\/www.hahem.co.il\/trueandshocking\/?p=797\">\u00d7\u00a8\u00d7\u2019\u00d7\u02dc\u00d7\u2122\u00d7\u2122\u00d7\u009d, \u00d7\u2122\u00d7\u2022\u00d7\u017e\u00d7\u0178 \u00d7\u00a7\u00d7\u00a8\u00d7\u2122\u00d7\u0090\u00d7\u201d<\/a><\/li>\n<li><a href=\"http:\/\/www.hahem.co.il\/trueandshocking\/?p=795\">EPIC FAIL<\/a><\/li>\n<li><a href=\"http:\/\/www.hahem.co.il\/trueandshocking\/?p=794\">\u00d7\u2018\u00d7\u00a0\u00d7\u2013\u00d7\u2022\u00d7\u00a0\u00d7\u201d \u00d7\u00a2\u00d7\u00a9\u00d7\u2122\u00d7\u00a8<\/a><\/li>\n<li><a href=\"http:\/\/www.hahem.co.il\/trueandshocking\/?p=793\">\u00d7\u201d\u00d7\u00a8\u00d7\u00a1\u00d7\u201d, \u00d7\u2018\u00d7\u02dc\u00d7\u2014 \u00d7\u201d\u00d7\u00a8\u00d7\u00a1\u00d7\u201d<\/a><\/li>\n<li><a href=\"http:\/\/www.hahem.co.il\/trueandshocking\/?p=792\">\u00d7\u2018\u00d7\u2022\u00d7\u009d-\u00d7\u201c\u00d7\u201d-\u00d7\u2122\u00d7\u201d, \u00d7\u2018\u00d7\u2022\u00d7\u009d-\u00d7\u201c\u00d7\u201d-\u00d7\u2122\u00d7\u201d<\/a><\/li>\n<li><a href=\"http:\/\/www.hahem.co.il\/trueandshocking\/?p=791\">\u00d7\u02dc\u00d7\u2022\u00d7\u02dc\u00d7\u0090\u00d7\u0153 \u00d7\u0153\u00d7\u2022\u00d7\u00a1<\/a><\/li>\n<li><a href=\"http:\/\/www.hahem.co.il\/trueandshocking\/?p=790\">&quot;\u00d7\u0090\u00d7\u201d, \u00d7\u2018\u00d7\u0090\u00d7\u00a8\u00d7\u02dc\u00d7\u0153\u00d7\u2018\u00d7\u2122! \u00d7\u0090\u00d7\u201d, \u00d7\u0090\u00d7\u00a0\u00d7\u2022\u00d7\u00a9\u00d7\u2022\u00d7\u00aa!&quot;<\/a><\/li>\n<li><a href=\"http:\/\/www.hahem.co.il\/trueandshocking\/?p=789\">\u00d7\u017e\u00d7\u00a9\u00d7\u2022\u00d7\u2022\u00d7\u201d \u00d7\u2022\u00d7\u017e\u00d7\u00a2\u00d7\u0153\u00d7\u201d \u00d7\u0153\u00d7\u2014\u00d7\u00a6\u00d7\u2122 \u00d7\u00a9\u00d7\u00a7\u00d7\u0153<\/a><\/li>\n<li><a href=\"http:\/\/www.hahem.co.il\/trueandshocking\/?p=788\">\u00d7\u201d\u00d7\u2122\u00d7\u2122, \u00d7\u2019\u00d7\u009d \u00d7\u0153\u00d7\u2122 \u00d7\u2122\u00d7\u00a9 \u00d7\u00a9\u00d7\u00a0\u00d7\u2122 \u00d7\u00a1\u00d7\u00a0\u00d7\u02dc<\/a><\/li>\n<li><a href=\"http:\/\/www.hahem.co.il\/trueandshocking\/?p=787\">\u00d7\u201d\u00d7\u2019\u00d7\u00a8\u00d7\u00a4\u00d7\u2122\u00d7\u00a7\u00d7\u0090\u00d7\u2122<\/a><\/li>\n<\/ul>\n<\/div>\n","protected":false},"excerpt":{"rendered":"<p>&quot;\u00d7\u2013\u00d7\u201d?&quot; \u00d7\u0090\u00d7\u00aa\u00d7\u009d \u00d7\u2022\u00d7\u201c\u00d7\u0090\u00d7\u2122 \u00d7\u0090\u00d7\u2022\u00d7\u017e\u00d7\u00a8\u00d7\u2122\u00d7\u009d, &quot;\u00d7\u2013\u00d7\u201d \u00d7\u00a2\u00d7\u2022\u00d7\u201c \u00d7\u203a\u00d7\u0153\u00d7\u2022\u00d7\u009d. \u00d7\u201d\u00d7\u00a1\u00d7\u00a4\u00d7\u00a8\u00d7\u2022\u00d7\u00aa \u00d7\u201d\u00d7\u00a8\u00d7\u00a1\u00d7\u201d \u00d7\u0153\u00d7\u2122 \u00d7\u0090\u00d7\u00aa \u00d7\u201d\u00d7\u2014\u00d7\u2122\u00d7\u2122\u00d7\u009d \u00d7\u2018\u00d7\u0090\u00d7\u00a4\u00d7\u00a0\u00d7\u2122\u00d7\u009d \u00d7\u201d\u00d7\u00a8\u00d7\u2018\u00d7\u201d \u00d7\u2122\u00d7\u2022\u00d7\u00aa\u00d7\u00a8 \u00d7\u00a2\u00d7\u017e\u00d7\u2022\u00d7\u00a7\u00d7\u2122\u00d7\u009d\/\u00d7\u017e\u00d7\u00a6\u00d7\u2014\u00d7\u2122\u00d7\u00a7\u00d7\u2122\u00d7\u009d\/\u00d7\u017e\u00d7\u00a7\u00d7\u2122\u00d7\u00a4\u00d7\u2122\u00d7\u009d\/\u00d7\u00a8\u00d7\u0153\u00d7\u2022\u00d7\u2022\u00d7\u00a0\u00d7\u02dc\u00d7\u2122\u00d7\u2122\u00d7\u009d \u00d7\u017e\u00d7\u2013\u00d7\u201d&quot;. \u00d7\u2019\u00d7\u009d \u00d7\u0153\u00d7\u2122! \u00d7\u0090\u00d7\u2013 \u00d7\u2122\u00d7\u0090\u00d7\u0153\u00d7\u0153\u00d7\u201d, \u00d7\u00a4\u00d7\u00a8\u00d7\u2022\u00d7\u2122\u00d7\u2122\u00d7\u00a7\u00d7\u02dc. \u00d7\u203a\u00d7\u0161 \u00d7\u201d\u00d7\u00a8\u00d7\u00a1\u00d7\u201d \u00d7\u0153\u00d7\u2122 \u00d7\u201d\u00d7\u00a1\u00d7\u00a4\u00d7\u00a8\u00d7\u2022\u00d7\u00aa \u00d7\u0090\u00d7\u00aa \u00d7\u201d\u00d7\u2014\u00d7\u2122\u00d7\u2122\u00d7\u009d. 10 \u00d7\u2018\u00d7\u00a1\u00d7\u00a4\u00d7\u02dc\u00d7\u017e\u00d7\u2018\u00d7\u00a8. \u00d7\u0090\u00d7\u00aa\u00d7\u009d \u00d7\u2122\u00d7\u2022\u00d7\u201c\u00d7\u00a2\u00d7\u2122\u00d7\u009d \u00d7\u0153\u00d7\u0090\u00d7\u0178 \u00d7\u0153\u00d7\u00a9\u00d7\u0153\u00d7\u2022\u00d7\u2014. \u00d7\u2022\u00d7\u00aa\u00d7\u2022\u00d7\u201c\u00d7\u201d \u00d7\u0153\u00d7\u00a7\u00d7\u00a8\u00d7\u0178 \u00d7\u00a2\u00d7\u0153 \u00d7\u201d\u00d7\u00a8\u00d7\u00a2\u00d7\u2122\u00d7\u2022\u00d7\u0178 \u00d7\u201d\u00d7\u017e\u00d7\u2018\u00d7\u00a8\u00d7\u2122\u00d7\u00a7. (\u00d7\u203a\u00d7\u0161 \u00d7\u201d\u00d7\u00a8\u00d7\u00a1\u00d7\u201d \u00d7\u0153\u00d7\u2122 \u00d7\u201d\u00d7\u00a1\u00d7\u00a4\u00d7\u00a8\u00d7\u2022\u00d7\u00aa \u00d7\u0090\u00d7\u00aa \u00d7\u201d\u00d7\u2014\u00d7\u2122\u00d7\u2122\u00d7\u009d) \u00d7\u201d\u00d7\u00a1\u00d7\u00a4\u00d7\u00a8\u00d7\u2022\u00d7\u00aa \u00d7\u2022\u00d7\u201d\u00d7\u2014\u00d7\u2122\u00d7\u2122\u00d7\u009d! \u00d7\u017e\u00d7\u00a1\u00d7\u00a8\u00d7\u2018\u00d7\u2122\u00d7\u009d \u00d7\u0153\u00d7\u201d\u00d7\u2122\u00d7\u2022\u00d7\u00aa \u00d7\u0090\u00d7\u2022\u00d7\u2122\u00d7\u2018\u00d7\u2122\u00d7\u009d! \u00d7\u00a4\u00d7\u0153\u00d7\u0090\u00d7\u00a4\u00d7\u0153 \u00d7\u2019\u00d7\u2018\u00d7\u0090\u00d7\u2122 \u00d7\u017e\u00d7\u2014\u00d7\u2018\u00d7\u00a7 \u00d7\u0090\u00d7\u2022\u00d7\u00aa\u00d7\u0161. \u00d7\u2014\u00d7\u2013\u00d7\u00a7. &hellip; <a href=\"https:\/\/www.hahem.co.il\/trueandshocking\/?page_id=808\" class=\"more-link\">\u05dc\u05d4\u05de\u05e9\u05d9\u05da \u05dc\u05e7\u05e8\u05d5\u05d0 <span class=\"screen-reader-text\">\u00d7\u203a\u00d7\u0161 \u00d7\u201d\u00d7\u00a8\u00d7\u00a1\u00d7\u201d \u00d7\u201d\u00d7\u00a1\u00d7\u00a4\u00d7\u00a8\u00d7\u2022\u00d7\u00aa \u00d7\u0090\u00d7\u00aa \u00d7\u2014\u00d7\u2122\u00d7\u2122<\/span> <span class=\"meta-nav\">&larr;<\/span><\/a><\/p>\n","protected":false},"author":2,"featured_media":0,"parent":0,"menu_order":0,"comment_status":"open","ping_status":"open","template":"","meta":{"footnotes":""},"class_list":["post-808","page","type-page","status-publish","hentry"],"_links":{"self":[{"href":"https:\/\/www.hahem.co.il\/trueandshocking\/index.php?rest_route=\/wp\/v2\/pages\/808","targetHints":{"allow":["GET"]}}],"collection":[{"href":"https:\/\/www.hahem.co.il\/trueandshocking\/index.php?rest_route=\/wp\/v2\/pages"}],"about":[{"href":"https:\/\/www.hahem.co.il\/trueandshocking\/index.php?rest_route=\/wp\/v2\/types\/page"}],"author":[{"embeddable":true,"href":"https:\/\/www.hahem.co.il\/trueandshocking\/index.php?rest_route=\/wp\/v2\/users\/2"}],"replies":[{"embeddable":true,"href":"https:\/\/www.hahem.co.il\/trueandshocking\/index.php?rest_route=%2Fwp%2Fv2%2Fcomments&post=808"}],"version-history":[{"count":2,"href":"https:\/\/www.hahem.co.il\/trueandshocking\/index.php?rest_route=\/wp\/v2\/pages\/808\/revisions"}],"predecessor-version":[{"id":2289,"href":"https:\/\/www.hahem.co.il\/trueandshocking\/index.php?rest_route=\/wp\/v2\/pages\/808\/revisions\/2289"}],"wp:attachment":[{"href":"https:\/\/www.hahem.co.il\/trueandshocking\/index.php?rest_route=%2Fwp%2Fv2%2Fmedia&parent=808"}],"curies":[{"name":"wp","href":"https:\/\/api.w.org\/{rel}","templated":true}]}}