
{"id":772,"date":"2008-07-11T12:05:39","date_gmt":"2008-07-11T10:05:39","guid":{"rendered":"http:\/\/www.hahem.co.il\/trueandshocking\/?page_id=772"},"modified":"2008-07-17T09:25:37","modified_gmt":"2008-07-17T07:25:37","slug":"%d7%a4%d7%a8%d7%95%d7%99%d7%a7%d7%98-%d7%9e%d7%a8%d7%97%d7%91%d7%99%d7%9d","status":"publish","type":"page","link":"https:\/\/www.hahem.co.il\/trueandshocking\/?page_id=772","title":{"rendered":"\u00d7\u00a4\u00d7\u00a8\u00d7\u2022\u00d7\u2122\u00d7\u00a7\u00d7\u02dc \u00d7\u017e\u00d7\u00a8\u00d7\u2014\u00d7\u2018\u00d7\u2122\u00d7\u009d"},"content":{"rendered":"<p align=\"center\" dir=\"rtl\"><img decoding=\"async\" src=\"http:\/\/www.hahem.co.il\/trueandshocking\/wp-content\/uploads\/2008\/06\/14.jpg\" alt=\"\" \/><\/p>\n<blockquote>\n<p align=\"right\" dir=\"rtl\">\u00d7\u201d\u00d7\u201c\u00d7\u00a8\u00d7\u0161 \u00d7\u017e\u00d7\u201d\u00d7\u2018\u00d7\u2122\u00d7\u00aa \u00d7\u00a9\u00d7\u0153\u00d7\u2122 \u00d7\u2018\u00d7\u00a9\u00d7\u2122\u00d7\u00a0\u00d7\u00a7\u00d7\u2122\u00d7\u0178 \u00d7\u0153\u00d7\u2018\u00d7\u2122\u00d7\u00aa \u00d7\u00a9\u00d7\u0153 \u00d7\u0090\u00d7\u00a9\u00d7\u00aa\u00d7\u2122 \u00d7\u2018\u00d7\u00a4\u00d7\u2122\u00d7\u2122\u00d7\u0090\u00d7\u00a8\u00d7\u2018\u00d7\u00a8\u00d7\u2019. \u00d7\u201d\u00d7\u201c\u00d7\u00a8\u00d7\u0161 \u00d7\u017e\u00d7\u201d\u00d7\u2018\u00d7\u2122\u00d7\u00aa \u00d7\u00a9\u00d7\u0153\u00d7\u2122 \u00d7\u2018\u00d7\u00a9\u00d7\u2122\u00d7\u00a0\u00d7\u00a7\u00d7\u2122\u00d7\u0178 \u00d7\u0153\u00d7\u00a8\u00d7\u2014\u00d7\u2022\u00d7\u2018 \u00d7\u2018\u00d7\u2022\u00d7\u00a2\u00d7\u2013, \u00d7\u00a9\u00d7\u009d \u00d7\u00a0\u00d7\u017e\u00d7\u00a6\u00d7\u0090\u00d7\u00aa \u00d7\u0090\u00d7\u00a7\u00d7\u00a1\u00d7\u02dc\u00d7\u00a0\u00d7\u00a6\u00d7\u2122\u00d7\u201d \u00d7\u00a9\u00d7\u0153 \u00d7\u201d\u00d7\u2018\u00d7\u2122\u00d7\u00aa \u00d7\u00a9\u00d7\u0153\u00d7\u2122, \u00d7\u0090\u00d7\u2122\u00d7\u00a4\u00d7\u201d \u00d7\u00a9\u00d7\u201c\u00d7\u00a0\u00d7\u201d \u00d7\u2022\u00d7\u201c\u00d7\u0178-\u00d7\u2122\u00d7\u201d \u00d7\u2019\u00d7\u00a8\u00d7\u2022\u00d7\u00aa. \u00d7\u201d\u00d7\u201c\u00d7\u00a8\u00d7\u0161 \u00d7\u017e\u00d7\u203a\u00d7\u0153 \u00d7\u017e\u00d7\u00a7\u00d7\u2022\u00d7\u009d \u00d7\u2018\u00d7\u2022 \u00d7\u2019\u00d7\u00a8\u00d7\u00aa\u00d7\u2122 \u00d7\u2018\u00d7\u00a9\u00d7\u00a0\u00d7\u2122\u00d7\u009d \u00d7\u201d\u00d7\u0090\u00d7\u2014\u00d7\u00a8\u00d7\u2022\u00d7\u00a0\u00d7\u2022\u00d7\u00aa \u00d7\u0153\u00d7\u00a8\u00d7\u2014\u00d7\u2022\u00d7\u2018 \u00d7\u00a9\u00d7\u0090\u00d7\u00a0\u00d7\u0178, \u00d7\u2018\u00d7\u2022 \u00d7\u2019\u00d7\u00a8\u00d7\u2122\u00d7\u009d \u00d7\u201d\u00d7\u201d\u00d7\u2022\u00d7\u00a8\u00d7\u2122\u00d7\u009d \u00d7\u00a9\u00d7\u0153\u00d7\u2122. \u00d7\u00a7\u00d7\u2022\u00d7\u017e\u00d7\u201d \u00d7\u00a9\u00d7\u00a9 \u00d7\u2018\u00d7\u00aa\u00d7\u2014\u00d7\u00a0\u00d7\u201d \u00d7\u017e\u00d7\u00a8\u00d7\u203a\u00d7\u2013\u00d7\u2122\u00d7\u00aa \u00d7\u2014\u00d7\u201c\u00d7\u00a9\u00d7\u201d, \u00d7\u201d\u00d7\u00a2\u00d7\u0153\u00d7\u2122\u00d7\u2122\u00d7\u201d \u00d7\u0153\u00d7\u0090\u00d7\u2022\u00d7\u02dc\u00d7\u2022\u00d7\u2018\u00d7\u2022\u00d7\u00a1 394, \u00d7\u2022\u00d7\u201d\u00d7\u00a0\u00d7\u00a1\u00d7\u2122\u00d7\u00a2\u00d7\u201d \u00d7\u201d\u00d7\u0090\u00d7\u2122\u00d7\u00a0\u00d7\u00a1\u00d7\u2022\u00d7\u00a4\u00d7\u2122\u00d7\u00aa \u00d7\u0090\u00d7\u0161 \u00d7\u017e\u00d7\u00a2\u00d7\u0153\u00d7\u00aa \u00d7\u201d\u00d7\u00a0\u00d7\u2022\u00d7\u00a1\u00d7\u02dc\u00d7\u0153\u00d7\u2019\u00d7\u2122\u00d7\u201d \u00d7\u0153\u00d7\u0090\u00d7\u2122\u00d7\u0153\u00d7\u00aa, \u00d7\u00a9\u00d7\u009d \u00d7\u2019\u00d7\u00a8\u00d7\u2022 \u00d7\u201d\u00d7\u201d\u00d7\u2022\u00d7\u00a8\u00d7\u2122\u00d7\u009d \u00d7\u00a9\u00d7\u0153\u00d7\u2122 \u00d7\u00a4\u00d7\u00a2\u00d7\u009d. \u00d7\u201d\u00d7\u201c\u00d7\u00a8\u00d7\u0161 \u00d7\u201d\u00d7\u2122\u00d7\u2022\u00d7\u017e\u00d7\u2122\u00d7\u2022\u00d7\u017e\u00d7\u2122\u00d7\u00aa \u00d7\u017e\u00d7\u00a9\u00d7\u2122\u00d7\u00a0\u00d7\u00a7\u00d7\u2122\u00d7\u0178 \u00d7\u0153\u00d7\u201d\u00d7\u00a8\u00d7\u00a6\u00d7\u0153\u00d7\u2122\u00d7\u201d \u00d7\u00a4\u00d7\u2122\u00d7\u00aa\u00d7\u2022\u00d7\u2014, \u00d7\u00a2\u00d7\u009d \u00d7\u201d\u00d7\u00a8\u00d7\u2019\u00d7\u00a2 \u00d7\u201d\u00d7\u2013\u00d7\u201d, \u00d7\u00a9\u00d7\u2018\u00d7\u2022 \u00d7\u2018\u00d7\u201d\u00d7\u201c\u00d7\u00a8\u00d7\u2019\u00d7\u201d \u00d7\u00a0\u00d7\u2019\u00d7\u017e\u00d7\u00a8\u00d7\u00aa \u00d7\u00aa\u00d7\u0153 \u00d7\u0090\u00d7\u2018\u00d7\u2122\u00d7\u2018. \u00d7\u201d\u00d7\u201c\u00d7\u00a8\u00d7\u0161 \u00d7\u201d\u00d7\u2122\u00d7\u2022\u00d7\u017e\u00d7\u2122\u00d7\u2022\u00d7\u017e\u00d7\u2122\u00d7\u00aa \u00d7\u201d\u00d7\u0090\u00d7\u00a8\u00d7\u2022\u00d7\u00a8\u00d7\u201d \u00d7\u017e\u00d7\u201d\u00d7\u00a8\u00d7\u00a6\u00d7\u0153\u00d7\u2122\u00d7\u201d \u00d7\u00a4\u00d7\u2122\u00d7\u00aa\u00d7\u2022\u00d7\u2014 \u00d7\u0153\u00d7\u00a9\u00d7\u2122\u00d7\u00a0\u00d7\u00a7\u00d7\u2122\u00d7\u0178, \u00d7\u00a2\u00d7\u009d \u00d7\u00a9\u00d7\u00a0\u00d7\u2122 \u00d7\u201d\u00d7\u00a8\u00d7\u017e\u00d7\u2013\u00d7\u2022\u00d7\u00a8\u00d7\u2122\u00d7\u009d \u00d7\u201d\u00d7\u00a4\u00d7\u00a7\u00d7\u2022\u00d7\u00a7\u00d7\u2122\u00d7\u009d \u00d7\u017e\u00d7\u0090\u00d7\u201c \u00d7\u2018\u00d7\u0090\u00d7\u2122\u00d7\u2013\u00d7\u2022\u00d7\u00a8 \u00d7\u00a8\u00d7\u203a\u00d7\u2018\u00d7\u00aa \u00d7\u00a6\u00d7\u00a4\u00d7\u2022\u00d7\u0178. \u00d7\u201d\u00d7\u201c\u00d7\u00a8\u00d7\u0161 \u00d7\u201d\u00d7\u203a\u00d7\u2018\u00d7\u00a8 \u00d7\u017e\u00d7\u0090\u00d7\u2022\u00d7\u00a1\u00d7\u201d \u00d7\u017e\u00d7\u00a9\u00d7\u2122\u00d7\u00a0\u00d7\u00a7\u00d7\u2122\u00d7\u0178 \u00d7\u0153\u00d7\u00a8\u00d7\u2014\u00d7\u2022\u00d7\u2018 \u00d7\u0153\u00d7\u2122\u00d7\u00a0\u00d7\u00a7\u00d7\u2022\u00d7\u0153\u00d7\u0178, \u00d7\u0153\u00d7\u2018\u00d7\u2122\u00d7\u00aa \u00d7\u00a7\u00d7\u00a4\u00d7\u201d &quot;\u00d7\u201d\u00d7\u00aa\u00d7\u2014\u00d7\u00aa\u00d7\u2122\u00d7\u00aa&quot;. \u00d7\u201d\u00d7\u2122\u00d7\u00a8\u00d7\u2122\u00d7\u201c\u00d7\u201d \u00d7\u201d\u00d7\u017e\u00d7\u00a9\u00d7\u017e\u00d7\u2014\u00d7\u00aa \u00d7\u0153\u00d7\u2122\u00d7\u009d \u00d7\u2018\u00d7\u00a8\u00d7\u2014\u00d7\u2022\u00d7\u2018 \u00d7\u2019\u00d7\u0090\u00d7\u2022\u00d7\u0153\u00d7\u201d. \u00d7\u00a8\u00d7\u2014\u00d7\u2022\u00d7\u2018\u00d7\u2022\u00d7\u00aa \u00d7\u00a4\u00d7\u00a8\u00d7\u2122\u00d7\u2013 \u00d7\u00a9\u00d7\u0153 &quot;\u00d7\u0090\u00d7\u2122\u00d7\u00a9 \u00d7\u2122\u00d7\u00a9\u00d7\u0178&quot;. \u00d7\u201d\u00d7\u00a1\u00d7\u00a0\u00d7\u02dc\u00d7\u00a8\u00d7\u0153 \u00d7\u00a4\u00d7\u0090\u00d7\u00a8\u00d7\u00a7 \u00d7\u2018&quot;\u00d7\u201d\u00d7\u00aa\u00d7\u00a4\u00d7\u00a1\u00d7\u0178 \u00d7\u2018\u00d7\u00a9\u00d7\u201c\u00d7\u201d \u00d7\u201d\u00d7\u00a9\u00d7\u2122\u00d7\u00a4\u00d7\u2022\u00d7\u0178&quot;. \u00d7\u201d\u00d7\u2122\u00d7\u00a6\u00d7\u2122\u00d7\u0090\u00d7\u201d \u00d7\u201d\u00d7\u2018\u00d7\u00a2\u00d7\u0153-\u00d7\u2018\u00d7\u2122\u00d7\u00aa\u00d7\u2122\u00d7\u00aa \u00d7\u0090\u00d7\u0153 \u00d7\u201d\u00d7\u017e\u00d7\u00a8\u00d7\u00a4\u00d7\u00a1\u00d7\u00aa \u00d7\u2018&quot;\u00d7\u2019\u00d7\u02dc\u00d7\u00a1\u00d7\u2018\u00d7\u2122 \u00d7\u201d\u00d7\u2019\u00d7\u201c\u00d7\u2022\u00d7\u0153&quot;. \u00d7\u201d\u00d7\u201c\u00d7\u00a8\u00d7\u0161 \u00d7\u2018\u00d7\u2122\u00d7\u0178 &quot;\u00d7\u0153\u00d7\u2022\u00d7\u2014 \u00d7\u201d\u00d7\u2018\u00d7\u00a7\u00d7\u00a8\u00d7\u201d&quot; \u00d7\u0153&quot;\u00d7\u203a\u00d7\u00aa\u00d7\u2122\u00d7\u2018\u00d7\u00aa \u00d7\u00a4\u00d7\u2022\u00d7\u00a1\u00d7\u02dc&quot; \u00d7\u2018\u00d7\u017e\u00d7\u00a2\u00d7\u00a8\u00d7\u203a\u00d7\u00aa \u00d7\u00a0\u00d7\u2122\u00d7\u201d\u00d7\u2022\u00d7\u0153 \u00d7\u201d\u00d7\u00aa\u00d7\u2022\u00d7\u203a\u00d7\u0178 \u00d7\u00a9\u00d7\u0153&nbsp; \u00d7\u2022\u00d7\u2022\u00d7\u00a8\u00d7\u201c\u00d7\u00a4\u00d7\u00a8\u00d7\u00a1. \u00d7\u201d\u00d7\u201c\u00d7\u00a8\u00d7\u0161 \u00d7\u2018\u00d7\u2122\u00d7\u0178 \u00d7\u00a4\u00d7\u00aa\u00d7\u2122\u00d7\u2014\u00d7\u00aa \u00d7\u201d\u00d7\u017e\u00d7\u2122\u00d7\u2122\u00d7\u0153 \u00d7\u0153&quot;\u00d7\u00a8\u00d7\u2122\u00d7\u00a4\u00d7\u0153\u00d7\u2122\u00d7\u2122&quot; \u00d7\u2018\u00d7\u2019'\u00d7\u2122\u00d7\u017e\u00d7\u2122\u00d7\u2122\u00d7\u0153. \u00d7\u201d\u00d7\u201c\u00d7\u00a8\u00d7\u0161 \u00d7\u201d\u00d7\u201d\u00d7\u00a8\u00d7\u00a4\u00d7\u00aa\u00d7\u00a7\u00d7\u00a0\u00d7\u2122\u00d7\u00aa \u00d7\u2022\u00d7\u017e\u00d7\u0153\u00d7\u0090\u00d7\u00aa \u00d7\u201d\u00d7\u017e\u00d7\u201d\u00d7\u017e\u00d7\u2022\u00d7\u00a8\u00d7\u2022\u00d7\u00aa \u00d7\u2018\u00d7\u2122\u00d7\u0178 \u00d7\u201d\u00d7\u0153\u00d7\u2014\u00d7\u2122\u00d7\u00a6\u00d7\u201d \u00d7\u00a2\u00d7\u0153 \u00d7\u203a\u00d7\u00a4\u00d7\u00aa\u00d7\u2022\u00d7\u00a8 Stumbleupon \u00d7\u2022\u00d7\u00a2\u00d7\u201c \u00d7\u00a9\u00d7\u201d\u00d7\u0090\u00d7\u00aa\u00d7\u00a8 \u00d7\u201d\u00d7\u017e\u00d7\u00a7\u00d7\u00a8\u00d7\u2122 \u00d7\u00a2\u00d7\u2022\u00d7\u0153\u00d7\u201d.<\/p>\n<p align=\"right\" dir=\"rtl\">\u00d7\u203a\u00d7\u0153 \u00d7\u201d\u00d7\u201c\u00d7\u00a8\u00d7\u203a\u00d7\u2122\u00d7\u009d \u00d7\u2022\u00d7\u201d\u00d7\u017e\u00d7\u00a8\u00d7\u2014\u00d7\u2018\u00d7\u2122\u00d7\u009d, \u00d7\u201d\u00d7\u203a\u00d7\u2018\u00d7\u2022\u00d7\u00a9\u00d7\u2122\u00d7\u009d, \u00d7\u201d\u00d7\u2014\u00d7\u201c\u00d7\u00a9\u00d7\u2122\u00d7\u009d, \u00d7\u201d\u00d7\u017e\u00d7\u00a6\u00d7\u2122\u00d7\u0090\u00d7\u2022\u00d7\u00aa\u00d7\u2122\u00d7\u2122\u00d7\u009d, \u00d7\u201d\u00d7\u2018\u00d7\u201c\u00d7\u2122\u00d7\u2022\u00d7\u00a0\u00d7\u2122\u00d7\u2122\u00d7\u009d, \u00d7\u201d\u00d7\u00aa\u00d7\u2122\u00d7\u0090\u00d7\u2022\u00d7\u00a8\u00d7\u02dc\u00d7\u2122\u00d7\u2122\u00d7\u009d. (\u00d7\u017e\u00d7\u00aa\u00d7\u2022\u00d7\u0161 <a href=\"http:\/\/www.hahem.co.il\/trueandshocking\/?p=713\">\u00d7\u201d\u00d7\u201d\u00d7\u2013\u00d7\u017e\u00d7\u00a0\u00d7\u201d \u00d7\u0153\u00d7\u00a4\u00d7\u00a8\u00d7\u2022\u00d7\u2122\u00d7\u00a7\u00d7\u02dc<\/a>)<\/p>\n<\/blockquote>\n<div align=\"right\" dir=\"rtl\">\n<ul>\n<li><a href=\"http:\/\/www.hahem.co.il\/trueandshocking\/?p=718\">\u00d7\u00a7\u00d7\u2022 14 (\u00d7\u00a1\u00d7\u2122\u00d7\u00a4\u00d7\u2022\u00d7\u00a8)<\/a><\/li>\n<li><a href=\"http:\/\/www.hahem.co.il\/trueandshocking\/?p=720\">&quot;\u00d7\u0090\u00d7\u2013 \u00d7\u00a9\u00d7\u2122\u00d7\u201d\u00d7\u2122\u00d7\u201d \u00d7\u2018\u00d7\u00aa\u00d7\u00a0\u00d7\u2022\u00d7\u00a2\u00d7\u201d&quot; &#8211; \u00d7\u017e\u00d7\u2018\u00d7\u2022\u00d7\u0090\u00d7\u2022\u00d7\u00aa \u00d7\u201c\u00d7\u2122\u00d7\u017e\u00d7\u2122\u00d7\u2022\u00d7\u00a0\u00d7\u2122\u00d7\u2122\u00d7\u009d \u00d7\u0153\u00d7\u00a8\u00d7\u2022\u00d7\u017e\u00d7\u0178 \u00d7\u00a4\u00d7\u2122\u00d7\u00a7\u00d7\u02dc\u00d7\u2122\u00d7\u2018\u00d7\u2122 \u00d7\u2018\u00d7\u203a\u00d7\u00aa\u00d7\u2022\u00d7\u2018\u00d7\u2122\u00d7\u009d<\/a><\/li>\n<li><a href=\"http:\/\/www.hahem.co.il\/trueandshocking\/?p=721\">\u00d7\u0153\u00d7\u0090 \u00d7\u00a9\u00d7\u2018\u00d7\u201d\u00d7\u00a8\u00d7\u2122\u00d7\u009d \u00d7\u00a0\u00d7\u00a9\u00d7\u2122\u00d7\u017e\u00d7\u00aa\u00d7\u2122 \u00d7\u00a7\u00d7\u00a6\u00d7\u00a8\u00d7\u201d<\/a><\/li>\n<li><a href=\"http:\/\/www.hahem.co.il\/trueandshocking\/?p=723\">\u00d7\u2018\u00d7\u017e\u00d7\u00a7\u00d7\u2022\u00d7\u009d \u00d7\u00a9\u00d7\u2018\u00d7\u2022 \u00d7\u201d\u00d7\u00a9\u00d7\u00a8\u00d7\u2022\u00d7\u2022\u00d7\u0153\u00d7\u2122\u00d7\u009d \u00d7\u201d\u00d7\u2022\u00d7\u00a4\u00d7\u203a\u00d7\u2122\u00d7\u009d \u00d7\u0153\u00d7\u00a2\u00d7\u00a0\u00d7\u00a4\u00d7\u2122\u00d7\u009d<\/a><\/li>\n<li><a href=\"http:\/\/www.hahem.co.il\/trueandshocking\/?p=725\">\u00d7\u00a2\u00d7\u2122\u00d7\u00a8 \u00d7\u201d\u00d7\u017e\u00d7\u00a6\u00d7\u2022\u00d7\u00a8\u00d7\u00a2\u00d7\u2122\u00d7\u009d (\u00d7\u00a9\u00d7\u2018\u00d7\u00a7\u00d7\u00a6\u00d7\u201d \u00d7\u201d\u00d7\u00a2\u00d7\u2122\u00d7\u00a8)<\/a><\/li>\n<li><a href=\"http:\/\/www.hahem.co.il\/trueandshocking\/?p=728\">\u00d7\u201d\u00d7\u00a1\u00d7\u2018\u00d7\u2022\u00d7\u0178 \u00d7\u2018\u00d7\u203a\u00d7\u201d \u00d7\u017e\u00d7\u0090\u00d7\u2022\u00d7\u201c, \u00d7\u2022\u00d7\u2122\u00d7\u00a9 \u00d7\u0153\u00d7\u00a7\u00d7\u2022\u00d7\u2022\u00d7\u00aa \u00d7\u00a9\u00d7\u017e\u00d7\u00aa<\/a><\/li>\n<li><a href=\"http:\/\/www.hahem.co.il\/trueandshocking\/?p=730\">\u00d7\u0090\u00d7\u2022\u00d7\u00a7\u00d7\u2122\u00d7\u2122\u00d7\u00a0\u00d7\u2022\u00d7\u00a1\u00d7\u2122\u00d7\u009d<\/a><\/li>\n<li><a href=\"http:\/\/www.hahem.co.il\/trueandshocking\/?p=733\">\u00d7\u00a0\u00d7\u2013\u00d7\u2122\u00d7\u201c \u00d7\u0090\u00d7\u00a0\u00d7\u00a9\u00d7\u2122\u00d7\u009d<\/a><\/li>\n<li><a href=\"http:\/\/www.hahem.co.il\/trueandshocking\/?p=734\">\u00d7\u00a2\u00d7\u0153 \u00d7\u00a9\u00d7\u00a0\u00d7\u0090\u00d7\u201d \u00d7\u00a2\u00d7\u00a6\u00d7\u017e\u00d7\u2122\u00d7\u00aa<\/a><\/li>\n<li><a href=\"http:\/\/www.hahem.co.il\/trueandshocking\/?p=739\">\u00d7\u017e\u00d7\u00aa\u00d7\u2022\u00d7\u0161 &quot;\u00d7\u2018\u00d7\u00a9\u00d7\u2018\u00d7\u2014 \u00d7\u201d\u00d7\u00a4\u00d7\u0090\u00d7\u00a1\u00d7\u2122\u00d7\u2018\u00d7\u2122\u00d7\u2022\u00d7\u00aa&quot;<\/a><\/li>\n<li><a href=\"http:\/\/www.hahem.co.il\/trueandshocking\/?p=742\">\u00d7\u2018\u00d7\u203a\u00d7\u00a8\u00d7\u2022\u00d7\u00a0\u00d7\u2022\u00d7\u02dc\u00d7\u2022\u00d7\u00a4<\/a><\/li>\n<li><a href=\"http:\/\/www.hahem.co.il\/trueandshocking\/?p=749\">\u00d7\u2122\u00d7\u00a9 \u00d7\u203a\u00d7\u2013\u00d7\u201d \u00d7\u00a4\u00d7\u00a8\u00d7\u00a7 \u00d7\u2018\u00d7\u00a1\u00d7\u2122\u00d7\u2122\u00d7\u00a0\u00d7\u00a4\u00d7\u0153\u00d7\u201c<\/a><\/li>\n<li><a href=\"http:\/\/www.hahem.co.il\/trueandshocking\/?p=753\">\u00d7\u2122\u00d7\u0153\u00d7\u201c\u00d7\u201d<\/a><\/li>\n<li><a href=\"http:\/\/www.hahem.co.il\/trueandshocking\/?p=757\">Here Be Slashers<\/a><\/li>\n<li><a href=\"http:\/\/www.hahem.co.il\/trueandshocking\/?p=759\">\u00d7\u017e\u00d7\u2022\u00d7\u00a0\u00d7\u2022\u00d7\u017e\u00d7\u00a0\u00d7\u02dc<\/a><\/li>\n<li><a href=\"http:\/\/www.hahem.co.il\/trueandshocking\/?p=761\">\u00d7\u201d\u00d7\u2122\u00d7\u00a7\u00d7\u2022\u00d7\u009d \u00d7\u201d\u00d7\u0090\u00d7\u2022\u00d7\u00a0\u00d7\u2022\u00d7\u017e\u00d7\u02dc\u00d7\u2022\u00d7\u00a4\u00d7\u0090\u00d7\u2122<\/a><\/li>\n<li><a href=\"http:\/\/www.hahem.co.il\/trueandshocking\/?p=762\">\u00d7\u0090\u00d7\u00a0\u00d7\u2019'\u00d7\u0153\u00d7\u2122\u00d7\u00a0\u00d7\u201d \u00d7\u2018\u00d7\u2018\u00d7\u00a0\u00d7\u2019\u00d7\u00a7\u00d7\u2022\u00d7\u00a7<\/a><\/li>\n<li><a href=\"http:\/\/www.hahem.co.il\/trueandshocking\/?p=763\">\u00d7\u201d\u00d7\u017e\u00d7\u00a1\u00d7\u00a2 \u00d7\u0153\u00d7\u0090\u00d7\u017e\u00d7\u00a1\u00d7\u02dc\u00d7\u00a8\u00d7\u201c\u00d7\u009d<\/a><\/li>\n<li><a href=\"http:\/\/www.hahem.co.il\/trueandshocking\/?p=766\">\u00d7\u0090\u00d7\u2014\u00d7\u00a8\u00d7\u2122 \u00d7\u0153\u00d7\u0090\u00d7\u2022\u00d7\u0153\u00d7\u2122\u00d7\u017e\u00d7\u00a4\u00d7\u2122\u00d7\u0090\u00d7\u201c\u00d7\u00aa \u00d7\u201d\u00d7\u00a0\u00d7\u203a\u00d7\u2122\u00d7\u009d (\u00d7\u0090\u00d7\u2022) \u00d7\u2014\u00d7\u2022\u00d7\u00a7 \u00d7\u00a9\u00d7\u2122\u00d7\u017e\u00d7\u2022\u00d7\u00a8 \u00d7\u201d\u00d7\u2018\u00d7\u00a2\u00d7\u00a1\u00d7\u201d<\/a><\/li>\n<li><a href=\"http:\/\/www.hahem.co.il\/trueandshocking\/?p=771\">\u00d7\u00a2\u00d7\u0153 \u00d7\u2014\u00d7\u2018\u00d7\u0153 \u00d7\u201c\u00d7\u00a7<\/a><\/li>\n<li><a href=\"http:\/\/www.hahem.co.il\/trueandshocking\/?p=775\">\u00d7\u0153\u00d7\u00a4\u00d7\u00a0\u00d7\u2122 \u00d7\u00a9\u00d7\u201d\u00d7\u2019\u00d7\u2022\u00d7\u00a3 \u00d7\u2122\u00d7\u2018\u00d7\u2019\u00d7\u2022\u00d7\u201c \u00d7\u2022\u00d7\u201d\u00d7\u017e\u00d7\u00a8\u00d7\u2014\u00d7\u2018\u00d7\u2122\u00d7\u009d \u00d7\u2122\u00d7\u201d\u00d7\u00a4\u00d7\u203a\u00d7\u2022 \u00d7\u0153\u00d7\u203a\u00d7\u0153\u00d7\u0090<\/a><\/li>\n<\/ul>\n<\/div>\n","protected":false},"excerpt":{"rendered":"<p>\u00d7\u201d\u00d7\u201c\u00d7\u00a8\u00d7\u0161 \u00d7\u017e\u00d7\u201d\u00d7\u2018\u00d7\u2122\u00d7\u00aa \u00d7\u00a9\u00d7\u0153\u00d7\u2122 \u00d7\u2018\u00d7\u00a9\u00d7\u2122\u00d7\u00a0\u00d7\u00a7\u00d7\u2122\u00d7\u0178 \u00d7\u0153\u00d7\u2018\u00d7\u2122\u00d7\u00aa \u00d7\u00a9\u00d7\u0153 \u00d7\u0090\u00d7\u00a9\u00d7\u00aa\u00d7\u2122 \u00d7\u2018\u00d7\u00a4\u00d7\u2122\u00d7\u2122\u00d7\u0090\u00d7\u00a8\u00d7\u2018\u00d7\u00a8\u00d7\u2019. \u00d7\u201d\u00d7\u201c\u00d7\u00a8\u00d7\u0161 \u00d7\u017e\u00d7\u201d\u00d7\u2018\u00d7\u2122\u00d7\u00aa \u00d7\u00a9\u00d7\u0153\u00d7\u2122 \u00d7\u2018\u00d7\u00a9\u00d7\u2122\u00d7\u00a0\u00d7\u00a7\u00d7\u2122\u00d7\u0178 \u00d7\u0153\u00d7\u00a8\u00d7\u2014\u00d7\u2022\u00d7\u2018 \u00d7\u2018\u00d7\u2022\u00d7\u00a2\u00d7\u2013, \u00d7\u00a9\u00d7\u009d \u00d7\u00a0\u00d7\u017e\u00d7\u00a6\u00d7\u0090\u00d7\u00aa \u00d7\u0090\u00d7\u00a7\u00d7\u00a1\u00d7\u02dc\u00d7\u00a0\u00d7\u00a6\u00d7\u2122\u00d7\u201d \u00d7\u00a9\u00d7\u0153 \u00d7\u201d\u00d7\u2018\u00d7\u2122\u00d7\u00aa \u00d7\u00a9\u00d7\u0153\u00d7\u2122, \u00d7\u0090\u00d7\u2122\u00d7\u00a4\u00d7\u201d \u00d7\u00a9\u00d7\u201c\u00d7\u00a0\u00d7\u201d \u00d7\u2022\u00d7\u201c\u00d7\u0178-\u00d7\u2122\u00d7\u201d \u00d7\u2019\u00d7\u00a8\u00d7\u2022\u00d7\u00aa. \u00d7\u201d\u00d7\u201c\u00d7\u00a8\u00d7\u0161 \u00d7\u017e\u00d7\u203a\u00d7\u0153 \u00d7\u017e\u00d7\u00a7\u00d7\u2022\u00d7\u009d \u00d7\u2018\u00d7\u2022 \u00d7\u2019\u00d7\u00a8\u00d7\u00aa\u00d7\u2122 \u00d7\u2018\u00d7\u00a9\u00d7\u00a0\u00d7\u2122\u00d7\u009d \u00d7\u201d\u00d7\u0090\u00d7\u2014\u00d7\u00a8\u00d7\u2022\u00d7\u00a0\u00d7\u2022\u00d7\u00aa \u00d7\u0153\u00d7\u00a8\u00d7\u2014\u00d7\u2022\u00d7\u2018 \u00d7\u00a9\u00d7\u0090\u00d7\u00a0\u00d7\u0178, \u00d7\u2018\u00d7\u2022 \u00d7\u2019\u00d7\u00a8\u00d7\u2122\u00d7\u009d \u00d7\u201d\u00d7\u201d\u00d7\u2022\u00d7\u00a8\u00d7\u2122\u00d7\u009d \u00d7\u00a9\u00d7\u0153\u00d7\u2122. \u00d7\u00a7\u00d7\u2022\u00d7\u017e\u00d7\u201d \u00d7\u00a9\u00d7\u00a9 \u00d7\u2018\u00d7\u00aa\u00d7\u2014\u00d7\u00a0\u00d7\u201d \u00d7\u017e\u00d7\u00a8\u00d7\u203a\u00d7\u2013\u00d7\u2122\u00d7\u00aa \u00d7\u2014\u00d7\u201c\u00d7\u00a9\u00d7\u201d, \u00d7\u201d\u00d7\u00a2\u00d7\u0153\u00d7\u2122\u00d7\u2122\u00d7\u201d \u00d7\u0153\u00d7\u0090\u00d7\u2022\u00d7\u02dc\u00d7\u2022\u00d7\u2018\u00d7\u2022\u00d7\u00a1 394, \u00d7\u2022\u00d7\u201d\u00d7\u00a0\u00d7\u00a1\u00d7\u2122\u00d7\u00a2\u00d7\u201d \u00d7\u201d\u00d7\u0090\u00d7\u2122\u00d7\u00a0\u00d7\u00a1\u00d7\u2022\u00d7\u00a4\u00d7\u2122\u00d7\u00aa \u00d7\u0090\u00d7\u0161 \u00d7\u017e\u00d7\u00a2\u00d7\u0153\u00d7\u00aa \u00d7\u201d\u00d7\u00a0\u00d7\u2022\u00d7\u00a1\u00d7\u02dc\u00d7\u0153\u00d7\u2019\u00d7\u2122\u00d7\u201d \u00d7\u0153\u00d7\u0090\u00d7\u2122\u00d7\u0153\u00d7\u00aa, \u00d7\u00a9\u00d7\u009d \u00d7\u2019\u00d7\u00a8\u00d7\u2022 \u00d7\u201d\u00d7\u201d\u00d7\u2022\u00d7\u00a8\u00d7\u2122\u00d7\u009d \u00d7\u00a9\u00d7\u0153\u00d7\u2122 &hellip; <a href=\"https:\/\/www.hahem.co.il\/trueandshocking\/?page_id=772\" class=\"more-link\">\u05dc\u05d4\u05de\u05e9\u05d9\u05da \u05dc\u05e7\u05e8\u05d5\u05d0 <span class=\"screen-reader-text\">\u00d7\u00a4\u00d7\u00a8\u00d7\u2022\u00d7\u2122\u00d7\u00a7\u00d7\u02dc \u00d7\u017e\u00d7\u00a8\u00d7\u2014\u00d7\u2018\u00d7\u2122\u00d7\u009d<\/span> <span class=\"meta-nav\">&larr;<\/span><\/a><\/p>\n","protected":false},"author":2,"featured_media":0,"parent":0,"menu_order":0,"comment_status":"open","ping_status":"open","template":"","meta":{"footnotes":""},"class_list":["post-772","page","type-page","status-publish","hentry"],"_links":{"self":[{"href":"https:\/\/www.hahem.co.il\/trueandshocking\/index.php?rest_route=\/wp\/v2\/pages\/772","targetHints":{"allow":["GET"]}}],"collection":[{"href":"https:\/\/www.hahem.co.il\/trueandshocking\/index.php?rest_route=\/wp\/v2\/pages"}],"about":[{"href":"https:\/\/www.hahem.co.il\/trueandshocking\/index.php?rest_route=\/wp\/v2\/types\/page"}],"author":[{"embeddable":true,"href":"https:\/\/www.hahem.co.il\/trueandshocking\/index.php?rest_route=\/wp\/v2\/users\/2"}],"replies":[{"embeddable":true,"href":"https:\/\/www.hahem.co.il\/trueandshocking\/index.php?rest_route=%2Fwp%2Fv2%2Fcomments&post=772"}],"version-history":[{"count":0,"href":"https:\/\/www.hahem.co.il\/trueandshocking\/index.php?rest_route=\/wp\/v2\/pages\/772\/revisions"}],"wp:attachment":[{"href":"https:\/\/www.hahem.co.il\/trueandshocking\/index.php?rest_route=%2Fwp%2Fv2%2Fmedia&parent=772"}],"curies":[{"name":"wp","href":"https:\/\/api.w.org\/{rel}","templated":true}]}}