
{"id":752,"date":"2008-06-29T23:06:56","date_gmt":"2008-06-29T21:06:56","guid":{"rendered":"http:\/\/www.hahem.co.il\/trueandshocking\/?page_id=752"},"modified":"2008-06-29T23:06:56","modified_gmt":"2008-06-29T21:06:56","slug":"%d7%a4%d7%a8%d7%95%d7%99%d7%a7%d7%98-%d7%97%d7%99%d7%a0%d7%95%d7%9a","status":"publish","type":"page","link":"https:\/\/www.hahem.co.il\/trueandshocking\/?page_id=752","title":{"rendered":"\u00d7\u00a4\u00d7\u00a8\u00d7\u2022\u00d7\u2122\u00d7\u00a7\u00d7\u02dc \u00d7\u2014\u00d7\u2122\u00d7\u00a0\u00d7\u2022\u00d7\u0161"},"content":{"rendered":"<div align=\"center\" dir=\"rtl\"><img decoding=\"async\" src=\"http:\/\/www.hahem.co.il\/trueandshocking\/wp-content\/uploads\/2007\/12\/1.jpg\" alt=\"\" \/><\/div>\n<p align=\"right\" dir=\"rtl\">&nbsp;<\/p>\n<blockquote>\n<p align=\"right\" dir=\"rtl\">\u00d7\u017e\u00d7\u201d \u00d7\u00a4\u00d7\u00aa\u00d7\u0090\u00d7\u2022\u00d7\u009d \u00d7\u00a4\u00d7\u00a8\u00d7\u2022\u00d7\u2122\u00d7\u2122\u00d7\u00a7\u00d7\u02dc \u00d7\u2014\u00d7\u2122\u00d7\u00a0\u00d7\u2022\u00d7\u0161? \u00d7\u201d\u00d7\u00a8\u00d7\u2122 \u00d7\u203a\u00d7\u2022\u00d7\u0153\u00d7\u009d \u00d7\u203a\u00d7\u0153 \u00d7\u201d\u00d7\u00a2\u00d7\u00aa \u00d7\u017e\u00d7\u00a4\u00d7\u02dc\u00d7\u00a4\u00d7\u02dc\u00d7\u2122\u00d7\u009d \u00d7\u00a2\u00d7\u0153 \u00d7\u201d\u00d7\u2014\u00d7\u2122\u00d7\u00a0\u00d7\u2022\u00d7\u0161. \u00d7\u017e\u00d7\u201d \u00d7\u00a4\u00d7\u00aa\u00d7\u0090\u00d7\u2022\u00d7\u009d \u00d7\u00a2\u00d7\u203a\u00d7\u00a9\u00d7\u2122\u00d7\u2022 \u00d7\u00a4\u00d7\u00a8\u00d7\u2022\u00d7\u2122\u00d7\u2122\u00d7\u00a7\u00d7\u02dc \u00d7\u2014\u00d7\u2122\u00d7\u00a0\u00d7\u2022\u00d7\u0161? \u00d7\u2022\u00d7\u2018\u00d7\u203a\u00d7\u0178, \u00d7\u2013\u00d7\u201d \u00d7\u00a0\u00d7\u203a\u00d7\u2022\u00d7\u0178. \u00d7\u203a\u00d7\u2022\u00d7\u0153\u00d7\u009d \u00d7\u017e\u00d7\u00a4\u00d7\u02dc\u00d7\u00a4\u00d7\u02dc\u00d7\u2122\u00d7\u009d. \u00d7\u0090\u00d7\u2018\u00d7\u0153 \u00d7\u201d\u00d7\u00aa\u00d7\u00a7\u00d7\u00a9\u00d7\u2022\u00d7\u00a8\u00d7\u00aa, \u00d7\u2013\u00d7\u2122\u00d7\u00a8\u00d7\u00aa \u00d7\u201d\u00d7\u00a4\u00d7\u02dc\u00d7\u00a4\u00d7\u2022\u00d7\u02dc \u00d7\u201d\u00d7\u017e\u00d7\u00a8\u00d7\u203a\u00d7\u2013\u00d7\u2122\u00d7\u00aa, \u00d7\u00a2\u00d7\u2022\u00d7\u00a9\u00d7\u201d \u00d7\u017e\u00d7\u201d \u00d7\u00a9\u00d7\u201d\u00d7\u2122\u00d7\u0090 \u00d7\u00aa\u00d7\u017e\u00d7\u2122\u00d7\u201c \u00d7\u00a2\u00d7\u2022\u00d7\u00a9\u00d7\u201d: \u00d7\u017e\u00d7\u017e\u00d7\u00a1\u00d7\u2019\u00d7\u00a8\u00d7\u00aa \u00d7\u0090\u00d7\u00aa \u00d7\u201d\u00d7\u201c\u00d7\u2122\u00d7\u2022\u00d7\u0178. \u00d7\u2022\u00d7\u2018\u00d7\u017e\u00d7\u00a1\u00d7\u2019\u00d7\u00a8\u00d7\u00aa \u00d7\u201d\u00d7\u2013\u00d7\u0090\u00d7\u00aa \u00d7\u00a0\u00d7\u203a\u00d7\u00a0\u00d7\u00a1\u00d7\u2122\u00d7\u009d \u00d7\u00aa\u00d7\u017e\u00d7\u2122\u00d7\u201c \u00d7\u0090\u00d7\u2022\u00d7\u00aa\u00d7\u009d \u00d7\u00a0\u00d7\u2022\u00d7\u00a9\u00d7\u0090\u00d7\u2122\u00d7\u009d. \u00d7\u201d\u00d7\u009d \u00d7\u2014\u00d7\u00a9\u00d7\u2022\u00d7\u2018\u00d7\u2122\u00d7\u009d, \u00d7\u2013\u00d7\u201d \u00d7\u2018\u00d7\u02dc\u00d7\u2022\u00d7\u2014. \u00d7\u0153\u00d7\u00a4\u00d7\u00a2\u00d7\u017e\u00d7\u2122\u00d7\u009d \u00d7\u201d\u00d7\u009d \u00d7\u0090\u00d7\u00a4\u00d7\u2122\u00d7\u0153\u00d7\u2022 \u00d7\u017e\u00d7\u00a6\u00d7\u2018\u00d7\u2122\u00d7\u00a2\u00d7\u2122\u00d7\u009d \u00d7\u00a2\u00d7\u0153 \u00d7\u017e\u00d7\u2014\u00d7\u00a9\u00d7\u2018\u00d7\u201d \u00d7\u00a0\u00d7\u203a\u00d7\u2022\u00d7\u00a0\u00d7\u201d. \u00d7\u0090\u00d7\u2018\u00d7\u0153 \u00d7\u0153\u00d7\u00a2\u00d7\u2022\u00d7\u00a1\u00d7\u2122\u00d7\u009d. \u00d7\u017e\u00d7\u017e\u00d7\u00a9 \u00d7\u0153\u00d7\u00a2\u00d7\u2022\u00d7\u00a1\u00d7\u2122\u00d7\u009d. \u00d7\u017e\u00d7\u017e\u00d7\u00a9 \u00d7\u017e\u00d7\u017e\u00d7\u00a9 \u00d7\u0153\u00d7\u00a2\u00d7\u2022\u00d7\u00a1\u00d7\u2122\u00d7\u009d. \u00d7\u203a\u00d7\u0153 \u00d7\u203a\u00d7\u0161 \u00d7\u0153\u00d7\u00a2\u00d7\u2022\u00d7\u00a1\u00d7\u2122\u00d7\u009d, \u00d7\u00a2\u00d7\u201c \u00d7\u00a9\u00d7\u00a8\u00d7\u2022\u00d7\u0090\u00d7\u2122\u00d7\u009d \u00d7\u2018\u00d7\u201d\u00d7\u009d \u00d7\u0090\u00d7\u00aa \u00d7\u00a1\u00d7\u2122\u00d7\u017e\u00d7\u00a0\u00d7\u2122 \u00d7\u201d\u00d7\u00a9\u00d7\u2122\u00d7\u00a0\u00d7\u2122\u00d7\u2122\u00d7\u009d \u00d7\u00a9\u00d7\u0153 \u00d7\u203a\u00d7\u0153 \u00d7\u201d\u00d7\u017e\u00d7\u201c\u00d7\u2122\u00d7\u00a0\u00d7\u201d. (\u00d7\u017e\u00d7\u00aa\u00d7\u2022\u00d7\u0161 <a href=\"http:\/\/www.hahem.co.il\/trueandshocking\/?p=610\">\u00d7\u201d\u00d7\u201d\u00d7\u2013\u00d7\u017e\u00d7\u00a0\u00d7\u201d \u00d7\u0153\u00d7\u00a4\u00d7\u00a8\u00d7\u2022\u00d7\u2122\u00d7\u00a7\u00d7\u02dc<\/a>)<\/p>\n<\/blockquote>\n<div align=\"right\" dir=\"rtl\">\n<ul>\n<li><a href=\"http:\/\/www.hahem.co.il\/trueandshocking\/?p=624\">\u00d7\u2014\u00d7\u2122\u00d7\u00a0\u00d7\u2022\u00d7\u0161<\/a><\/li>\n<li><a href=\"http:\/\/www.hahem.co.il\/trueandshocking\/?p=626\">\u00d7\u2014\u00d7\u2122\u00d7\u00a0\u00d7\u2022\u00d7\u0161 \u00d7\u2018\u00d7\u00a2\u00d7\u2122\u00d7\u201c\u00d7\u0178 \u00d7\u201d\u00d7\u00a9\u00d7\u2122\u00d7\u2014 \u00d7\u201d\u00d7\u00a4\u00d7\u2022\u00d7\u00a1\u00d7\u02dc\u00d7\u017e\u00d7\u2022\u00d7\u2013\u00d7\u00a0\u00d7\u2122<\/a><\/li>\n<li><a href=\"http:\/\/www.hahem.co.il\/trueandshocking\/?p=627\">\u00d7\u00a0\u00d7\u02dc\u00d7\u2022\u00d7\u0153\u00d7\u2122 \u00d7\u00a2\u00d7\u2022\u00d7\u2019\u00d7\u00a0\u00d7\u2122\u00d7\u009d<\/a><\/li>\n<li><a href=\"http:\/\/www.hahem.co.il\/trueandshocking\/?p=628\">\u00d7\u2018\u00d7\u2122\u00d7\u00a0\u00d7\u00aa\u00d7\u2122\u00d7\u2122\u00d7\u009d, \u00d7\u2018\u00d7\u00a7\u00d7\u00a6\u00d7\u201d \u00d7\u201d\u00d7\u00a9\u00d7\u00a0\u00d7\u2122 \u00d7\u00a9\u00d7\u0153 \u00d7\u201d\u00d7\u00a2\u00d7\u2022\u00d7\u0153\u00d7\u009d<\/a><\/li>\n<li><a href=\"http:\/\/www.hahem.co.il\/trueandshocking\/?p=629\">\u00d7\u0153\u00d7\u00a9\u00d7\u203a\u00d7\u2022\u00d7\u2014<\/a><\/li>\n<li><a href=\"http:\/\/www.hahem.co.il\/trueandshocking\/?p=630\">\u00d7\u00a9\u00d7\u2018\u00d7\u2122\u00d7\u00aa\u00d7\u201d \u00d7\u2014\u00d7\u00a6\u00d7\u2122 \u00d7\u00a9\u00d7\u2018\u00d7\u2122\u00d7\u00aa\u00d7\u201d<\/a><\/li>\n<li><a href=\"http:\/\/www.hahem.co.il\/trueandshocking\/?p=631\">\u00d7\u00a7\u00d7\u2122\u00d7\u00a6\u00d7\u2022\u00d7\u00a8 \u00d7\u00aa\u00d7\u2022\u00d7\u0153\u00d7\u201c\u00d7\u2022\u00d7\u00aa \u00d7\u201d\u00d7\u2013\u00d7\u017e\u00d7\u0178 (\u00d7\u00a9\u00d7\u0153\u00d7\u2122 \u00d7\u2018\u00d7\u017e\u00d7\u00a2\u00d7\u00a8\u00d7\u203a\u00d7\u00aa \u00d7\u201d\u00d7\u2014\u00d7\u2122\u00d7\u00a0\u00d7\u2022\u00d7\u0161)<\/a><\/li>\n<li><a href=\"http:\/\/www.hahem.co.il\/trueandshocking\/?p=632\">\u00d7\u201d\u00d7\u00a1\u00d7\u02dc\u00d7\u2022\u00d7\u201c\u00d7\u00a0\u00d7\u02dc \u00d7\u00a9\u00d7\u2018\u00d7\u00aa &#8211; \u00d7\u2022\u00d7\u201d\u00d7\u00a9\u00d7\u2022\u00d7\u2014\u00d7\u02dc \u00d7\u00a9\u00d7\u2014\u00d7\u02dc<\/a><\/li>\n<li><a href=\"http:\/\/www.hahem.co.il\/trueandshocking\/?p=633\">\u00d7\u017e\u00d7\u201c\u00d7\u00a8\u00d7\u2122\u00d7\u0161 \u00d7\u017e\u00d7\u00a4\u00d7\u2022\u00d7\u203a\u00d7\u2014 \u00d7\u0153\u00d7\u00aa\u00d7\u0153\u00d7\u017e\u00d7\u2122\u00d7\u201c\u00d7\u2122 \u00d7\u017e\u00d7\u2014\u00d7\u00a7\u00d7\u00a8 &#8211; \u00d7\u017e\u00d7\u00a2\u00d7\u2122\u00d7\u0178 \u00d7\u017e\u00d7\u2018\u00d7\u2022\u00d7\u0090<\/a><\/li>\n<li><a href=\"http:\/\/www.hahem.co.il\/trueandshocking\/?p=634\">\u00d7\u2014\u00d7\u203a\u00d7\u2022\u00d7\u00aa \u00d7\u00a9\u00d7\u2018\u00d7\u2022\u00d7\u00a8\u00d7\u2022\u00d7\u00aa<\/a><\/li>\n<li><a href=\"http:\/\/www.hahem.co.il\/trueandshocking\/?p=635\">\u00d7\u201d\u00d7\u00a9\u00d7\u2018\u00d7\u2122\u00d7\u00aa\u00d7\u201d \u00d7\u00a9\u00d7\u0153 \u00d7\u201d\u00d7\u0090\u00d7\u2022\u00d7\u00a6\u00d7\u00a8<\/a><\/li>\n<\/ul>\n<\/div>\n","protected":false},"excerpt":{"rendered":"<p>&nbsp; \u00d7\u017e\u00d7\u201d \u00d7\u00a4\u00d7\u00aa\u00d7\u0090\u00d7\u2022\u00d7\u009d \u00d7\u00a4\u00d7\u00a8\u00d7\u2022\u00d7\u2122\u00d7\u2122\u00d7\u00a7\u00d7\u02dc \u00d7\u2014\u00d7\u2122\u00d7\u00a0\u00d7\u2022\u00d7\u0161? \u00d7\u201d\u00d7\u00a8\u00d7\u2122 \u00d7\u203a\u00d7\u2022\u00d7\u0153\u00d7\u009d \u00d7\u203a\u00d7\u0153 \u00d7\u201d\u00d7\u00a2\u00d7\u00aa \u00d7\u017e\u00d7\u00a4\u00d7\u02dc\u00d7\u00a4\u00d7\u02dc\u00d7\u2122\u00d7\u009d \u00d7\u00a2\u00d7\u0153 \u00d7\u201d\u00d7\u2014\u00d7\u2122\u00d7\u00a0\u00d7\u2022\u00d7\u0161. \u00d7\u017e\u00d7\u201d \u00d7\u00a4\u00d7\u00aa\u00d7\u0090\u00d7\u2022\u00d7\u009d \u00d7\u00a2\u00d7\u203a\u00d7\u00a9\u00d7\u2122\u00d7\u2022 \u00d7\u00a4\u00d7\u00a8\u00d7\u2022\u00d7\u2122\u00d7\u2122\u00d7\u00a7\u00d7\u02dc \u00d7\u2014\u00d7\u2122\u00d7\u00a0\u00d7\u2022\u00d7\u0161? \u00d7\u2022\u00d7\u2018\u00d7\u203a\u00d7\u0178, \u00d7\u2013\u00d7\u201d \u00d7\u00a0\u00d7\u203a\u00d7\u2022\u00d7\u0178. \u00d7\u203a\u00d7\u2022\u00d7\u0153\u00d7\u009d \u00d7\u017e\u00d7\u00a4\u00d7\u02dc\u00d7\u00a4\u00d7\u02dc\u00d7\u2122\u00d7\u009d. \u00d7\u0090\u00d7\u2018\u00d7\u0153 \u00d7\u201d\u00d7\u00aa\u00d7\u00a7\u00d7\u00a9\u00d7\u2022\u00d7\u00a8\u00d7\u00aa, \u00d7\u2013\u00d7\u2122\u00d7\u00a8\u00d7\u00aa \u00d7\u201d\u00d7\u00a4\u00d7\u02dc\u00d7\u00a4\u00d7\u2022\u00d7\u02dc \u00d7\u201d\u00d7\u017e\u00d7\u00a8\u00d7\u203a\u00d7\u2013\u00d7\u2122\u00d7\u00aa, \u00d7\u00a2\u00d7\u2022\u00d7\u00a9\u00d7\u201d \u00d7\u017e\u00d7\u201d \u00d7\u00a9\u00d7\u201d\u00d7\u2122\u00d7\u0090 \u00d7\u00aa\u00d7\u017e\u00d7\u2122\u00d7\u201c \u00d7\u00a2\u00d7\u2022\u00d7\u00a9\u00d7\u201d: \u00d7\u017e\u00d7\u017e\u00d7\u00a1\u00d7\u2019\u00d7\u00a8\u00d7\u00aa \u00d7\u0090\u00d7\u00aa \u00d7\u201d\u00d7\u201c\u00d7\u2122\u00d7\u2022\u00d7\u0178. \u00d7\u2022\u00d7\u2018\u00d7\u017e\u00d7\u00a1\u00d7\u2019\u00d7\u00a8\u00d7\u00aa \u00d7\u201d\u00d7\u2013\u00d7\u0090\u00d7\u00aa \u00d7\u00a0\u00d7\u203a\u00d7\u00a0\u00d7\u00a1\u00d7\u2122\u00d7\u009d \u00d7\u00aa\u00d7\u017e\u00d7\u2122\u00d7\u201c \u00d7\u0090\u00d7\u2022\u00d7\u00aa\u00d7\u009d \u00d7\u00a0\u00d7\u2022\u00d7\u00a9\u00d7\u0090\u00d7\u2122\u00d7\u009d. \u00d7\u201d\u00d7\u009d \u00d7\u2014\u00d7\u00a9\u00d7\u2022\u00d7\u2018\u00d7\u2122\u00d7\u009d, \u00d7\u2013\u00d7\u201d \u00d7\u2018\u00d7\u02dc\u00d7\u2022\u00d7\u2014. \u00d7\u0153\u00d7\u00a4\u00d7\u00a2\u00d7\u017e\u00d7\u2122\u00d7\u009d \u00d7\u201d\u00d7\u009d \u00d7\u0090\u00d7\u00a4\u00d7\u2122\u00d7\u0153\u00d7\u2022 \u00d7\u017e\u00d7\u00a6\u00d7\u2018\u00d7\u2122\u00d7\u00a2\u00d7\u2122\u00d7\u009d \u00d7\u00a2\u00d7\u0153 \u00d7\u017e\u00d7\u2014\u00d7\u00a9\u00d7\u2018\u00d7\u201d \u00d7\u00a0\u00d7\u203a\u00d7\u2022\u00d7\u00a0\u00d7\u201d. \u00d7\u0090\u00d7\u2018\u00d7\u0153 \u00d7\u0153\u00d7\u00a2\u00d7\u2022\u00d7\u00a1\u00d7\u2122\u00d7\u009d. \u00d7\u017e\u00d7\u017e\u00d7\u00a9 &hellip; <a href=\"https:\/\/www.hahem.co.il\/trueandshocking\/?page_id=752\" class=\"more-link\">\u05dc\u05d4\u05de\u05e9\u05d9\u05da \u05dc\u05e7\u05e8\u05d5\u05d0 <span class=\"screen-reader-text\">\u00d7\u00a4\u00d7\u00a8\u00d7\u2022\u00d7\u2122\u00d7\u00a7\u00d7\u02dc \u00d7\u2014\u00d7\u2122\u00d7\u00a0\u00d7\u2022\u00d7\u0161<\/span> <span class=\"meta-nav\">&larr;<\/span><\/a><\/p>\n","protected":false},"author":2,"featured_media":0,"parent":0,"menu_order":0,"comment_status":"open","ping_status":"open","template":"","meta":{"footnotes":""},"class_list":["post-752","page","type-page","status-publish","hentry"],"_links":{"self":[{"href":"https:\/\/www.hahem.co.il\/trueandshocking\/index.php?rest_route=\/wp\/v2\/pages\/752","targetHints":{"allow":["GET"]}}],"collection":[{"href":"https:\/\/www.hahem.co.il\/trueandshocking\/index.php?rest_route=\/wp\/v2\/pages"}],"about":[{"href":"https:\/\/www.hahem.co.il\/trueandshocking\/index.php?rest_route=\/wp\/v2\/types\/page"}],"author":[{"embeddable":true,"href":"https:\/\/www.hahem.co.il\/trueandshocking\/index.php?rest_route=\/wp\/v2\/users\/2"}],"replies":[{"embeddable":true,"href":"https:\/\/www.hahem.co.il\/trueandshocking\/index.php?rest_route=%2Fwp%2Fv2%2Fcomments&post=752"}],"version-history":[{"count":0,"href":"https:\/\/www.hahem.co.il\/trueandshocking\/index.php?rest_route=\/wp\/v2\/pages\/752\/revisions"}],"wp:attachment":[{"href":"https:\/\/www.hahem.co.il\/trueandshocking\/index.php?rest_route=%2Fwp%2Fv2%2Fmedia&parent=752"}],"curies":[{"name":"wp","href":"https:\/\/api.w.org\/{rel}","templated":true}]}}