
{"id":746,"date":"2008-06-29T08:59:13","date_gmt":"2008-06-29T06:59:13","guid":{"rendered":"http:\/\/www.hahem.co.il\/trueandshocking\/?page_id=746"},"modified":"2008-07-03T08:40:53","modified_gmt":"2008-07-03T06:40:53","slug":"%d7%a4%d7%a8%d7%95%d7%99%d7%a7%d7%98-%d7%94%d7%a1%d7%99%d7%a4%d7%95%d7%a8-%d7%94%d7%a7%d7%a6%d7%a8-%d7%95%d7%94%d7%9e%d7%96%d7%a2%d7%96%d7%a2-%d7%a9%d7%9c-%d7%94%d7%90%d7%a8%d7%a5","status":"publish","type":"page","link":"https:\/\/www.hahem.co.il\/trueandshocking\/?page_id=746","title":{"rendered":"\u00d7\u00a4\u00d7\u00a8\u00d7\u2022\u00d7\u2122\u00d7\u00a7\u00d7\u02dc: \u00d7\u201d\u00d7\u00a1\u00d7\u2122\u00d7\u00a4\u00d7\u2022\u00d7\u00a8 \u00d7\u201d\u00d7\u00a7\u00d7\u00a6\u00d7\u00a8 \u00d7\u2022\u00d7\u201d\u00d7\u017e\u00d7\u2013\u00d7\u00a2\u00d7\u2013\u00d7\u00a2 \u00d7\u00a9\u00d7\u0153 \u00d7\u201d\u00d7\u0090\u00d7\u00a8\u00d7\u00a5"},"content":{"rendered":"<div align=\"right\" dir=\"rtl\">\n<div align=\"center\"><img decoding=\"async\" alt=\"\" src=\"http:\/\/images.nana10.co.il\/upload\/42006\/IsraBlog\/109483\/posts\/5628604.jpg\" \/><\/div>\n<p>&nbsp;<\/p>\n<blockquote><p> \u00d7\u2019\u00d7\u009d \u00d7\u201d\u00d7\u00a9\u00d7\u00a0\u00d7\u201d \u00d7\u00a7\u00d7\u2122\u00d7\u2018\u00d7\u0153\u00d7\u00a0\u00d7\u2022 \u00d7\u00a8\u00d7\u2018\u00d7\u2018\u00d7\u2022\u00d7\u00aa \u00d7\u00a1\u00d7\u2122\u00d7\u00a4\u00d7\u2022\u00d7\u00a8\u00d7\u2122\u00d7\u009d \u00d7\u00a9\u00d7\u0153 \u00d7\u203a\u00d7\u2022\u00d7\u00aa\u00d7\u2018\u00d7\u2122\u00d7\u009d \u00d7\u017e\u00d7\u2022\u00d7\u203a\u00d7\u00a9\u00d7\u00a8\u00d7\u2122\u00d7\u009d. <br \/>\n\u00d7\u00a8\u00d7\u2018\u00d7\u2122\u00d7\u009d \u00d7\u017e\u00d7\u201d\u00d7\u203a\u00d7\u2022\u00d7\u00aa\u00d7\u2018\u00d7\u2122\u00d7\u009d \u00d7\u201d\u00d7\u00a4\u00d7\u0153\u00d7\u2122\u00d7\u0090\u00d7\u2022 \u00d7\u0090\u00d7\u2022\u00d7\u00aa\u00d7\u00a0\u00d7\u2022 \u00d7\u2018\u00d7\u2122\u00d7\u203a\u00d7\u2022\u00d7\u0153\u00d7\u2022\u00d7\u00aa\u00d7\u2122\u00d7\u201d\u00d7\u009d \u00d7\u201d\u00d7\u0153\u00d7\u00a9\u00d7\u2022\u00d7\u00a0\u00d7\u2122\u00d7\u2022\u00d7\u00aa, \u00d7\u2022\u00d7\u2018\u00d7\u2122\u00d7\u2122\u00d7\u2014\u00d7\u2022\u00d7\u201c \u00d7\u2018\u00d7\u2014\u00d7\u201c\u00d7\u00a9\u00d7\u00a0\u00d7\u2022\u00d7\u00aa\u00d7\u009d; \u00d7\u203a\u00d7\u017e\u00d7\u201d \u00d7\u2022\u00d7\u203a\u00d7\u017e\u00d7\u201d \u00d7\u203a\u00d7\u2022\u00d7\u00aa\u00d7\u2018\u00d7\u2122\u00d7\u009d \u00d7\u201d\u00d7\u00a6\u00d7\u0153\u00d7\u2122\u00d7\u2014\u00d7\u2022 \u00d7\u2018\u00d7\u201c\u00d7\u2022\u00d7\u017e\u00d7\u201d \u00d7\u0153\u00d7\u017e\u00d7\u0090\u00d7\u2122\u00d7\u201d \u00d7\u00a2\u00d7\u00a8\u00d7\u201c \u00d7\u0153\u00d7\u2014\u00d7\u201c\u00d7\u00a9 \u00d7\u0090\u00d7\u00aa \u00d7\u00a1\u00d7\u2019\u00d7\u00a0\u00d7\u2022\u00d7\u00a0\u00d7\u2022\u00d7\u00aa\u00d7\u2122\u00d7\u201d\u00d7\u009d \u00d7\u00a9\u00d7\u0153 \u00d7\u00a1\u00d7\u2022\u00d7\u00a4\u00d7\u00a8\u00d7\u2122\u00d7\u009d \u00d7\u017e\u00d7\u00aa\u00d7\u2122\u00d7\u009d, \u00d7\u203a\u00d7\u017e\u00d7\u2022 \u00d7\u2122\u00d7\u0153\u00d7\u0178-\u00d7\u00a9\u00d7\u02dc\u00d7\u00a7\u00d7\u0153\u00d7\u2122\u00d7\u00a1, \u00d7\u00a7\u00d7\u00a1\u00d7\u02dc\u00d7\u00a0\u00d7\u00a8 \u00d7\u2022\u00d7\u2019\u00d7\u2022\u00d7\u0153\u00d7\u201c\u00d7\u2018\u00d7\u00a8\u00d7\u2019. \u00d7\u00a0\u00d7\u2122\u00d7\u00a1\u00d7\u2122\u00d7\u2022\u00d7\u00a0\u00d7\u2022\u00d7\u00aa \u00d7\u0090\u00d7\u017e\u00d7\u00a0\u00d7\u2022\u00d7\u00aa\u00d7\u2122\u00d7\u2122\u00d7\u009d \u00d7\u203a\u00d7\u0090\u00d7\u0153\u00d7\u201d \u00d7\u2014\u00d7\u2022\u00d7\u2018\u00d7\u201d \u00d7\u0153\u00d7\u00a9\u00d7\u2018\u00d7\u2014 (\u00d7\u201d\u00d7\u2018\u00d7\u2122\u00d7\u02dc\u00d7\u2022 \u00d7\u2018\u00d7\u00a1\u00d7\u2122\u00d7\u00a4\u00d7\u2022\u00d7\u00a8\u00d7\u2122\u00d7\u009d \u00d7\u201d\u00d7\u017e\u00d7\u2022\u00d7\u017e\u00d7\u0153\u00d7\u00a6\u00d7\u2122\u00d7\u009d \u00d7\u2018\u00d7\u017e\u00d7\u201d\u00d7\u201c\u00d7\u2022\u00d7\u00a8\u00d7\u201d \u00d7\u201d\u00d7\u2018\u00d7\u0090\u00d7\u201d). <br \/>\n\u00d7\u0153\u00d7\u017e\u00d7\u00a8\u00d7\u2018\u00d7\u201d \u00d7\u201d\u00d7\u00a6\u00d7\u00a2\u00d7\u00a8 \u00d7\u201d\u00d7\u2018\u00d7\u2014\u00d7\u00a0\u00d7\u2022 \u00d7\u2019\u00d7\u009d \u00d7\u201d\u00d7\u00a9\u00d7\u00a0\u00d7\u201d \u00d7\u2018\u00d7\u00a0\u00d7\u02dc\u00d7\u2122\u00d7\u2122\u00d7\u201d \u00d7\u00a2\u00d7\u00a6\u00d7\u2022\u00d7\u2018\u00d7\u201d \u00d7\u0153\u00d7\u0090\u00d7\u00a1\u00d7\u203a\u00d7\u00a4\u00d7\u2122\u00d7\u2013\u00d7\u009d \u00d7\u00a9\u00d7\u201c\u00d7\u2018\u00d7\u00a7\u00d7\u201d \u00d7\u2018\u00d7\u203a\u00d7\u2022\u00d7\u00aa\u00d7\u2018\u00d7\u2122\u00d7\u009d \u00d7\u00a8\u00d7\u2018\u00d7\u2122\u00d7\u009d. \u00d7\u00a8\u00d7\u2018\u00d7\u2122\u00d7\u009d \u00d7\u017e\u00d7\u201d\u00d7\u203a\u00d7\u2022\u00d7\u00aa\u00d7\u2018\u00d7\u2122\u00d7\u009d, \u00d7\u2022\u00d7\u2018\u00d7\u00a8\u00d7\u00a6\u00d7\u2022\u00d7\u00a0\u00d7\u00a0\u00d7\u2022 \u00d7\u0153\u00d7\u00a6\u00d7\u2122\u00d7\u2122\u00d7\u0178 \u00d7\u00a9\u00d7\u2018\u00d7\u2122\u00d7\u00a0\u00d7\u2122\u00d7\u201d\u00d7\u009d \u00d7\u00a0\u00d7\u017e\u00d7\u00a0\u00d7\u2122\u00d7\u009d \u00d7\u2019\u00d7\u009d \u00d7\u0090\u00d7\u00a0\u00d7\u00a9\u00d7\u2122\u00d7\u009d \u00d7\u017e\u00d7\u2022\u00d7\u203a\u00d7\u00a9\u00d7\u00a8\u00d7\u2122\u00d7\u009d \u00d7\u017e\u00d7\u0090\u00d7\u2022\u00d7\u201c, \u00d7\u201d\u00d7\u00a4\u00d7\u2019\u00d7\u2122\u00d7\u00a0\u00d7\u2022 \u00d7\u017e\u00d7\u2022\u00d7\u201c\u00d7\u00a2\u00d7\u2022\u00d7\u00aa \u00d7\u017e\u00d7\u2122\u00d7\u2013\u00d7\u00a2\u00d7\u00a8\u00d7\u2122\u00d7\u00aa \u00d7\u0153\u00d7\u017e\u00d7\u00a6\u00d7\u2122\u00d7\u0090\u00d7\u2022\u00d7\u00aa \u00d7\u201d\u00d7\u0090\u00d7\u00a8\u00d7\u00a5 \u00d7\u2122\u00d7\u00a9\u00d7\u00a8\u00d7\u0090\u00d7\u0153\u00d7\u2122\u00d7\u00aa \u00d7\u2022\u00d7\u0153\u00d7\u00a6\u00d7\u00a8\u00d7\u203a\u00d7\u2122 \u00d7\u201d\u00d7\u00a9\u00d7\u00a2\u00d7\u201d \u00d7\u00a9\u00d7\u0153\u00d7\u201d, \u00d7\u2022\u00d7\u203a\u00d7\u00aa\u00d7\u2122\u00d7\u2018\u00d7\u00aa\u00d7\u009d \u00d7\u0153\u00d7\u00a7\u00d7\u00aa\u00d7\u201d \u00d7\u2018\u00d7\u201c\u00d7\u017e\u00d7\u2122\u00d7\u2022\u00d7\u0178 \u00d7\u017e\u00d7\u2022\u00d7\u2019\u00d7\u2013\u00d7\u009d \u00d7\u00a2\u00d7\u201c \u00d7\u203a\u00d7\u201c\u00d7\u2122 \u00d7\u00a0\u00d7\u2122\u00d7\u00aa\u00d7\u2022\u00d7\u00a7, \u00d7\u2022\u00d7\u2018\u00d7\u00a0\u00d7\u02dc\u00d7\u2122\u00d7\u2122\u00d7\u201d \u00d7\u017e\u00d7\u00a8\u00d7\u2019\u00d7\u2122\u00d7\u2013\u00d7\u201d \u00d7\u0153\u00d7\u201c\u00d7\u00a9\u00d7\u201c\u00d7\u00a9 \u00d7\u2018\u00d7\u017e\u00d7\u00a9\u00d7\u00a2\u00d7\u2022\u00d7\u0153 \u00d7\u201d\u00d7\u00a4\u00d7\u00a0\u00d7\u02dc\u00d7\u2013\u00d7\u2122\u00d7\u201d \u00d7\u201d\u00d7\u201c\u00d7\u2022\u00d6\u00bc\u00d7\u201c\u00d7\u2022\u00d6\u00bc\u00d7\u00a6\u00d7\u00a0\u00d7\u02dc\u00d7\u00a8\u00d7\u2122. <br \/>\n\u00d7\u0090\u00d7\u2018\u00d7\u0153 \u00d7\u0090\u00d7\u00a0\u00d7\u2022 \u00d7\u00a9\u00d7\u017e\u00d7\u2014\u00d7\u2122\u00d7\u009d \u00d7\u0153\u00d7\u00a6\u00d7\u2122\u00d7\u2122\u00d7\u0178 \u00d7\u00a9\u00d7\u201d\u00d7\u2122\u00d7\u2022 \u00d7\u2019\u00d7\u009d \u00d7\u00a8\u00d7\u2018\u00d7\u2122\u00d7\u009d \u00d7\u00a9\u00d7\u201d\u00d7\u00a4\u00d7\u2019\u00d7\u2122\u00d7\u00a0\u00d7\u2022 \u00d7\u017e\u00d7\u2022\u00d7\u201c\u00d7\u00a2\u00d7\u2022\u00d7\u00aa \u00d7\u0153\u00d7\u017e\u00d7\u201d \u00d7\u00a9\u00d7\u017e\u00d7\u00aa\u00d7\u00a8\u00d7\u2014\u00d7\u00a9 \u00d7\u2018\u00d7\u203a\u00d7\u0090\u00d7\u0178 \u00d7\u2022\u00d7\u2018\u00d7\u00a2\u00d7\u203a\u00d7\u00a9\u00d7\u2122\u00d7\u2022: \u00d7\u0153\u00d7\u201d\u00d7\u2022\u00d7\u2022\u00d7\u0090\u00d7\u2122 \u00d7\u201d\u00d7\u0090\u00d7\u00a8\u00d7\u00a5 \u00d7\u203a\u00d7\u00a4\u00d7\u2122 \u00d7\u00a9\u00d7\u201d\u00d7\u2122\u00d7\u201d \u00d7\u00a2\u00d7\u009d \u00d7\u00a7\u00d7\u2022\u00d7\u009d \u00d7\u201d\u00d7\u017e\u00d7\u201c\u00d7\u2122\u00d7\u00a0\u00d7\u201d, \u00d7\u0153\u00d7\u2122\u00d7\u2014\u00d7\u00a1\u00d7\u2122 \u00d7\u00a2\u00d7\u00a8\u00d7\u2018\u00d7\u2122\u00d7\u009d-\u00d7\u00a4\u00d7\u0153\u00d7\u00a1\u00d7\u02dc\u00d7\u2122\u00d7\u00a0\u00d7\u2122\u00d7\u009d, \u00d7\u0153\u00d7\u02dc\u00d7\u00a8\u00d7\u0090\u00d7\u2022\u00d7\u017e\u00d7\u2022\u00d7\u00aa \u00d7\u00a9\u00d7\u0153 \u00d7\u201d\u00d7\u2014\u00d7\u2122\u00d7\u2122\u00d7\u0153\u00d7\u2122\u00d7\u009d \u00d7\u2018\u00d7\u00a6\u00d7\u2018\u00d7\u0090, \u00d7\u0153\u00d7\u2019\u00d7\u2013\u00d7\u00a2\u00d7\u00a0\u00d7\u2022\u00d7\u00aa, \u00d7\u0153\u00d7\u2014\u00d7\u2022\u00d7\u00a1\u00d7\u00a8 \u00d7\u201d\u00d7\u00a9\u00d7\u2022\u00d7\u2022\u00d7\u2122\u00d7\u2022\u00d7\u0178 \u00d7\u2018\u00d7\u2122\u00d7\u0178 \u00d7\u2019\u00d7\u2018\u00d7\u00a8\u00d7\u2122\u00d7\u009d \u00d7\u2022\u00d7\u00a0\u00d7\u00a9\u00d7\u2122\u00d7\u009d, \u00d7\u0153\u00d7\u201c\u00d7\u2122\u00d7\u203a\u00d7\u2022\u00d7\u2122 \u00d7\u00a9\u00d7\u0153 \u00d7\u201d\u00d7\u201d\u00d7\u2022\u00d7\u017e\u00d7\u2022\u00d7\u00a1\u00d7\u00a7\u00d7\u00a1\u00d7\u2022\u00d7\u0090\u00d7\u0153\u00d7\u2122\u00d7\u009d, \u00d7\u0153\u00d7\u00a8\u00d7\u201c\u00d7\u2122\u00d7\u00a4\u00d7\u00aa \u00d7\u201d\u00d7\u2019\u00d7\u2013\u00d7\u00a2 \u00d7\u201d\u00d7\u0090\u00d7\u2122\u00d7\u00a8\u00d7\u2022\u00d7\u0090\u00d7\u00a1\u00d7\u2122\u00d7\u2122\u00d7\u00aa\u00d7\u2122 \u00d7\u0090\u00d7\u00aa \u00d7\u201d\u00d7\u00a9\u00d7\u2014\u00d7\u2022\u00d7\u00a8\u00d7\u2122\u00d7\u009d \u00d7\u2022\u00d7\u203a\u00d7\u2022' \u00d7\u2022\u00d7\u203a\u00d7\u2022' \u00d7\u2022\u00d7\u203a\u00d7\u2022'&#8230; <br \/>\n\u00d7\u017e\u00d7\u2022\u00d7\u201c\u00d7\u00a2\u00d7\u2122\u00d7\u009d, \u00d7\u0090\u00d7\u00a0\u00d7\u2014\u00d7\u00a0\u00d7\u2022 \u00d7\u017e\u00d7\u00a9\u00d7\u2018\u00d7\u2014\u00d7\u2122\u00d7\u009d \u00d7\u0090\u00d7\u00aa\u00d7\u203a\u00d7\u009d, \u00d7\u2014\u00d7\u2122\u00d7\u2013\u00d7\u00a7\u00d7\u2022 \u00d7\u2022\u00d7\u0090\u00d7\u2122\u00d7\u017e\u00d7\u00a6\u00d7\u2022 (\u00d7\u017e\u00d7\u00aa\u00d7\u2022\u00d7\u0161 \u00d7\u201c\u00d7\u2018\u00d7\u00a8 \u00d7\u201d\u00d7\u00a9\u00d7\u2022\u00d7\u00a4\u00d7\u02dc\u00d7\u2122\u00d7\u009d)<\/p><\/blockquote>\n<ul>\n<li><a href=\"http:\/\/www.hahem.co.il\/trueandshocking\/?p=304\">\u00d7\u201c\u00d7\u2018\u00d7\u00a8 \u00d7\u201d\u00d7\u00a2\u00d7\u2022\u00d7\u00a8\u00d7\u0161, \u00d7\u201c\u00d7\u2018\u00d7\u00a8 \u00d7\u201d\u00d7\u00a9\u00d7\u2022\u00d7\u00a4\u00d7\u02dc\u00d7\u2122\u00d7\u009d \u00d7\u2022\u00d7\u201d\u00d7\u00a1\u00d7\u2122\u00d7\u00a4\u00d7\u2022\u00d7\u00a8 \u00d7\u00a9\u00d7\u2013\u00d7\u203a\u00d7\u201d \u00d7\u2018\u00d7\u017e\u00d7\u00a7\u00d7\u2022\u00d7\u009d \u00d7\u201d\u00d7\u00a8\u00d7\u0090\u00d7\u00a9\u00d7\u2022\u00d7\u0178<\/a><\/li>\n<li><a href=\"http:\/\/www.hahem.co.il\/trueandshocking\/?p=305\">\u00d7\u201d\u00d7\u00a1\u00d7\u2122\u00d7\u00a4\u00d7\u2022\u00d7\u00a8 \u00d7\u201d\u00d7\u00a9\u00d7\u00a0\u00d7\u2122<\/a><\/li>\n<li><a href=\"http:\/\/www.hahem.co.il\/trueandshocking\/?p=306\">\u00d7\u201d\u00d7\u00a1\u00d7\u2122\u00d7\u00a4\u00d7\u2022\u00d7\u00a8 \u00d7\u201d\u00d7\u00a9\u00d7\u0153\u00d7\u2122\u00d7\u00a9\u00d7\u2122<\/a><\/li>\n<li><a href=\"http:\/\/www.hahem.co.il\/trueandshocking\/?p=307\">\u00d7\u201d\u00d7\u00a1\u00d7\u2122\u00d7\u00a4\u00d7\u2022\u00d7\u00a8 \u00d7\u201d\u00d7\u017e\u00d7\u2022\u00d7\u017e\u00d7\u0153\u00d7\u00a5<\/a><\/li>\n<li><a href=\"http:\/\/www.hahem.co.il\/trueandshocking\/?p=309\">\u00d7\u203a\u00d7\u0090\u00d7\u0178 \u00d7\u2022\u00d7\u00a2\u00d7\u203a\u00d7\u00a9\u00d7\u2122\u00d7\u2022: \u00d7\u00a1\u00d7\u00a4\u00d7\u00a8\u00d7\u2022\u00d7\u00aa \u00d7\u00a4\u00d7\u2022\u00d7\u0153\u00d7\u2122\u00d7\u02dc\u00d7\u2122\u00d7\u00aa<\/a><\/li>\n<li><a href=\"http:\/\/www.hahem.co.il\/trueandshocking\/?p=313\">\u00d7\u00a1\u00d7\u00a4\u00d7\u00a8\u00d7\u2022\u00d7\u00aa \u00d7\u201d\u00d7\u00aa\u00d7\u0153\u00d7\u2022\u00d7\u00a0\u00d7\u201d <\/a><\/li>\n<\/ul>\n<p>*\u00d7\u0090\u00d7\u2122\u00d7\u0178 \u00d7\u00a9\u00d7\u2022\u00d7\u009d \u00d7\u00a7\u00d7\u00a9\u00d7\u00a8 \u00d7\u2018\u00d7\u2122\u00d7\u0178 \u00d7\u00aa\u00d7\u2014\u00d7\u00a8\u00d7\u2022\u00d7\u00aa \u00d7\u201d\u00d7\u00a1\u00d7\u2122\u00d7\u00a4\u00d7\u2022\u00d7\u00a8 \u00d7\u201d\u00d7\u00a7\u00d7\u00a6\u00d7\u00a8 \u00d7\u2022\u00d7\u201d\u00d7\u017e\u00d7\u2013\u00d7\u00a2\u00d7\u2013\u00d7\u00a2 \u00d7\u2022\u00d7\u2018\u00d7\u2122\u00d7\u0178 \u00d7\u00aa\u00d7\u2014\u00d7\u00a8\u00d7\u2022\u00d7\u00aa \u00d7\u201d\u00d7\u00a1\u00d7\u2122\u00d7\u00a4\u00d7\u2022\u00d7\u00a8 \u00d7\u201d\u00d7\u00a7\u00d7\u00a6\u00d7\u00a8 \u00d7\u00a9\u00d7\u0153 &quot;\u00d7\u201d\u00d7\u0090\u00d7\u00a8\u00d7\u00a5&quot;<\/p>\n<p>&lt;\u00d7\u203a\u00d7\u0153 \u00d7\u201d\u00d7\u00a6\u00d7\u2122\u00d7\u2022\u00d7\u00a8\u00d7\u2122\u00d7\u009d \u00d7\u201d\u00d7\u009d \u00d7\u00a4\u00d7\u00a8\u00d7\u2122 \u00d7\u00a2\u00d7\u017e\u00d7\u0153\u00d7\u201d \u00d7\u00a9\u00d7\u0153 \u00d7\u0090\u00d7\u2122\u00d7\u201d \u00d7\u017e\u00d7\u00a8\u00d7\u00a7\u00d7\u2018\u00d7\u2122\u00d7\u00a5'. \u00d7\u201d\u00d7\u2018\u00d7\u2022 \u00d7\u0153\u00d7\u201d \u00d7\u00aa\u00d7\u00a9\u00d7\u2022\u00d7\u0090\u00d7\u2022\u00d7\u00aa&gt;<\/p>\n<\/div>\n","protected":false},"excerpt":{"rendered":"<p>&nbsp; \u00d7\u2019\u00d7\u009d \u00d7\u201d\u00d7\u00a9\u00d7\u00a0\u00d7\u201d \u00d7\u00a7\u00d7\u2122\u00d7\u2018\u00d7\u0153\u00d7\u00a0\u00d7\u2022 \u00d7\u00a8\u00d7\u2018\u00d7\u2018\u00d7\u2022\u00d7\u00aa \u00d7\u00a1\u00d7\u2122\u00d7\u00a4\u00d7\u2022\u00d7\u00a8\u00d7\u2122\u00d7\u009d \u00d7\u00a9\u00d7\u0153 \u00d7\u203a\u00d7\u2022\u00d7\u00aa\u00d7\u2018\u00d7\u2122\u00d7\u009d \u00d7\u017e\u00d7\u2022\u00d7\u203a\u00d7\u00a9\u00d7\u00a8\u00d7\u2122\u00d7\u009d. \u00d7\u00a8\u00d7\u2018\u00d7\u2122\u00d7\u009d \u00d7\u017e\u00d7\u201d\u00d7\u203a\u00d7\u2022\u00d7\u00aa\u00d7\u2018\u00d7\u2122\u00d7\u009d \u00d7\u201d\u00d7\u00a4\u00d7\u0153\u00d7\u2122\u00d7\u0090\u00d7\u2022 \u00d7\u0090\u00d7\u2022\u00d7\u00aa\u00d7\u00a0\u00d7\u2022 \u00d7\u2018\u00d7\u2122\u00d7\u203a\u00d7\u2022\u00d7\u0153\u00d7\u2022\u00d7\u00aa\u00d7\u2122\u00d7\u201d\u00d7\u009d \u00d7\u201d\u00d7\u0153\u00d7\u00a9\u00d7\u2022\u00d7\u00a0\u00d7\u2122\u00d7\u2022\u00d7\u00aa, \u00d7\u2022\u00d7\u2018\u00d7\u2122\u00d7\u2122\u00d7\u2014\u00d7\u2022\u00d7\u201c \u00d7\u2018\u00d7\u2014\u00d7\u201c\u00d7\u00a9\u00d7\u00a0\u00d7\u2022\u00d7\u00aa\u00d7\u009d; \u00d7\u203a\u00d7\u017e\u00d7\u201d \u00d7\u2022\u00d7\u203a\u00d7\u017e\u00d7\u201d \u00d7\u203a\u00d7\u2022\u00d7\u00aa\u00d7\u2018\u00d7\u2122\u00d7\u009d \u00d7\u201d\u00d7\u00a6\u00d7\u0153\u00d7\u2122\u00d7\u2014\u00d7\u2022 \u00d7\u2018\u00d7\u201c\u00d7\u2022\u00d7\u017e\u00d7\u201d \u00d7\u0153\u00d7\u017e\u00d7\u0090\u00d7\u2122\u00d7\u201d \u00d7\u00a2\u00d7\u00a8\u00d7\u201c \u00d7\u0153\u00d7\u2014\u00d7\u201c\u00d7\u00a9 \u00d7\u0090\u00d7\u00aa \u00d7\u00a1\u00d7\u2019\u00d7\u00a0\u00d7\u2022\u00d7\u00a0\u00d7\u2022\u00d7\u00aa\u00d7\u2122\u00d7\u201d\u00d7\u009d \u00d7\u00a9\u00d7\u0153 \u00d7\u00a1\u00d7\u2022\u00d7\u00a4\u00d7\u00a8\u00d7\u2122\u00d7\u009d \u00d7\u017e\u00d7\u00aa\u00d7\u2122\u00d7\u009d, \u00d7\u203a\u00d7\u017e\u00d7\u2022 \u00d7\u2122\u00d7\u0153\u00d7\u0178-\u00d7\u00a9\u00d7\u02dc\u00d7\u00a7\u00d7\u0153\u00d7\u2122\u00d7\u00a1, \u00d7\u00a7\u00d7\u00a1\u00d7\u02dc\u00d7\u00a0\u00d7\u00a8 \u00d7\u2022\u00d7\u2019\u00d7\u2022\u00d7\u0153\u00d7\u201c\u00d7\u2018\u00d7\u00a8\u00d7\u2019. \u00d7\u00a0\u00d7\u2122\u00d7\u00a1\u00d7\u2122\u00d7\u2022\u00d7\u00a0\u00d7\u2022\u00d7\u00aa \u00d7\u0090\u00d7\u017e\u00d7\u00a0\u00d7\u2022\u00d7\u00aa\u00d7\u2122\u00d7\u2122\u00d7\u009d \u00d7\u203a\u00d7\u0090\u00d7\u0153\u00d7\u201d \u00d7\u2014\u00d7\u2022\u00d7\u2018\u00d7\u201d \u00d7\u0153\u00d7\u00a9\u00d7\u2018\u00d7\u2014 (\u00d7\u201d\u00d7\u2018\u00d7\u2122\u00d7\u02dc\u00d7\u2022 \u00d7\u2018\u00d7\u00a1\u00d7\u2122\u00d7\u00a4\u00d7\u2022\u00d7\u00a8\u00d7\u2122\u00d7\u009d \u00d7\u201d\u00d7\u017e\u00d7\u2022\u00d7\u017e\u00d7\u0153\u00d7\u00a6\u00d7\u2122\u00d7\u009d \u00d7\u2018\u00d7\u017e\u00d7\u201d\u00d7\u201c\u00d7\u2022\u00d7\u00a8\u00d7\u201d \u00d7\u201d\u00d7\u2018\u00d7\u0090\u00d7\u201d). \u00d7\u0153\u00d7\u017e\u00d7\u00a8\u00d7\u2018\u00d7\u201d \u00d7\u201d\u00d7\u00a6\u00d7\u00a2\u00d7\u00a8 \u00d7\u201d\u00d7\u2018\u00d7\u2014\u00d7\u00a0\u00d7\u2022 \u00d7\u2019\u00d7\u009d \u00d7\u201d\u00d7\u00a9\u00d7\u00a0\u00d7\u201d \u00d7\u2018\u00d7\u00a0\u00d7\u02dc\u00d7\u2122\u00d7\u2122\u00d7\u201d \u00d7\u00a2\u00d7\u00a6\u00d7\u2022\u00d7\u2018\u00d7\u201d \u00d7\u0153\u00d7\u0090\u00d7\u00a1\u00d7\u203a\u00d7\u00a4\u00d7\u2122\u00d7\u2013\u00d7\u009d \u00d7\u00a9\u00d7\u201c\u00d7\u2018\u00d7\u00a7\u00d7\u201d \u00d7\u2018\u00d7\u203a\u00d7\u2022\u00d7\u00aa\u00d7\u2018\u00d7\u2122\u00d7\u009d \u00d7\u00a8\u00d7\u2018\u00d7\u2122\u00d7\u009d. &hellip; <a href=\"https:\/\/www.hahem.co.il\/trueandshocking\/?page_id=746\" class=\"more-link\">\u05dc\u05d4\u05de\u05e9\u05d9\u05da \u05dc\u05e7\u05e8\u05d5\u05d0 <span class=\"screen-reader-text\">\u00d7\u00a4\u00d7\u00a8\u00d7\u2022\u00d7\u2122\u00d7\u00a7\u00d7\u02dc: \u00d7\u201d\u00d7\u00a1\u00d7\u2122\u00d7\u00a4\u00d7\u2022\u00d7\u00a8 \u00d7\u201d\u00d7\u00a7\u00d7\u00a6\u00d7\u00a8 \u00d7\u2022\u00d7\u201d\u00d7\u017e\u00d7\u2013\u00d7\u00a2\u00d7\u2013\u00d7\u00a2 \u00d7\u00a9\u00d7\u0153 \u00d7\u201d\u00d7\u0090\u00d7\u00a8\u00d7\u00a5<\/span> <span class=\"meta-nav\">&larr;<\/span><\/a><\/p>\n","protected":false},"author":3,"featured_media":0,"parent":0,"menu_order":0,"comment_status":"open","ping_status":"open","template":"","meta":{"footnotes":""},"class_list":["post-746","page","type-page","status-publish","hentry"],"_links":{"self":[{"href":"https:\/\/www.hahem.co.il\/trueandshocking\/index.php?rest_route=\/wp\/v2\/pages\/746","targetHints":{"allow":["GET"]}}],"collection":[{"href":"https:\/\/www.hahem.co.il\/trueandshocking\/index.php?rest_route=\/wp\/v2\/pages"}],"about":[{"href":"https:\/\/www.hahem.co.il\/trueandshocking\/index.php?rest_route=\/wp\/v2\/types\/page"}],"author":[{"embeddable":true,"href":"https:\/\/www.hahem.co.il\/trueandshocking\/index.php?rest_route=\/wp\/v2\/users\/3"}],"replies":[{"embeddable":true,"href":"https:\/\/www.hahem.co.il\/trueandshocking\/index.php?rest_route=%2Fwp%2Fv2%2Fcomments&post=746"}],"version-history":[{"count":0,"href":"https:\/\/www.hahem.co.il\/trueandshocking\/index.php?rest_route=\/wp\/v2\/pages\/746\/revisions"}],"wp:attachment":[{"href":"https:\/\/www.hahem.co.il\/trueandshocking\/index.php?rest_route=%2Fwp%2Fv2%2Fmedia&parent=746"}],"curies":[{"name":"wp","href":"https:\/\/api.w.org\/{rel}","templated":true}]}}