
{"id":741,"date":"2008-06-28T22:45:30","date_gmt":"2008-06-28T20:45:30","guid":{"rendered":"http:\/\/www.hahem.co.il\/trueandshocking\/?page_id=741"},"modified":"2008-06-28T22:45:30","modified_gmt":"2008-06-28T20:45:30","slug":"%d7%a4%d7%a8%d7%95%d7%99%d7%a7%d7%98-%d7%a2%d7%91%d7%95%d7%93%d7%94","status":"publish","type":"page","link":"https:\/\/www.hahem.co.il\/trueandshocking\/?page_id=741","title":{"rendered":"\u00d7\u00a4\u00d7\u00a8\u00d7\u2022\u00d7\u2122\u00d7\u00a7\u00d7\u02dc: \u00d7\u00a2\u00d7\u2018\u00d7\u2022\u00d7\u201c\u00d7\u201d"},"content":{"rendered":"<div align=\"right\" dir=\"rtl\"><img decoding=\"async\" align=\"middle\" src=\"http:\/\/f.nau.co.il\/upload\/82006\/IsraBlog\/109483\/posts\/7179482.JPG\" alt=\"\" \/><\/div>\n<blockquote dir=\"rtl\">\n<p>\u00d7\u017e\u00d7\u201d \u00d7\u00a2\u00d7\u2018\u00d7\u2022\u00d7\u201c\u00d7\u201d? \u00d7\u00a2\u00d7\u2018\u00d7\u2022\u00d7\u201c\u00d7\u201d. \u00d7\u201d\u00d7\u201c\u00d7\u2018\u00d7\u00a8 \u00d7\u201d\u00d7\u2013\u00d7\u201d \u00d7\u00a9\u00d7\u0090\u00d7\u00aa\u00d7\u009d \u00d7\u201d\u00d7\u2022\u00d7\u0153\u00d7\u203a\u00d7\u2122\u00d7\u009d \u00d7\u0090\u00d7\u0153\u00d7\u2122\u00d7\u2022 \u00d7\u203a\u00d7\u0153 \u00d7\u2122\u00d7\u2022\u00d7\u009d \u00d7\u0090\u00d7\u2022 \u00d7\u2018\u00d7\u017e\u00d7\u00a9\u00d7\u017e\u00d7\u00a8\u00d7\u2022\u00d7\u00aa; \u00d7\u201d\u00d7\u00a8\u00d7\u2122\u00d7\u00a7\u00d7\u2022\u00d7\u201c \u00d7\u201d\u00d7\u203a\u00d7\u2022\u00d7\u2014\u00d7\u00a0\u00d7\u2122 \u00d7\u201d\u00d7\u00a7\u00d7\u02dc\u00d7\u0178 \u00d7\u00a9\u00d7\u201d\u00d7\u2018\u00d7\u2022\u00d7\u00a1 \u00d7\u017e\u00d7\u2018\u00d7\u00a6\u00d7\u00a2 \u00d7\u017e\u00d7\u201c\u00d7\u2122 \u00d7\u2019\u00d7\u2122\u00d7\u2014\u00d7\u201d \u00d7\u0153\u00d7\u017e\u00d7\u00a7\u00d7\u2022\u00d7\u009d \u00d7\u2018\u00d7\u2022 \u00d7\u0090\u00d7\u00aa\u00d7\u009d \u00d7\u00a2\u00d7\u2022\u00d7\u017e\u00d7\u201c\u00d7\u2122\u00d7\u009d\/\u00d7\u2122\u00d7\u2022\u00d7\u00a9\u00d7\u2018\u00d7\u2122\u00d7\u009d\/\u00d7\u2013\u00d7\u2013\u00d7\u2122\u00d7\u009d \u00d7\u2018\u00d7\u017e\u00d7\u00a8\u00d7\u00a5; \u00d7\u201d\u00d7\u0090\u00d7\u00a0\u00d7\u00a9\u00d7\u2122\u00d7\u009d \u00d7\u00a9\u00d7\u017e\u00d7\u00a9\u00d7\u0153\u00d7\u017e\u00d7\u2122\u00d7\u009d \u00d7\u0090\u00d7\u00aa \u00d7\u201d\u00d7\u017e\u00d7\u00a9\u00d7\u203a\u00d7\u2022\u00d7\u00a8\u00d7\u00aa \u00d7\u00a9\u00d7\u0153\u00d7\u203a\u00d7\u009d; \u00d7\u00a9\u00d7\u2022\u00d7\u00a8\u00d7\u201d \u00d7\u2018\u00d7\u00a7\u00d7\u2022\u00d7\u00a8\u00d7\u2022\u00d7\u00aa \u00d7\u201d\u00d7\u2014\u00d7\u2122\u00d7\u2122\u00d7\u009d \u00d7\u00a9\u00d7\u00a2\u00d7\u2022\u00d7\u201c \u00d7\u00aa\u00d7\u00a9\u00d7\u0153\u00d7\u2014\u00d7\u2022; \u00d7\u201d\u00d7\u017e\u00d7\u2022\u00d7\u2022\u00d7\u00aa \u00d7\u201d\u00d7\u00a7\u00d7\u02dc\u00d7\u0178, \u00d7\u2018\u00d7\u203a\u00d7\u0153 \u00d7\u2018\u00d7\u2022\u00d7\u00a7\u00d7\u00a8, \u00d7\u203a\u00d7\u0090\u00d7\u00a9\u00d7\u00a8 \u00d7\u0090\u00d7\u00aa\u00d7\u009d \u00d7\u017e\u00d7\u00aa\u00d7\u00a2\u00d7\u2022\u00d7\u00a8\u00d7\u00a8\u00d7\u2122\u00d7\u009d. \u00d7\u00a2\u00d7\u2018\u00d7\u2022\u00d7\u201c\u00d7\u201d. <br \/>\n(\u00d7\u017e\u00d7\u00aa\u00d7\u2022\u00d7\u0161 <a href=\"http:\/\/www.hahem.co.il\/trueandshocking\/?p=352\">\u00d7\u201d\u00d7\u201d\u00d7\u203a\u00d7\u00a8\u00d7\u2013\u00d7\u201d \u00d7\u00a2\u00d7\u0153 \u00d7\u201d\u00d7\u00a4\u00d7\u00a8\u00d7\u2022\u00d7\u2122\u00d7\u00a7\u00d7\u02dc<\/a>)<\/p>\n<\/blockquote>\n<div align=\"right\" dir=\"rtl\">\n<ul>\n<li><a href=\"http:\/\/www.hahem.co.il\/trueandshocking\/?p=357\">\u00d7\u00a6\u00d7\u017e\u00d7\u2122\u00d7\u2014\u00d7\u201d<\/a><\/li>\n<li><a href=\"http:\/\/www.hahem.co.il\/trueandshocking\/?p=358\">\u00d7\u0090\u00d7\u201d\u00d7\u2022\u00d7\u2018 \u00d7\u0090\u00d7\u2022\u00d7\u00aa\u00d7\u00a0\u00d7\u2022<\/a><\/li>\n<li><a href=\"http:\/\/www.hahem.co.il\/trueandshocking\/?p=359\">\u00d7\u0090\u00d7\u2122\u00d7\u0178 \u00d7\u00a2\u00d7\u2018\u00d7\u2022\u00d7\u201c\u00d7\u201d \u00d7\u2018\u00d7\u2013\u00d7\u2022\u00d7\u2122\u00d7\u201d; \u00d7\u2122\u00d7\u00a9 \u00d7\u00a2\u00d7\u2018\u00d7\u2022\u00d7\u201c\u00d7\u00aa \u00d7\u00a1\u00d7\u02dc\u00d7\u2022\u00d7\u201c\u00d7\u00a0\u00d7\u02dc\u00d7\u2122\u00d7\u009d<\/a><\/li>\n<li><a href=\"http:\/\/www.hahem.co.il\/trueandshocking\/?p=360\">\u00d7\u2014\u00d7\u00a8\u00d7\u201c\u00d7\u00aa \u00d7\u201d\u00d7\u00a9\u00d7\u2122\u00d7\u00a9\u00d7\u2122<\/a><\/li>\n<li><a href=\"http:\/\/www.hahem.co.il\/trueandshocking\/?p=361\">\u00d7\u201d\u00d7\u00a2\u00d7\u2018\u00d7\u2022\u00d7\u201c\u00d7\u201d \u00d7\u201d\u00d7\u2122\u00d7\u0090 \u00d7\u2014\u00d7\u2122\u00d7\u2122\u00d7\u00a0\u00d7\u2022<\/a><\/li>\n<li><a href=\"http:\/\/www.hahem.co.il\/trueandshocking\/?p=362\">\u00d7\u201d\u00d7\u0090\u00d7\u2122\u00d7\u00a0\u00d7\u02dc\u00d7\u00a8\u00d7\u02dc\u00d7\u00a7\u00d7\u00a1\u00d7\u02dc\u00d7\u2022\u00d7\u0090\u00d7\u0153\u00d7\u2122\u00d7\u2022\u00d7\u00aa \u00d7\u00a9\u00d7\u0153 \u00d7\u201d\u00d7\u0090\u00d7\u2022\u00d7\u203a\u00d7\u0153<\/a><\/li>\n<li><a href=\"http:\/\/www.hahem.co.il\/trueandshocking\/?p=363\">\u00d7\u00a2\u00d7\u0153 \u00d7\u201d\u00d7\u2018\u00d7\u2022\u00d7\u00a1 \u00d7\u00a4\u00d7\u00a2\u00d7\u009d \u00d7\u00a8\u00d7\u0090\u00d7\u00a9\u00d7\u2022\u00d7\u00a0\u00d7\u201d<\/a><\/li>\n<li><a href=\"http:\/\/www.hahem.co.il\/trueandshocking\/?p=364\">\u00d7\u00a4\u00d7\u2014\u00d7\u201c \u00d7\u2022\u00d7\u2014\u00d7\u017e\u00d7\u0153\u00d7\u201d<\/a><\/li>\n<li><a href=\"http:\/\/www.hahem.co.il\/trueandshocking\/?p=366\">\u00d7\u00a2\u00d7\u2018\u00d7\u2022\u00d7\u201c\u00d7\u201d \u00d7\u203a\u00d7\u201d\u00d7\u2018\u00d7\u2013\u00d7\u00a7 \u00d7\u00a9\u00d7\u0153 \u00d7\u00a0\u00d7\u2014\u00d7\u017e\u00d7\u201d<\/a><\/li>\n<li><a href=\"http:\/\/www.hahem.co.il\/trueandshocking\/?p=371\">\u00d7\u2018\u00d7\u00a0\u00d7\u00a7 \u00d7\u201d\u00d7\u00a4\u00d7\u2022\u00d7\u00a2\u00d7\u0153\u00d7\u2122\u00d7\u009d \u00d7\u203a\u00d7\u0090\u00d7\u2022\u00d7\u00a7\u00d7\u00a1\u00d7\u2122\u00d7\u017e\u00d7\u2022\u00d7\u00a8\u00d7\u2022\u00d7\u0178<\/a><\/li>\n<li><a href=\"http:\/\/www.hahem.co.il\/trueandshocking\/?p=389\">\u00d7\u017e\u00d7\u00a9\u00d7\u00a4\u00d7\u02dc\u00d7\u2122\u00d7\u009d \u00d7\u00a9\u00d7\u0153 \u00d7\u00a8\u00d7\u0090\u00d7\u2122\u00d7\u2022\u00d7\u00a0\u00d7\u2022\u00d7\u00aa \u00d7\u00a2\u00d7\u2018\u00d7\u2022\u00d7\u201c\u00d7\u201d (\u00d7\u2022\u00d7\u0153\u00d7\u017e\u00d7\u201d \u00d7\u201d\u00d7\u009d \u00d7\u203a\u00d7\u0153 \u00d7\u203a\u00d7\u0161 \u00d7\u017e\u00d7\u00a2\u00d7\u00a6\u00d7\u2018\u00d7\u00a0\u00d7\u2122\u00d7\u009d)<\/a><\/li>\n<li><a href=\"http:\/\/www.hahem.co.il\/trueandshocking\/?p=390\">\u00d7\u201d\u00d7\u00a9\u00d7\u02dc\u00d7\u0178 \u00d7\u2022\u00d7\u0090\u00d7\u00a0\u00d7\u2122<\/a><\/li>\n<\/ul>\n<\/div>\n","protected":false},"excerpt":{"rendered":"<p>\u00d7\u017e\u00d7\u201d \u00d7\u00a2\u00d7\u2018\u00d7\u2022\u00d7\u201c\u00d7\u201d? \u00d7\u00a2\u00d7\u2018\u00d7\u2022\u00d7\u201c\u00d7\u201d. \u00d7\u201d\u00d7\u201c\u00d7\u2018\u00d7\u00a8 \u00d7\u201d\u00d7\u2013\u00d7\u201d \u00d7\u00a9\u00d7\u0090\u00d7\u00aa\u00d7\u009d \u00d7\u201d\u00d7\u2022\u00d7\u0153\u00d7\u203a\u00d7\u2122\u00d7\u009d \u00d7\u0090\u00d7\u0153\u00d7\u2122\u00d7\u2022 \u00d7\u203a\u00d7\u0153 \u00d7\u2122\u00d7\u2022\u00d7\u009d \u00d7\u0090\u00d7\u2022 \u00d7\u2018\u00d7\u017e\u00d7\u00a9\u00d7\u017e\u00d7\u00a8\u00d7\u2022\u00d7\u00aa; \u00d7\u201d\u00d7\u00a8\u00d7\u2122\u00d7\u00a7\u00d7\u2022\u00d7\u201c \u00d7\u201d\u00d7\u203a\u00d7\u2022\u00d7\u2014\u00d7\u00a0\u00d7\u2122 \u00d7\u201d\u00d7\u00a7\u00d7\u02dc\u00d7\u0178 \u00d7\u00a9\u00d7\u201d\u00d7\u2018\u00d7\u2022\u00d7\u00a1 \u00d7\u017e\u00d7\u2018\u00d7\u00a6\u00d7\u00a2 \u00d7\u017e\u00d7\u201c\u00d7\u2122 \u00d7\u2019\u00d7\u2122\u00d7\u2014\u00d7\u201d \u00d7\u0153\u00d7\u017e\u00d7\u00a7\u00d7\u2022\u00d7\u009d \u00d7\u2018\u00d7\u2022 \u00d7\u0090\u00d7\u00aa\u00d7\u009d \u00d7\u00a2\u00d7\u2022\u00d7\u017e\u00d7\u201c\u00d7\u2122\u00d7\u009d\/\u00d7\u2122\u00d7\u2022\u00d7\u00a9\u00d7\u2018\u00d7\u2122\u00d7\u009d\/\u00d7\u2013\u00d7\u2013\u00d7\u2122\u00d7\u009d \u00d7\u2018\u00d7\u017e\u00d7\u00a8\u00d7\u00a5; \u00d7\u201d\u00d7\u0090\u00d7\u00a0\u00d7\u00a9\u00d7\u2122\u00d7\u009d \u00d7\u00a9\u00d7\u017e\u00d7\u00a9\u00d7\u0153\u00d7\u017e\u00d7\u2122\u00d7\u009d \u00d7\u0090\u00d7\u00aa \u00d7\u201d\u00d7\u017e\u00d7\u00a9\u00d7\u203a\u00d7\u2022\u00d7\u00a8\u00d7\u00aa \u00d7\u00a9\u00d7\u0153\u00d7\u203a\u00d7\u009d; \u00d7\u00a9\u00d7\u2022\u00d7\u00a8\u00d7\u201d \u00d7\u2018\u00d7\u00a7\u00d7\u2022\u00d7\u00a8\u00d7\u2022\u00d7\u00aa \u00d7\u201d\u00d7\u2014\u00d7\u2122\u00d7\u2122\u00d7\u009d \u00d7\u00a9\u00d7\u00a2\u00d7\u2022\u00d7\u201c \u00d7\u00aa\u00d7\u00a9\u00d7\u0153\u00d7\u2014\u00d7\u2022; \u00d7\u201d\u00d7\u017e\u00d7\u2022\u00d7\u2022\u00d7\u00aa \u00d7\u201d\u00d7\u00a7\u00d7\u02dc\u00d7\u0178, \u00d7\u2018\u00d7\u203a\u00d7\u0153 \u00d7\u2018\u00d7\u2022\u00d7\u00a7\u00d7\u00a8, \u00d7\u203a\u00d7\u0090\u00d7\u00a9\u00d7\u00a8 \u00d7\u0090\u00d7\u00aa\u00d7\u009d \u00d7\u017e\u00d7\u00aa\u00d7\u00a2\u00d7\u2022\u00d7\u00a8\u00d7\u00a8\u00d7\u2122\u00d7\u009d. \u00d7\u00a2\u00d7\u2018\u00d7\u2022\u00d7\u201c\u00d7\u201d. (\u00d7\u017e\u00d7\u00aa\u00d7\u2022\u00d7\u0161 \u00d7\u201d\u00d7\u201d\u00d7\u203a\u00d7\u00a8\u00d7\u2013\u00d7\u201d \u00d7\u00a2\u00d7\u0153 \u00d7\u201d\u00d7\u00a4\u00d7\u00a8\u00d7\u2022\u00d7\u2122\u00d7\u00a7\u00d7\u02dc) \u00d7\u00a6\u00d7\u017e\u00d7\u2122\u00d7\u2014\u00d7\u201d \u00d7\u0090\u00d7\u201d\u00d7\u2022\u00d7\u2018 \u00d7\u0090\u00d7\u2022\u00d7\u00aa\u00d7\u00a0\u00d7\u2022 \u00d7\u0090\u00d7\u2122\u00d7\u0178 \u00d7\u00a2\u00d7\u2018\u00d7\u2022\u00d7\u201c\u00d7\u201d \u00d7\u2018\u00d7\u2013\u00d7\u2022\u00d7\u2122\u00d7\u201d; \u00d7\u2122\u00d7\u00a9 \u00d7\u00a2\u00d7\u2018\u00d7\u2022\u00d7\u201c\u00d7\u00aa \u00d7\u00a1\u00d7\u02dc\u00d7\u2022\u00d7\u201c\u00d7\u00a0\u00d7\u02dc\u00d7\u2122\u00d7\u009d &hellip; <a href=\"https:\/\/www.hahem.co.il\/trueandshocking\/?page_id=741\" class=\"more-link\">\u05dc\u05d4\u05de\u05e9\u05d9\u05da \u05dc\u05e7\u05e8\u05d5\u05d0 <span class=\"screen-reader-text\">\u00d7\u00a4\u00d7\u00a8\u00d7\u2022\u00d7\u2122\u00d7\u00a7\u00d7\u02dc: \u00d7\u00a2\u00d7\u2018\u00d7\u2022\u00d7\u201c\u00d7\u201d<\/span> <span class=\"meta-nav\">&larr;<\/span><\/a><\/p>\n","protected":false},"author":2,"featured_media":0,"parent":0,"menu_order":0,"comment_status":"open","ping_status":"open","template":"","meta":{"footnotes":""},"class_list":["post-741","page","type-page","status-publish","hentry"],"_links":{"self":[{"href":"https:\/\/www.hahem.co.il\/trueandshocking\/index.php?rest_route=\/wp\/v2\/pages\/741","targetHints":{"allow":["GET"]}}],"collection":[{"href":"https:\/\/www.hahem.co.il\/trueandshocking\/index.php?rest_route=\/wp\/v2\/pages"}],"about":[{"href":"https:\/\/www.hahem.co.il\/trueandshocking\/index.php?rest_route=\/wp\/v2\/types\/page"}],"author":[{"embeddable":true,"href":"https:\/\/www.hahem.co.il\/trueandshocking\/index.php?rest_route=\/wp\/v2\/users\/2"}],"replies":[{"embeddable":true,"href":"https:\/\/www.hahem.co.il\/trueandshocking\/index.php?rest_route=%2Fwp%2Fv2%2Fcomments&post=741"}],"version-history":[{"count":0,"href":"https:\/\/www.hahem.co.il\/trueandshocking\/index.php?rest_route=\/wp\/v2\/pages\/741\/revisions"}],"wp:attachment":[{"href":"https:\/\/www.hahem.co.il\/trueandshocking\/index.php?rest_route=%2Fwp%2Fv2%2Fmedia&parent=741"}],"curies":[{"name":"wp","href":"https:\/\/api.w.org\/{rel}","templated":true}]}}