
{"id":1571,"date":"2011-09-11T14:01:12","date_gmt":"2011-09-11T11:01:12","guid":{"rendered":"http:\/\/www.hahem.co.il\/trueandshocking\/?page_id=1571"},"modified":"2014-09-16T10:24:28","modified_gmt":"2014-09-16T07:24:28","slug":"12-%d7%93%d7%a7%d7%95%d7%aa","status":"publish","type":"page","link":"https:\/\/www.hahem.co.il\/trueandshocking\/?page_id=1571","title":{"rendered":"12 \u00d7\u201c\u00d7\u00a7\u00d7\u2022\u00d7\u00aa"},"content":{"rendered":"<p><a href=\"http:\/\/www.12dakot.com\" target=\"_blank\">12 \u00d7\u201c\u00d7\u00a7\u00d7\u2022\u00d7\u00aa<\/a> \u00d7\u201d\u00d7\u2122\u00d7\u0090 \u00d7\u00a1\u00d7\u201c\u00d7\u00a8\u00d7\u00aa \u00d7\u00a2\u00d7\u00a8\u00d7\u2018\u00d7\u2122\u00d7\u009d \u00d7\u00a9\u00d7\u0153 \u00d7\u201d\u00d7\u00a8\u00d7\u00a6\u00d7\u0090\u00d7\u2022\u00d7\u00aa \u00d7\u00a7\u00d7\u00a6\u00d7\u00a8\u00d7\u2022\u00d7\u00aa. \u00d7\u2018\u00d7\u203a\u00d7\u0153 \u00d7\u00a2\u00d7\u00a8\u00d7\u2018 \u00d7\u017e\u00d7\u00a9\u00d7\u00aa\u00d7\u00aa\u00d7\u00a4\u00d7\u2122\u00d7\u009d 6 \u00d7\u017e\u00d7\u00a8\u00d7\u00a6\u00d7\u2122\u00d7\u009d \u00d7\u00a9\u00d7\u2018\u00d7\u0090\u00d7\u2122\u00d7\u009d \u00d7\u017e\u00d7\u00aa\u00d7\u2014\u00d7\u2022\u00d7\u017e\u00d7\u2122\u00d7\u009d \u00d7\u00a9\u00d7\u2022\u00d7\u00a0\u00d7\u2122\u00d7\u009d \u00d7\u00a9\u00d7\u0153 \u00d7\u201d\u00d7\u00aa\u00d7\u00a8\u00d7\u2018\u00d7\u2022\u00d7\u00aa. \u00d7\u0153\u00d7\u203a\u00d7\u0153 \u00d7\u0090\u00d7\u2014\u00d7\u00aa \u00d7\u2022\u00d7\u0090\u00d7\u2014\u00d7\u201c \u00d7\u2122\u00d7\u00a9 12 \u00d7\u201c\u00d7\u00a7\u00d7\u2022\u00d7\u00aa \u00d7\u0153\u00d7\u201d\u00d7\u00a6\u00d7\u2122\u00d7\u2019 \u00d7\u02dc\u00d7\u2122\u00d7\u00a2\u00d7\u2022\u00d7\u0178, \u00d7\u00aa\u00d7\u00a9\u00d7\u2022\u00d7\u00a7\u00d7\u201d, \u00d7\u017e\u00d7\u2014\u00d7\u00a9\u00d7\u2018\u00d7\u201d, \u00d7\u2122\u00d7\u201c\u00d7\u2122\u00d7\u00a2\u00d7\u201d \u00d7\u0090\u00d7\u2022 \u00d7\u203a\u00d7\u0153 \u00d7\u00a0\u00d7\u2022\u00d7\u00a9\u00d7\u0090 \u00d7\u00a9\u00d7\u00a7\u00d7\u00a8\u00d7\u2022\u00d7\u2018 \u00d7\u0153\u00d7\u0153\u00d7\u2122\u00d7\u2018\u00d7\u2022 &#8211; \u00d7\u2018\u00d7\u00a6\u00d7\u2022\u00d7\u00a8\u00d7\u201d \u00d7\u2018\u00d7\u00a8\u00d7\u2022\u00d7\u00a8\u00d7\u201d, \u00d7\u017e\u00d7\u017e\u00d7\u00a6\u00d7\u201d \u00d7\u2022\u00d7\u2018\u00d7\u201d\u00d7\u2122\u00d7\u00a8\u00d7\u201d. \u00d7\u2013\u00d7\u017e\u00d7\u0178 \u00d7\u017e\u00d7\u201c\u00d7\u2022\u00d7\u201c \u00d7\u00a9\u00d7\u2018\u00d7\u2022 \u00d7\u203a\u00d7\u0153 \u00d7\u201c\u00d7\u2022\u00d7\u2018\u00d7\u00a8 \u00d7\u017e\u00d7\u00a0\u00d7\u00a1\u00d7\u201d \u00d7\u0153\u00d7\u201d\u00d7\u00a6\u00d7\u2018\u00d7\u2122\u00d7\u00a2 \u00d7\u00a2\u00d7\u0153 \u00d7\u00a7\u00d7\u00a9\u00d7\u00a8 \u00d7\u00a1\u00d7\u017e\u00d7\u2022\u00d7\u2122 \u00d7\u2018\u00d7\u2122\u00d7\u0178 \u00d7\u201c\u00d7\u2018\u00d7\u00a8\u00d7\u2122\u00d7\u009d, \u00d7\u0153\u00d7\u201d\u00d7\u00a4\u00d7\u00a0\u00d7\u2022\u00d7\u00aa \u00d7\u2013\u00d7\u00a8\u00d7\u00a7\u00d7\u2022\u00d7\u00a8 \u00d7\u0153\u00d7\u201c\u00d7\u2018\u00d7\u00a8 \u00d7\u00a9\u00d7\u201d\u00d7\u2122\u00d7\u201d \u00d7\u2014\u00d7\u00a9\u00d7\u2022\u00d7\u0161 \u00d7\u00a2\u00d7\u201c \u00d7\u203a\u00d7\u201d \u00d7\u0090\u00d7\u2022 \u00d7\u0153\u00d7\u017e\u00d7\u00a4\u00d7\u2022\u00d7\u00aa \u00d7\u017e\u00d7\u2014\u00d7\u201c\u00d7\u00a9 \u00d7\u017e\u00d7\u00a8\u00d7\u2014\u00d7\u2018\u00d7\u2122\u00d7\u009d \u00d7\u00a9\u00d7\u00a8\u00d7\u00a7 \u00d7\u2014\u00d7\u00a9\u00d7\u2018\u00d7\u00a0\u00d7\u2022 \u00d7\u00a9\u00d7\u0090\u00d7\u00a0\u00d7\u2014\u00d7\u00a0\u00d7\u2022 \u00d7\u017e\u00d7\u203a\u00d7\u2122\u00d7\u00a8\u00d7\u2122\u00d7\u009d. \u00d7\u201d\u00d7\u201d\u00d7\u00a8\u00d7\u00a6\u00d7\u0090\u00d7\u2022\u00d7\u00aa, \u00d7\u00a9\u00d7\u017e\u00d7\u2022\u00d7\u00a7\u00d7\u0153\u00d7\u02dc\u00d7\u2022\u00d7\u00aa \u00d7\u2022\u00d7\u017e\u00d7\u00a6\u00d7\u2022\u00d7\u0153\u00d7\u017e\u00d7\u2022\u00d7\u00aa, \u00d7\u017e\u00d7\u2022\u00d7\u00a2\u00d7\u0153\u00d7\u2022\u00d7\u00aa \u00d7\u2018\u00d7\u00a1\u00d7\u2022\u00d7\u00a3 \u00d7\u203a\u00d7\u0153 \u00d7\u0090\u00d7\u2122\u00d7\u00a8\u00d7\u2022\u00d7\u00a2 \u00d7\u0153\u00d7\u0090\u00d7\u2122\u00d7\u00a0\u00d7\u02dc\u00d7\u00a8\u00d7\u00a0\u00d7\u02dc. <\/p>\n<p>\u00d7\u201d\u00d7\u00a4\u00d7\u2022\u00d7\u00a8\u00d7\u017e\u00d7\u02dc \u00d7\u017e\u00d7\u2018\u00d7\u2022\u00d7\u00a1\u00d7\u00a1 \u00d7\u00a2\u00d7\u0153 \u00d7\u201d\u00d7\u00a8\u00d7\u00a2\u00d7\u2122\u00d7\u2022\u00d7\u0178 \u00d7\u00a9\u00d7\u2122\u00d7\u201c\u00d7\u00a2 \u00d7\u00a6\u00d7\u00a8\u00d7\u2122\u00d7\u0161 \u00d7\u2022\u00d7\u2122\u00d7\u203a\u00d7\u2022\u00d7\u0153 \u00d7\u0153\u00d7\u201d\u00d7\u2122\u00d7\u2022\u00d7\u00aa \u00d7\u00a0\u00d7\u2019\u00d7\u2122\u00d7\u00a9, \u00d7\u017e\u00d7\u2019\u00d7\u00a8\u00d7\u201d \u00d7\u2022\u00d7\u017e\u00d7\u00a2\u00d7\u2022\u00d7\u00a8\u00d7\u00a8. \u00d7\u2022\u00d7\u00a2\u00d7\u0153 \u00d7\u201d\u00d7\u0090\u00d7\u017e\u00d7\u2022\u00d7\u00a0\u00d7\u201d \u00d7\u017e\u00d7\u0090\u00d7\u2014\u00d7\u2022\u00d7\u00a8\u00d7\u2122 \u00d7\u201d\u00d7\u2122\u00d7\u201c\u00d7\u00a2 \u00d7\u00aa\u00d7\u017e\u00d7\u2122\u00d7\u201c \u00d7\u017e\u00d7\u00a1\u00d7\u00aa\u00d7\u00aa\u00d7\u00a8\u00d7\u00aa \u00d7\u0090\u00d7\u00a4\u00d7\u00a9\u00d7\u00a8\u00d7\u2022\u00d7\u00aa \u00d7\u0090\u00d7\u2014\u00d7\u00a8\u00d7\u00aa &#8211; \u00d7\u0153\u00d7\u2014\u00d7\u00a9\u00d7\u2022\u00d7\u2018, \u00d7\u0153\u00d7\u201d\u00d7\u2018\u00d7\u2122\u00d7\u0178 \u00d7\u2022\u00d7\u0153\u00d7\u201d\u00d7\u00aa\u00d7\u2018\u00d7\u2022\u00d7\u00a0\u00d7\u0178 \u00d7\u00a2\u00d7\u0153 \u00d7\u201d\u00d7\u2014\u00d7\u2122\u00d7\u2122\u00d7\u009d. \u00d7\u0090\u00d7\u2022\u00d7\u0153\u00d7\u2122 \u00d7\u0090\u00d7\u00a4\u00d7\u2122\u00d7\u0153\u00d7\u2022 \u00d7\u0153\u00d7\u2014\u00d7\u2122\u00d7\u2022\u00d7\u00aa. \u00d7\u017e\u00d7\u201d \u00d7\u0090\u00d7\u00a0\u00d7\u2014\u00d7\u00a0\u00d7\u2022 \u00d7\u00a8\u00d7\u2022\u00d7\u00a6\u00d7\u2122\u00d7\u009d? \u00d7\u0153\u00d7\u2122\u00d7\u2122\u00d7\u00a6\u00d7\u00a8 \u00d7\u017e\u00d7\u00a7\u00d7\u2022\u00d7\u009d \u00d7\u00a0\u00d7\u2019\u00d7\u2122\u00d7\u00a9 \u00d7\u2022\u00d7\u0090\u00d7\u00a4\u00d7\u00a9\u00d7\u00a8\u00d7\u2122 \u00d7\u0153\u00d7\u00aa\u00d7\u00a8\u00d7\u2018\u00d7\u2022\u00d7\u00aa, \u00d7\u0153\u00d7\u00aa\u00d7\u00a9\u00d7\u2022\u00d7\u00a7\u00d7\u2022\u00d7\u00aa, \u00d7\u0153\u00d7\u00a8\u00d7\u00a2\u00d7\u2122\u00d7\u2022\u00d7\u00a0\u00d7\u2022\u00d7\u00aa \u00d7\u2022\u00d7\u0153\u00d7\u203a\u00d7\u0153 \u00d7\u017e\u00d7\u201d \u00d7\u00a9\u00d7\u017e\u00d7\u00a0\u00d7\u2122\u00d7\u00a2 \u00d7\u0090\u00d7\u00a0\u00d7\u00a9\u00d7\u2122\u00d7\u009d. \u00d7\u2022\u00d7\u0090\u00d7\u009d \u00d7\u00a0\u00d7\u00aa\u00d7\u00a4\u00d7\u00a8\u00d7\u00a2 \u00d7\u0090\u00d7\u2013 \u00d7\u00a4\u00d7\u00a8\u00d7\u2022\u00d7\u2122\u00d7\u00a7\u00d7\u02dc \u00d7\u00a9\u00d7\u2122\u00d7\u00a6\u00d7\u0153\u00d7\u2122\u00d7\u2014 \u00d7\u0153\u00d7\u203a\u00d7\u00a0\u00d7\u00a1 \u00d7\u0090\u00d7\u00aa \u00d7\u00a8\u00d7\u2022\u00d7\u2018 \u00d7\u201d\u00d7\u00a7\u00d7\u2022\u00d7\u0153\u00d7\u2022\u00d7\u00aa \u00d7\u201d\u00d7\u017e\u00d7\u00a2\u00d7\u00a0\u00d7\u2122\u00d7\u2122\u00d7\u00a0\u00d7\u2122\u00d7\u009d \u00d7\u2022\u00d7\u201d\u00d7\u017e\u00d7\u00a1\u00d7\u00a7\u00d7\u00a8\u00d7\u00a0\u00d7\u2122\u00d7\u009d \u00d7\u00a9\u00d7\u2122\u00d7\u00a9 \u00d7\u0153\u00d7\u00aa\u00d7\u00a8\u00d7\u2018\u00d7\u2022\u00d7\u00aa \u00d7\u00a9\u00d7\u0153\u00d7\u00a0\u00d7\u2022 \u00d7\u0153\u00d7\u201d\u00d7\u00a6\u00d7\u2122\u00d7\u00a2.\u00c2\u00a0 <\/span><\/p>\n<h3 class=\"MsoNormal\" dir=\"RTL\" style=\"line-height: 150%;\">\u00d7\u00a2\u00d7\u00a8\u00d7\u2018 4<\/h3>\n<p align=\"right\">\u00d7\u2122\u00d7\u2022\u00d7\u009d \u00d7\u00a9\u00d7\u00a0\u00d7\u2122, 26.12, \u00d7\u00a9\u00d7\u00a2\u00d7\u201d 20:00, \u00d7\u0153\u00d7\u2018\u00d7\u2022\u00d7\u00a0\u00d7\u02dc\u00d7\u2122\u00d7\u0178 7 \u00d7\u2018\u00d7\u00aa\u00d7\u0153 \u00d7\u0090\u00d7\u2018\u00d7\u2122\u00d7\u2018. \u00d7\u201c\u00d7\u017e\u00d7\u2122 \u00d7\u203a\u00d7\u00a0\u00d7\u2122\u00d7\u00a1\u00d7\u201d: 20 \u00d7\u00a9\u00d7\u00a7\u00d7\u0153\u00d7\u2122\u00d7\u009d<\/p>\n<div align=\"right\">\n<ul>\n<li><a href=\"http:\/\/www.hahem.co.il\/trueandshocking\/?p=1822\">\u00d7\u00a2\u00d7\u00a4\u00d7\u00a8\u00d7\u201d \u00d7\u00a8\u00d7\u2122\u00d7\u2013\u00d7\u00a0\u00d7\u00a4\u00d7\u0153\u00d7\u201c &#8211; \u00d7\u00a4\u00d7\u2022\u00d7\u0153\u00d7\u2122\u00d7\u0178? \u00d7\u017e\u00d7\u201d \u00d7\u0090\u00d7\u00aa \u00d7\u017e\u00d7\u2014\u00d7\u00a4\u00d7\u00a9\u00d7\u00aa \u00d7\u2018\u00d7\u00a4\u00d7\u2022\u00d7\u0153\u00d7\u2122\u00d7\u0178?<\/a><\/li>\n<li><a href=\"http:\/\/www.hahem.co.il\/trueandshocking\/?p=1807\">\u00d7\u2122\u00d7\u201d\u00d7\u2022\u00d7\u00a0\u00d7\u00aa\u00d7\u0178 \u00d7\u00a7\u00d7\u0153\u00d7\u2122\u00d7\u00a0\u00d7\u2019\u00d7\u00a8 &#8211; \u00d7\u017e\u00d7\u2122 \u00d7\u2019\u00d7\u00a0\u00d7\u2018 \u00d7\u0090\u00d7\u00aa \u00d7\u201d\u00d7\u2013\u00d7\u201d\u00d7\u2022\u00d7\u00aa \u00d7\u00a9\u00d7\u0153\u00d7\u0161?<\/a><\/li>\n<li><a href=\"http:\/\/www.hahem.co.il\/trueandshocking\/?p=1827\">\u00d7\u00a9\u00d7\u00a8\u00d7\u2122\u00d7\u00aa \u00d7\u2018\u00d7\u0178 \u00d7\u00a9\u00d7\u017e\u00d7\u2014\u00d7\u2022\u00d7\u0178 &#8211; \u00d7\u2019\u00d7\u2018\u00d7\u2022\u00d7\u0153\u00d7\u2022\u00d7\u00aa \u00d7\u201d\u00d7\u201d\u00d7\u00a4\u00d7\u00a8\u00d7\u02dc\u00d7\u201d: \u00d7\u017e\u00d7\u2122\u00d7\u00a7\u00d7\u2022\u00d7\u00a8 \u00d7\u2014\u00d7\u2022\u00d7\u00a5 \u00d7\u00a9\u00d7\u0153 \u00d7\u017e\u00d7\u201c\u00d7\u2122\u00d7\u00a0\u00d7\u2122\u00d7\u2022\u00d7\u00aa<\/a><\/li>\n<li><a href=\"http:\/\/www.hahem.co.il\/trueandshocking\/?p=1798\">\u00d7\u00a0\u00d7\u2022\u00d7\u00a2\u00d7\u201d \u00d7\u017e\u00d7\u00a0\u00d7\u201d\u00d7\u2122\u00d7\u2122\u00d7\u009d &#8211; \u00d7\u0153\u00d7\u00a2\u00d7\u00a8\u00d7\u2022\u00d7\u0161 \u00d7\u0153\u00d7\u201d\u00d7\u00aa\u00d7\u00a4\u00d7\u0153\u00d7\u0153 \u00d7\u0153\u00d7\u0090\u00d7\u201d\u00d7\u2022\u00d7\u2018: \u00d7\u00a2\u00d7\u0153 \u00d7\u00a2\u00d7\u00a8\u00d7\u2122\u00d7\u203a\u00d7\u201d, \u00d7\u0090\u00d7\u017e\u00d7\u2022\u00d7\u00a0\u00d7\u201d \u00d7\u2022\u00d7\u00aa\u00d7\u00a9\u00d7\u2022\u00d7\u00a7\u00d7\u201d<\/a><\/li>\n<li><a href=\"http:\/\/www.hahem.co.il\/trueandshocking\/?p=1830\">\u00d7\u00a9\u00d7\u2122 \u00d7\u00a4\u00d7\u2022\u00d7\u00a7\u00d7\u00a1 &#8211; \u00d7\u0090\u00d7\u2013 \u00d7\u2122\u00d7\u00a9 \u00d7\u0153\u00d7\u2014\u00d7\u00a6\u00d7\u0178 \u00d7\u0090\u00d7\u2122\u00d7\u00a4\u00d7\u2022\u00d7\u00a1 \u00d7\u2018\u00d7\u00a9\u00d7\u00a2\u00d7\u2022\u00d7\u0178 \u00d7\u201d\u00d7\u201d\u00d7\u2013\u00d7\u00a7\u00d7\u00a0\u00d7\u2022\u00d7\u00aa \u00d7\u201d\u00d7\u2013\u00d7\u201d? \u00d7\u00a9\u00d7\u2122\u00d7\u00a2\u00d7\u2022\u00d7\u00a8\u00d7\u2122\u00d7\u009d \u00d7\u2014\u00d7\u201c\u00d7\u00a9\u00d7\u2122\u00d7\u009d \u00d7\u017e\u00d7\u00aa\u00d7\u2022\u00d7\u0153\u00d7\u00a2\u00d7\u2122\u00d7\u009d \u00d7\u2022\u00d7\u00a9\u00d7\u017e\u00d7\u00a8\u00d7\u2122\u00d7\u009d \u00d7\u00a2\u00d7\u0153 \u00d7\u201d\u00d7\u201c\u00d7\u00a8\u00d7\u0161 (\u00d7\u201d\u00d7\u0090\u00d7\u00a8\u00d7\u2022\u00d7\u203a\u00d7\u201d) \u00d7\u0153\u00d7\u017e\u00d7\u00a2\u00d7\u2122\u00d7\u2122\u00d7\u0178 \u00d7\u201d\u00d7\u00a0\u00d7\u00a2\u00d7\u2022\u00d7\u00a8\u00d7\u2122\u00d7\u009d<\/a><\/li>\n<li><a href=\"http:\/\/www.hahem.co.il\/trueandshocking\/?p=1837\">\u00d7\u0090\u00d7\u00a8\u00d7\u00a0\u00d7\u201d \u00d7\u00a7\u00d7\u2013\u00d7\u2122\u00d7\u0178 &#8211; \u00d7\u201c\u00d7\u00a8\u00d7\u2022\u00d7\u00a9\u00d7\u201d \u00d7\u2019\u00d7\u2018\u00d7\u00a8: \u00d7\u017e\u00d7\u2014\u00d7\u00a9\u00d7\u2018\u00d7\u2022\u00d7\u00aa \u00d7\u00a2\u00d7\u0153 \u00d7\u2019\u00d7\u2018\u00d7\u00a8\u00d7\u2122\u00d7\u2022\u00d7\u00aa \u00d7\u2018\u00d7\u017e\u00d7\u00a9\u00d7\u00a4\u00d7\u2014\u00d7\u201d \u00d7\u00a9\u00d7\u0153 \u00d7\u00a0\u00d7\u00a9\u00d7\u2122\u00d7\u009d<\/a><\/li>\n<\/ul>\n<\/div>\n<p>&nbsp;<\/p>\n<h3 class=\"MsoNormal\" dir=\"RTL\" style=\"line-height: 150%;\">\u00d7\u00a2\u00d7\u00a8\u00d7\u2018 3<\/h3>\n<p align=\"right\">\u00d7\u2122\u00d7\u2022\u00d7\u009d \u00d7\u00a8\u00d7\u0090\u00d7\u00a9\u00d7\u2022\u00d7\u0178, 2.10, \u00d7\u00a9\u00d7\u00a2\u00d7\u201d 20:00, \u00d7\u0153\u00d7\u2018\u00d7\u2022\u00d7\u00a0\u00d7\u02dc\u00d7\u2122\u00d7\u0178 7 \u00d7\u2018\u00d7\u00aa\u00d7\u0153 \u00d7\u0090\u00d7\u2018\u00d7\u2122\u00d7\u2018. \u00d7\u201c\u00d7\u017e\u00d7\u2122 \u00d7\u203a\u00d7\u00a0\u00d7\u2122\u00d7\u00a1\u00d7\u201d: 20 \u00d7\u00a9\u00d7\u00a7\u00d7\u0153\u00d7\u2122\u00d7\u009d<\/p>\n<div align=\"right\">\n<ul>\n<li><a href=\"http:\/\/www.hahem.co.il\/trueandshocking\/?p=1701\">\u00d7\u00a2\u00d7\u201c\u00d7\u2122 \u00d7\u00a1\u00d7\u2018\u00d7\u00a8\u00d7\u0178 &#8211; \u00d7\u017e\u00d7\u00aa\u00d7\u2014\u00d7\u00aa \u00d7\u0153\u00d7\u00a2\u00d7\u2022\u00d7\u00a8: \u00d7\u00a2\u00d7\u0153 '\u00d7\u02dc\u00d7\u0090\u00d7\u2018\u00d7\u2022\u00d7\u0153\u00d7\u201d \u00d7\u00a8\u00d7\u0090\u00d7\u00a1\u00d7\u201d', \u00d7\u2018\u00d7\u0153\u00d7\u2022\u00d7\u2019 \u00d7\u00aa\u00d7\u2122\u00d7\u00a2\u00d7\u2022\u00d7\u201c \u00d7\u00a7\u00d7\u00a2\u00d7\u00a7\u00d7\u2022\u00d7\u00a2\u00d7\u2122\u00d7\u009d<\/a><\/li>\n<li><a href=\"http:\/\/www.hahem.co.il\/trueandshocking\/?p=1706\">\u00d7\u2018\u00d7\u00a8\u00d7\u00a7 \u00d7\u2019\u00d7\u2013\u00d7\u2122\u00d7\u00aa \u00e2\u20ac\u201c \u00d7\u2013\u00d7\u2022 \u00d7\u0153\u00d7\u0090 \u00d7\u2014\u00d7\u2022\u00d7\u0153\u00d7\u2022\u00d7\u0178: \u00d7\u00a2\u00d7\u0153 \u00d7\u00a4\u00d7\u00a2\u00d7\u00a8\u00d7\u2122\u00d7\u009d \u00d7\u2018\u00d7\u00aa\u00d7\u00a8\u00d7\u2018\u00d7\u2022\u00d7\u00aa<\/a><\/li>\n<li><a href=\"http:\/\/www.hahem.co.il\/trueandshocking\/?p=1711\">\u00d7\u00aa\u00d7\u017e\u00d7\u00a8 \u00d7\u2018\u00d7\u0178 \u00d7\u2122\u00d7\u2022\u00d7\u00a1\u00d7\u00a3 &#8211; \u00d7\u0153\u00d7\u2014\u00d7\u2122\u00d7\u2022\u00d7\u00aa \u00d7\u00a2\u00d7\u009d \u00d7\u017e\u00d7\u00a4\u00d7\u0153\u00d7\u00a6\u00d7\u2022\u00d7\u00aa \u00d7\u2018\u00d7\u203a\u00d7\u0153\u00d7\u203a\u00d7\u0153\u00d7\u201d<\/a><\/li>\n<li><a href=\"http:\/\/www.hahem.co.il\/trueandshocking\/?p=1765\">\u00d7\u02dc\u00d7\u0153 \u00d7\u00aa\u00d7\u017e\u00d7\u2122\u00d7\u00a8 \u00e2\u20ac\u201c \u00d7\u00a0\u00d7\u00a9\u00d7\u2122\u00d7\u009d \u00d7\u0153\u00d7\u2019\u00d7\u2022\u00d7\u00a4\u00d7\u0178: \u00d7\u203a\u00d7\u0161 \u00d7\u0090\u00d7\u00a0\u00d7\u2014\u00d7\u00a0\u00d7\u2022 \u00d7\u2018\u00d7\u2022\u00d7\u00a0\u00d7\u2022\u00d7\u00aa \u00d7\u017e\u00d7\u00a8\u00d7\u203a\u00d7\u2013 \u00d7\u2122\u00d7\u201c\u00d7\u00a2 \u00d7\u00a2\u00d7\u0153 \u00d7\u2018\u00d7\u00a8\u00d7\u2122\u00d7\u0090\u00d7\u2022\u00d7\u00aa \u00d7\u2022\u00d7\u017e\u00d7\u2122\u00d7\u00a0\u00d7\u2122\u00d7\u2022\u00d7\u00aa<\/a><\/li>\n<li><a href=\"http:\/\/www.hahem.co.il\/trueandshocking\/?p=1772\">\u00d7\u0090\u00d7\u0153\u00d7\u203a\u00d7\u00a1 \u00d7\u2018\u00d7\u0178 \u00d7\u0090\u00d7\u00a8\u00d7\u2122 &#8211; \u00d7\u203a\u00d7\u00aa\u00d7\u2122\u00d7\u2018\u00d7\u00aa \u00d7\u00a7\u00d7\u2022\u00d7\u201c \u00d7\u2022\u00d7\u203a\u00d7\u00aa\u00d7\u2122\u00d7\u2018\u00d7\u00aa \u00d7\u00a9\u00d7\u2122\u00d7\u00a8\u00d7\u201d: \u00d7\u00a2\u00d7\u0153 \u00d7\u00a7\u00d7\u00a9\u00d7\u00a8\u00d7\u2122\u00d7\u009d \u00d7\u2018\u00d7\u0153\u00d7\u00aa\u00d7\u2122 \u00d7\u00a6\u00d7\u00a4\u00d7\u2022\u00d7\u2122\u00d7\u2122\u00d7\u009d \u00d7\u2022\u00d7\u00a2\u00d7\u00a0\u00d7\u2122\u00d7\u2122\u00d7\u00a0\u00d7\u2122\u00d7\u009d \u00d7\u00a7\u00d7\u2122\u00d7\u2022\u00d7\u017e\u00d7\u2122\u00d7\u2122\u00d7\u009d<\/a><\/li>\n<li><a href=\"http:\/\/www.hahem.co.il\/trueandshocking\/?p=1788\">\u00d7\u00a0\u00d7\u2022\u00d7\u00a2\u00d7\u201d \u00d7\u00a6\u00d7\u201c\u00d7\u00a7\u00d7\u201d \u00e2\u20ac\u201c \u00d7\u201d\u00d7\u00a1\u00d7\u00aa\u00d7\u2019\u00d7\u00a8\u00d7\u2022\u00d7\u2122\u00d7\u2022\u00d7\u00aa: \u00d7\u2013\u00d7\u2122\u00d7\u203a\u00d7\u00a8\u00d7\u2022\u00d7\u0178 \u00d7\u2014\u00d7\u2122 \u00d7\u00a9\u00d7\u0153 \u00d7\u00a1\u00d7\u2022\u00d7\u2018\u00d7\u2122\u00d7\u2122\u00d7\u00a7\u00d7\u02dc\u00d7\u2122\u00d7\u2018\u00d7\u2122\u00d7\u2022\u00d7\u00aa \u00d7\u0090\u00d7\u00a4\u00d7\u00a9\u00d7\u00a8\u00d7\u2122\u00d7\u00aa<\/a><\/li>\n<\/ul>\n<\/div>\n<h3 class=\"MsoNormal\" dir=\"RTL\" style=\"line-height: 150%;\">\u00d7\u00a2\u00d7\u00a8\u00d7\u2018 2<\/h3>\n<div align=\"right\">\n<ul>\n<li><a href=\"http:\/\/www.hahem.co.il\/trueandshocking\/?p=1441\">\u00d7\u201d\u00d7\u2013\u00d7\u017e\u00d7\u00a0\u00d7\u201d \u00d7\u0153\u00d7\u0090\u00d7\u2122\u00d7\u00a8\u00d7\u2022\u00d7\u00a2<\/a><\/li>\n<li><a href=\"http:\/\/www.hahem.co.il\/trueandshocking\/?p=1578\">\u00d7\u201d\u00d7\u2122\u00d7\u0153\u00d7\u201d \u00d7\u017e\u00d7\u0090\u00d7\u2122\u00d7\u00a8 &#8211; \u00d7\u0153\u00d7\u00a4\u00d7\u00a1\u00d7\u0153 \u00d7\u2018\u00d7\u0090\u00d7\u2022\u00d7\u00a8: \u00d7\u02dc\u00d7\u2018\u00d7\u00a2, \u00d7\u017e\u00d7\u00a8\u00d7\u2014\u00d7\u2018 \u00d7\u2022\u00d7\u00aa\u00d7\u203a\u00d7\u00a0\u00d7\u2022\u00d7\u0178 \u00d7\u00aa\u00d7\u0090\u00d7\u2022\u00d7\u00a8\u00d7\u201d \u00d7\u0090\u00d7\u201c\u00d7\u00a8\u00d7\u2122\u00d7\u203a\u00d7\u0153\u00d7\u2122\n<p><\/a><\/li>\n<li><a href=\"http:\/\/www.hahem.co.il\/trueandshocking\/?p=1595\">\u00d7\u017e\u00d7\u2122\u00d7\u02dc\u00d7\u0153 \u00d7\u00a9\u00d7\u00a8\u00d7\u2022\u00d7\u0178 &#8211; \u00d7\u2019\u00d7\u009d \u00d7\u201d\u00d7\u2122\u00d7\u2022\u00d7\u009d \u00d7\u2122\u00d7\u00a6\u00d7\u0090\u00d7\u00aa \u00d7\u0090\u00d7\u00a9\u00d7\u009d<\/a><\/li>\n<li><a href=\"http:\/\/www.hahem.co.il\/trueandshocking\/?p=1604\">\u00d7\u00a8\u00d7\u2022\u00d7\u00a0\u00d7\u2122 \u00d7\u00a1\u00d7\u2022\u00d7\u017e\u00d7\u00a7 &#8211; \u00d7\u017e\u00d7\u201d \u00d7\u00a7\u00d7\u00a8\u00d7\u201d \u00d7\u0153\u00d7\u00a9\u00d7\u2122\u00d7\u00a8\u00d7\u2122 \u00d7\u201d\u00d7\u2122\u00d7\u00a8\u00d7\u2014 \u00d7\u0090\u00d7\u2014\u00d7\u00a8\u00d7\u2122 \u00d7\u201d\u00d7\u00a0\u00d7\u2014\u00d7\u2122\u00d7\u00aa\u00d7\u201d<\/a><\/li>\n<li><a href=\"http:\/\/www.hahem.co.il\/trueandshocking\/?p=1609\">\u00d7\u00a9\u00d7\u2014\u00d7\u00a8 \u00d7\u0090\u00d7\u2018\u00d7\u0178 \u00d7\u201c\u00d7\u00a8 \u00d7\u017e\u00d7\u00a0\u00d7\u201c\u00d7\u0153 &#8211; \u00d7\u201d\u00d7\u017e\u00d7\u201d\u00d7\u00a4\u00d7\u203a\u00d7\u201d \u00d7\u201d\u00d7\u017e\u00d7\u2022\u00d7\u201c\u00d7\u00a8\u00d7\u00a0\u00d7\u2122\u00d7\u00a1\u00d7\u02dc\u00d7\u2122\u00d7\u00aa \u00d7\u2018\u00d7\u017e\u00d7\u02dc\u00d7\u2018\u00d7\u2014<\/a><\/li>\n<li><a href=\"http:\/\/www.hahem.co.il\/trueandshocking\/?p=1620\">\u00d7\u201c\u00d7\u00a4\u00d7\u00a0\u00d7\u201d \u00d7\u0153\u00d7\u2018 &#8211; \u00d7\u201d\u00d7\u017e\u00d7\u2122\u00d7\u00a0\u00d7\u2122\u00d7\u2022\u00d7\u00aa \u00d7\u201d\u00d7\u017e\u00d7\u00a1\u00d7\u00aa\u00d7\u2022\u00d7\u00a8\u00d7\u2122\u00d7\u00aa \u00d7\u00a9\u00d7\u0153 \u00d7\u201d\u00d7\u0090\u00d7\u2122\u00d7\u00a9\u00d7\u201d<\/a><\/li>\n<li><a href=\"http:\/\/www.hahem.co.il\/trueandshocking\/?p=1625\">\u00d7\u2013\u00d7\u2122\u00d7\u2022 \u00d7\u00a4\u00d7\u2022\u00d7\u2019\u00d7\u02dc\u00d7\u00a9 &#8211; \u00d7\u017e\u00d7\u0090\u00d7\u00a9\u00d7\u2122\u00d7\u00a0\u00d7\u2122\u00d7\u017e\u00d7\u201d \u00d7\u2022\u00d7\u00a2\u00d7\u2022\u00d7\u201c<\/a><\/li>\n<\/ul>\n<\/div>\n<div align=\"right\">\n<h3>\u00d7\u00a2\u00d7\u00a8\u00d7\u2018 1<\/h3>\n<ul>\n<li><a href=\"http:\/\/www.hahem.co.il\/trueandshocking\/?p=1310\">\u00d7\u201d\u00d7\u2013\u00d7\u017e\u00d7\u00a0\u00d7\u201d \u00d7\u0153\u00d7\u0090\u00d7\u2122\u00d7\u00a8\u00d7\u2022\u00d7\u00a2<\/a><\/li>\n<li><a href=\"http:\/\/www.hahem.co.il\/trueandshocking\/?p=1460\">\u00d7\u017e\u00d7\u00a8\u00d7\u2122\u00d7\u00aa \u00d7\u2018\u00d7\u0178 \u00d7\u2122\u00d7\u00a9\u00d7\u00a8\u00d7\u0090\u00d7\u0153 &#8211; \u00d7\u0153\u00d7\u00a4\u00d7\u2022\u00d7\u00a6\u00d7\u00a5 \u00d7\u0090\u00d7\u00aa \u00d7\u2018\u00d7\u2122\u00d7\u00aa \u00d7\u201d\u00d7\u00a1\u00d7\u00a4\u00d7\u00a8?<\/a><\/li>\n<li><a href=\"http:\/\/www.hahem.co.il\/trueandshocking\/?p=1343\">\u00d7\u00a8\u00d7\u2022\u00d7\u00a2\u00d7\u2122 \u00d7\u00a8\u00d7\u2022\u00d7\u2018 &#8211; \u00d7\u0090\u00d7\u00a0\u00d7\u2122 \u00d7\u201d\u00d7\u2022\u00d7\u0090 \u00d7\u2022\u00d7\u201d\u00d7\u009d: \u00d7\u00a7\u00d7\u00a9\u00d7\u00a8, \u00d7\u201d\u00d7\u2122\u00d7\u017e\u00d7\u2022\u00d7\u00a8\u00d7\u2122\u00d7\u009d \u00d7\u2022\u00d7\u00aa\u00d7\u00a7\u00d7\u00a9\u00d7\u2022\u00d7\u00a8\u00d7\u00aa \u00d7\u2014\u00d7\u2013\u00d7\u2022\u00d7\u00aa\u00d7\u2122\u00d7\u00aa<\/a><\/li>\n<li><a href=\"http:\/\/www.hahem.co.il\/trueandshocking\/?p=1454\">\u00d7\u00a7\u00d7\u2022\u00d7\u2018\u00d7\u2122 \u00d7\u00a0\u00d7\u2122\u00d7\u2018 &#8211; \u00d7\u00a2\u00d7\u2018\u00d7\u00a8 \u00d7\u00a9\u00d7\u2014\u00d7\u2022\u00d7\u00a8 \u00d7\u00a2\u00d7\u00aa\u00d7\u2122\u00d7\u201c \u00d7\u2022\u00d7\u00a8\u00d7\u2022\u00d7\u201c<\/a><\/li>\n<li><a href=\"http:\/\/www.hahem.co.il\/trueandshocking\/?p=1447\">\u00d7\u0090\u00d7\u2122\u00d7\u00aa\u00d7\u017e\u00d7\u00a8 \u00d7\u00a9\u00d7\u0090\u00d7\u0153\u00d7\u00aa\u00d7\u2122\u00d7\u0090\u00d7\u0153 &#8211; \u00d7\u201d\u00d7\u2013\u00d7\u203a\u00d7\u2022\u00d7\u00aa \u00d7\u0153\u00d7\u02dc\u00d7\u00a2\u00d7\u2022\u00d7\u00aa<\/a><\/li>\n<\/ul>\n<\/div>\n","protected":false},"excerpt":{"rendered":"<p>12 \u00d7\u201c\u00d7\u00a7\u00d7\u2022\u00d7\u00aa \u00d7\u201d\u00d7\u2122\u00d7\u0090 \u00d7\u00a1\u00d7\u201c\u00d7\u00a8\u00d7\u00aa \u00d7\u00a2\u00d7\u00a8\u00d7\u2018\u00d7\u2122\u00d7\u009d \u00d7\u00a9\u00d7\u0153 \u00d7\u201d\u00d7\u00a8\u00d7\u00a6\u00d7\u0090\u00d7\u2022\u00d7\u00aa \u00d7\u00a7\u00d7\u00a6\u00d7\u00a8\u00d7\u2022\u00d7\u00aa. \u00d7\u2018\u00d7\u203a\u00d7\u0153 \u00d7\u00a2\u00d7\u00a8\u00d7\u2018 \u00d7\u017e\u00d7\u00a9\u00d7\u00aa\u00d7\u00aa\u00d7\u00a4\u00d7\u2122\u00d7\u009d 6 \u00d7\u017e\u00d7\u00a8\u00d7\u00a6\u00d7\u2122\u00d7\u009d \u00d7\u00a9\u00d7\u2018\u00d7\u0090\u00d7\u2122\u00d7\u009d \u00d7\u017e\u00d7\u00aa\u00d7\u2014\u00d7\u2022\u00d7\u017e\u00d7\u2122\u00d7\u009d \u00d7\u00a9\u00d7\u2022\u00d7\u00a0\u00d7\u2122\u00d7\u009d \u00d7\u00a9\u00d7\u0153 \u00d7\u201d\u00d7\u00aa\u00d7\u00a8\u00d7\u2018\u00d7\u2022\u00d7\u00aa. \u00d7\u0153\u00d7\u203a\u00d7\u0153 \u00d7\u0090\u00d7\u2014\u00d7\u00aa \u00d7\u2022\u00d7\u0090\u00d7\u2014\u00d7\u201c \u00d7\u2122\u00d7\u00a9 12 \u00d7\u201c\u00d7\u00a7\u00d7\u2022\u00d7\u00aa \u00d7\u0153\u00d7\u201d\u00d7\u00a6\u00d7\u2122\u00d7\u2019 \u00d7\u02dc\u00d7\u2122\u00d7\u00a2\u00d7\u2022\u00d7\u0178, \u00d7\u00aa\u00d7\u00a9\u00d7\u2022\u00d7\u00a7\u00d7\u201d, \u00d7\u017e\u00d7\u2014\u00d7\u00a9\u00d7\u2018\u00d7\u201d, \u00d7\u2122\u00d7\u201c\u00d7\u2122\u00d7\u00a2\u00d7\u201d \u00d7\u0090\u00d7\u2022 \u00d7\u203a\u00d7\u0153 \u00d7\u00a0\u00d7\u2022\u00d7\u00a9\u00d7\u0090 \u00d7\u00a9\u00d7\u00a7\u00d7\u00a8\u00d7\u2022\u00d7\u2018 \u00d7\u0153\u00d7\u0153\u00d7\u2122\u00d7\u2018\u00d7\u2022 &#8211; \u00d7\u2018\u00d7\u00a6\u00d7\u2022\u00d7\u00a8\u00d7\u201d \u00d7\u2018\u00d7\u00a8\u00d7\u2022\u00d7\u00a8\u00d7\u201d, \u00d7\u017e\u00d7\u017e\u00d7\u00a6\u00d7\u201d \u00d7\u2022\u00d7\u2018\u00d7\u201d\u00d7\u2122\u00d7\u00a8\u00d7\u201d. \u00d7\u2013\u00d7\u017e\u00d7\u0178 \u00d7\u017e\u00d7\u201c\u00d7\u2022\u00d7\u201c \u00d7\u00a9\u00d7\u2018\u00d7\u2022 \u00d7\u203a\u00d7\u0153 \u00d7\u201c\u00d7\u2022\u00d7\u2018\u00d7\u00a8 \u00d7\u017e\u00d7\u00a0\u00d7\u00a1\u00d7\u201d \u00d7\u0153\u00d7\u201d\u00d7\u00a6\u00d7\u2018\u00d7\u2122\u00d7\u00a2 \u00d7\u00a2\u00d7\u0153 \u00d7\u00a7\u00d7\u00a9\u00d7\u00a8 \u00d7\u00a1\u00d7\u017e\u00d7\u2022\u00d7\u2122 \u00d7\u2018\u00d7\u2122\u00d7\u0178 \u00d7\u201c\u00d7\u2018\u00d7\u00a8\u00d7\u2122\u00d7\u009d, \u00d7\u0153\u00d7\u201d\u00d7\u00a4\u00d7\u00a0\u00d7\u2022\u00d7\u00aa \u00d7\u2013\u00d7\u00a8\u00d7\u00a7\u00d7\u2022\u00d7\u00a8 \u00d7\u0153\u00d7\u201c\u00d7\u2018\u00d7\u00a8 \u00d7\u00a9\u00d7\u201d\u00d7\u2122\u00d7\u201d &hellip; <a href=\"https:\/\/www.hahem.co.il\/trueandshocking\/?page_id=1571\" class=\"more-link\">\u05dc\u05d4\u05de\u05e9\u05d9\u05da \u05dc\u05e7\u05e8\u05d5\u05d0 <span class=\"screen-reader-text\">12 \u00d7\u201c\u00d7\u00a7\u00d7\u2022\u00d7\u00aa<\/span> <span class=\"meta-nav\">&larr;<\/span><\/a><\/p>\n","protected":false},"author":3,"featured_media":0,"parent":0,"menu_order":0,"comment_status":"open","ping_status":"open","template":"","meta":{"footnotes":""},"class_list":["post-1571","page","type-page","status-publish","hentry"],"_links":{"self":[{"href":"https:\/\/www.hahem.co.il\/trueandshocking\/index.php?rest_route=\/wp\/v2\/pages\/1571","targetHints":{"allow":["GET"]}}],"collection":[{"href":"https:\/\/www.hahem.co.il\/trueandshocking\/index.php?rest_route=\/wp\/v2\/pages"}],"about":[{"href":"https:\/\/www.hahem.co.il\/trueandshocking\/index.php?rest_route=\/wp\/v2\/types\/page"}],"author":[{"embeddable":true,"href":"https:\/\/www.hahem.co.il\/trueandshocking\/index.php?rest_route=\/wp\/v2\/users\/3"}],"replies":[{"embeddable":true,"href":"https:\/\/www.hahem.co.il\/trueandshocking\/index.php?rest_route=%2Fwp%2Fv2%2Fcomments&post=1571"}],"version-history":[{"count":18,"href":"https:\/\/www.hahem.co.il\/trueandshocking\/index.php?rest_route=\/wp\/v2\/pages\/1571\/revisions"}],"predecessor-version":[{"id":2208,"href":"https:\/\/www.hahem.co.il\/trueandshocking\/index.php?rest_route=\/wp\/v2\/pages\/1571\/revisions\/2208"}],"wp:attachment":[{"href":"https:\/\/www.hahem.co.il\/trueandshocking\/index.php?rest_route=%2Fwp%2Fv2%2Fmedia&parent=1571"}],"curies":[{"name":"wp","href":"https:\/\/api.w.org\/{rel}","templated":true}]}}